{"id":4807,"date":"2024-02-06T00:49:26","date_gmt":"2024-02-05T23:49:26","guid":{"rendered":"https:\/\/albergueacasina.com\/termos-e-condicoes\/"},"modified":"2025-09-01T17:26:50","modified_gmt":"2025-09-01T15:26:50","slug":"termos-e-condicoes","status":"publish","type":"page","link":"https:\/\/albergueacasina.com\/pt-pt\/termos-e-condicoes\/","title":{"rendered":"Termos e Condi\u00e7\u00f5es"},"content":{"rendered":"<p>[et_pb_section fb_built=&#8221;1&#8243; admin_label=&#8221;Header &amp; Contact&#8221; _builder_version=&#8221;4.22.0&#8243; _module_preset=&#8221;default&#8221; collapsed=&#8221;off&#8221; global_colors_info=&#8221;{}&#8221;][et_pb_row _builder_version=&#8221;4.22.0&#8243; _module_preset=&#8221;default&#8221; global_colors_info=&#8221;{}&#8221;][et_pb_column type=&#8221;4_4&#8243; _builder_version=&#8221;4.22.0&#8243; _module_preset=&#8221;default&#8221; global_colors_info=&#8221;{}&#8221;][et_pb_text _builder_version=&#8221;4.24.0&#8243; _dynamic_attributes=&#8221;content&#8221; _module_preset=&#8221;_initial&#8221; header_font=&#8221;Inter|700|||||||&#8221; header_font_size=&#8221;90px&#8221; header_line_height=&#8221;1.1em&#8221; text_orientation=&#8221;center&#8221; header_font_size_tablet=&#8221;40px&#8221; header_font_size_phone=&#8221;24px&#8221; header_font_size_last_edited=&#8221;on|desktop&#8221; global_colors_info=&#8221;{}&#8221;]@ET-DC@eyJkeW5hbWljIjp0cnVlLCJjb250ZW50IjoicG9zdF90aXRsZSIsInNldHRpbmdzIjp7ImJlZm9yZSI6IjxoMT4iLCJhZnRlciI6IjwvaDE+IiwiZW5hYmxlX2h0bWwiOiJvZmYifX0=@[\/et_pb_text][\/et_pb_column][\/et_pb_row][\/et_pb_section][et_pb_section fb_built=&#8221;1&#8243; admin_label=&#8221;FAQ&#8221; _builder_version=&#8221;4.24.0&#8243; _module_preset=&#8221;default&#8221; top_divider_flip=&#8221;horizontal&#8221; collapsed=&#8221;off&#8221; global_colors_info=&#8221;{}&#8221;][et_pb_row custom_padding_last_edited=&#8221;on|phone&#8221; _builder_version=&#8221;4.24.0&#8243; _module_preset=&#8221;default&#8221; use_background_color_gradient=&#8221;on&#8221; background_color_gradient_stops=&#8221;rgba(247,233,210,0.66) 44%|rgba(229,232,240,0) 80%&#8221; custom_margin=&#8221;-305vw|auto||auto|false|false&#8221; custom_margin_tablet=&#8221;-21vw||||false|false&#8221; custom_margin_phone=&#8221;||||false|false&#8221; custom_margin_last_edited=&#8221;off|desktop&#8221; custom_padding=&#8221;0px|80px|0px|80px|true|true&#8221; custom_padding_tablet=&#8221;30px|20px|30px|20px|true|true&#8221; custom_padding_phone=&#8221;20px|0px|20px|0px|true|true&#8221; global_colors_info=&#8221;{}&#8221;][et_pb_column type=&#8221;4_4&#8243; _builder_version=&#8221;4.17.3&#8243; _module_preset=&#8221;default&#8221; global_colors_info=&#8221;{}&#8221;][\/et_pb_column][\/et_pb_row][et_pb_row _builder_version=&#8221;4.24.0&#8243; _module_preset=&#8221;default&#8221; global_colors_info=&#8221;{}&#8221;][et_pb_column type=&#8221;4_4&#8243; _builder_version=&#8221;4.24.0&#8243; _module_preset=&#8221;default&#8221; global_colors_info=&#8221;{}&#8221;][et_pb_text _builder_version=&#8221;4.27.4&#8243; _module_preset=&#8221;default&#8221; hover_enabled=&#8221;0&#8243; global_colors_info=&#8221;{}&#8221; sticky_enabled=&#8221;0&#8243;]<\/p>\n<header class=\"text-center\">\n<header class=\"text-center\">\n<h2 class=\"m-auto\">Termos e Condi\u00e7\u00f5es<\/h2>\n<h4><span class=\"blanc-space ng-binding\"><a href=\"https:\/\/albergueacasina.com\/pt-pt\/\">www.albergueacasina.com<\/a><\/span><\/h4>\n<div dir=\"auto\">El Albergue se reserva el derecho de admisi\u00f3n.<\/div>\n<div dir=\"auto\"><\/div>\n<div dir=\"auto\"><strong>CANCELACI\u00d3N DE LA RESERVA<\/strong><\/div>\n<div dir=\"auto\">Pode cancelar gratuitamente at\u00e9 3 dias antes da data de chegada, mediante uma pequena taxa de 1\u20ac por reserva. En caso contrario, la reserva queda abonada de manera total para el Albergue.<\/div>\n<div dir=\"auto\"><\/div>\n<div dir=\"auto\">EL ALBERGUE SE RESERVA EL DERECHO DE CANCELAR LA RESERVA POR CAUSAS DE FUERZA MAYOR. En este caso, Albergue A casina facilitar\u00e1 una alternativa de alojamiento para estas reservas.<\/div>\n<div dir=\"auto\"><\/div>\n<div dir=\"auto\">Una vez enviada la confirmaci\u00f3n de la reserva con la suma solicitada, ACEPTA todas las condiciones del albergue:<\/div>\n<div dir=\"auto\">Horarios de llegada y cierre del albergue y normas de conducta, higiene y etc.<\/div>\n<div dir=\"auto\"><strong>Si no se respeta se les invitar\u00e1 a abandonar el albergue perdiendo el importe abonado.<\/strong><\/div>\n<div dir=\"auto\"><\/div>\n<div dir=\"auto\"><\/div>\n<div dir=\"auto\"><span>La reserva puede cancelarse hasta tres d\u00edas antes de la fecha de llegada, de lo contrario la cantidad pagada se mantendr\u00e1 completa para el albergue.<\/span><\/div>\n<\/header>\n<div>\n<p>&nbsp;<\/p>\n<\/div>\n<\/header>\n<p>[\/et_pb_text][\/et_pb_column][\/et_pb_row][\/et_pb_section]<\/p>\n","protected":false},"excerpt":{"rendered":"<p>Termos e Condi\u00e7\u00f5es www.albergueacasina.com El Albergue se reserva el derecho de admisi\u00f3n. CANCELACI\u00d3N DE LA RESERVA Pode cancelar gratuitamente at\u00e9 3 dias antes da data de chegada, mediante uma pequena taxa de 1\u20ac por reserva. En caso contrario, la reserva queda abonada de manera total para el Albergue. EL ALBERGUE SE RESERVA EL DERECHO DE [&hellip;]<\/p>\n","protected":false},"author":1,"featured_media":0,"parent":0,"menu_order":0,"comment_status":"closed","ping_status":"closed","template":"","meta":{"_et_pb_use_builder":"on","_et_pb_old_content":"","_et_gb_content_width":"","footnotes":""},"class_list":["post-4807","page","type-page","status-publish","hentry"],"yoast_head":"<!-- This site is optimized with the Yoast SEO plugin v27.1.1 - https:\/\/yoast.com\/product\/yoast-seo-wordpress\/ -->\n<title>Termos e Condi\u00e7\u00f5es - Albergue A Casina, Palas de Rei<\/title>\n<meta name=\"robots\" content=\"index, follow, max-snippet:-1, max-image-preview:large, max-video-preview:-1\" \/>\n<link rel=\"canonical\" href=\"https:\/\/albergueacasina.com\/pt-pt\/termos-e-condicoes\/\" \/>\n<meta property=\"og:locale\" content=\"pt_PT\" \/>\n<meta property=\"og:type\" content=\"article\" \/>\n<meta property=\"og:title\" content=\"Termos e Condi\u00e7\u00f5es - Albergue A Casina, Palas de Rei\" \/>\n<meta property=\"og:description\" content=\"Termos e Condi\u00e7\u00f5es www.albergueacasina.com El Albergue se reserva el derecho de admisi\u00f3n. CANCELACI\u00d3N DE LA RESERVA Pode cancelar gratuitamente at\u00e9 3 dias antes da data de chegada, mediante uma pequena taxa de 1\u20ac por reserva. En caso contrario, la reserva queda abonada de manera total para el Albergue. EL ALBERGUE SE RESERVA EL DERECHO DE [&hellip;]\" \/>\n<meta property=\"og:url\" content=\"https:\/\/albergueacasina.com\/pt-pt\/termos-e-condicoes\/\" \/>\n<meta property=\"og:site_name\" content=\"Albergue A Casina, Palas de Rei\" \/>\n<meta property=\"article:modified_time\" content=\"2025-09-01T15:26:50+00:00\" \/>\n<meta name=\"twitter:card\" content=\"summary_large_image\" \/>\n<meta name=\"twitter:label1\" content=\"Tempo estimado de leitura\" \/>\n\t<meta name=\"twitter:data1\" content=\"2 minutos\" \/>\n<script type=\"application\/ld+json\" class=\"yoast-schema-graph\">{\"@context\":\"https:\/\/schema.org\",\"@graph\":[{\"@type\":\"WebPage\",\"@id\":\"https:\/\/albergueacasina.com\/pt-pt\/termos-e-condicoes\/\",\"url\":\"https:\/\/albergueacasina.com\/pt-pt\/termos-e-condicoes\/\",\"name\":\"Termos e Condi\u00e7\u00f5es - Albergue A Casina, Palas de Rei\",\"isPartOf\":{\"@id\":\"https:\/\/albergueacasina.com\/#website\"},\"datePublished\":\"2024-02-05T23:49:26+00:00\",\"dateModified\":\"2025-09-01T15:26:50+00:00\",\"breadcrumb\":{\"@id\":\"https:\/\/albergueacasina.com\/pt-pt\/termos-e-condicoes\/#breadcrumb\"},\"inLanguage\":\"pt-PT\",\"potentialAction\":[{\"@type\":\"ReadAction\",\"target\":[\"https:\/\/albergueacasina.com\/pt-pt\/termos-e-condicoes\/\"]}]},{\"@type\":\"BreadcrumbList\",\"@id\":\"https:\/\/albergueacasina.com\/pt-pt\/termos-e-condicoes\/#breadcrumb\",\"itemListElement\":[{\"@type\":\"ListItem\",\"position\":1,\"name\":\"Portada\",\"item\":\"https:\/\/albergueacasina.com\/pt-pt\/home\/\"},{\"@type\":\"ListItem\",\"position\":2,\"name\":\"Termos e Condi\u00e7\u00f5es\"}]},{\"@type\":\"WebSite\",\"@id\":\"https:\/\/albergueacasina.com\/#website\",\"url\":\"https:\/\/albergueacasina.com\/\",\"name\":\"Albergue A Casina, Palas de Rei\",\"description\":\"Albergue de peregrinos en Palas de Rei, A Casina Marcello\",\"potentialAction\":[{\"@type\":\"SearchAction\",\"target\":{\"@type\":\"EntryPoint\",\"urlTemplate\":\"https:\/\/albergueacasina.com\/?s={search_term_string}\"},\"query-input\":{\"@type\":\"PropertyValueSpecification\",\"valueRequired\":true,\"valueName\":\"search_term_string\"}}],\"inLanguage\":\"pt-PT\"}]}<\/script>\n<!-- \/ Yoast SEO plugin. -->","yoast_head_json":{"title":"Termos e Condi\u00e7\u00f5es - Albergue A Casina, Palas de Rei","robots":{"index":"index","follow":"follow","max-snippet":"max-snippet:-1","max-image-preview":"max-image-preview:large","max-video-preview":"max-video-preview:-1"},"canonical":"https:\/\/albergueacasina.com\/pt-pt\/termos-e-condicoes\/","og_locale":"pt_PT","og_type":"article","og_title":"Termos e Condi\u00e7\u00f5es - Albergue A Casina, Palas de Rei","og_description":"Termos e Condi\u00e7\u00f5es www.albergueacasina.com El Albergue se reserva el derecho de admisi\u00f3n. CANCELACI\u00d3N DE LA RESERVA Pode cancelar gratuitamente at\u00e9 3 dias antes da data de chegada, mediante uma pequena taxa de 1\u20ac por reserva. En caso contrario, la reserva queda abonada de manera total para el Albergue. EL ALBERGUE SE RESERVA EL DERECHO DE [&hellip;]","og_url":"https:\/\/albergueacasina.com\/pt-pt\/termos-e-condicoes\/","og_site_name":"Albergue A Casina, Palas de Rei","article_modified_time":"2025-09-01T15:26:50+00:00","twitter_card":"summary_large_image","twitter_misc":{"Tempo estimado de leitura":"2 minutos"},"schema":{"@context":"https:\/\/schema.org","@graph":[{"@type":"WebPage","@id":"https:\/\/albergueacasina.com\/pt-pt\/termos-e-condicoes\/","url":"https:\/\/albergueacasina.com\/pt-pt\/termos-e-condicoes\/","name":"Termos e Condi\u00e7\u00f5es - Albergue A Casina, Palas de Rei","isPartOf":{"@id":"https:\/\/albergueacasina.com\/#website"},"datePublished":"2024-02-05T23:49:26+00:00","dateModified":"2025-09-01T15:26:50+00:00","breadcrumb":{"@id":"https:\/\/albergueacasina.com\/pt-pt\/termos-e-condicoes\/#breadcrumb"},"inLanguage":"pt-PT","potentialAction":[{"@type":"ReadAction","target":["https:\/\/albergueacasina.com\/pt-pt\/termos-e-condicoes\/"]}]},{"@type":"BreadcrumbList","@id":"https:\/\/albergueacasina.com\/pt-pt\/termos-e-condicoes\/#breadcrumb","itemListElement":[{"@type":"ListItem","position":1,"name":"Portada","item":"https:\/\/albergueacasina.com\/pt-pt\/home\/"},{"@type":"ListItem","position":2,"name":"Termos e Condi\u00e7\u00f5es"}]},{"@type":"WebSite","@id":"https:\/\/albergueacasina.com\/#website","url":"https:\/\/albergueacasina.com\/","name":"Albergue A Casina, Palas de Rei","description":"Albergue de peregrinos en Palas de Rei, A Casina Marcello","potentialAction":[{"@type":"SearchAction","target":{"@type":"EntryPoint","urlTemplate":"https:\/\/albergueacasina.com\/?s={search_term_string}"},"query-input":{"@type":"PropertyValueSpecification","valueRequired":true,"valueName":"search_term_string"}}],"inLanguage":"pt-PT"}]}},"_links":{"self":[{"href":"https:\/\/albergueacasina.com\/pt-pt\/wp-json\/wp\/v2\/pages\/4807","targetHints":{"allow":["GET"]}}],"collection":[{"href":"https:\/\/albergueacasina.com\/pt-pt\/wp-json\/wp\/v2\/pages"}],"about":[{"href":"https:\/\/albergueacasina.com\/pt-pt\/wp-json\/wp\/v2\/types\/page"}],"author":[{"embeddable":true,"href":"https:\/\/albergueacasina.com\/pt-pt\/wp-json\/wp\/v2\/users\/1"}],"replies":[{"embeddable":true,"href":"https:\/\/albergueacasina.com\/pt-pt\/wp-json\/wp\/v2\/comments?post=4807"}],"version-history":[{"count":1,"href":"https:\/\/albergueacasina.com\/pt-pt\/wp-json\/wp\/v2\/pages\/4807\/revisions"}],"predecessor-version":[{"id":4912,"href":"https:\/\/albergueacasina.com\/pt-pt\/wp-json\/wp\/v2\/pages\/4807\/revisions\/4912"}],"wp:attachment":[{"href":"https:\/\/albergueacasina.com\/pt-pt\/wp-json\/wp\/v2\/media?parent=4807"}],"curies":[{"name":"wp","href":"https:\/\/api.w.org\/{rel}","templated":true}]}}