{"id":4688,"date":"2022-10-29T11:02:19","date_gmt":"2022-10-29T09:02:19","guid":{"rendered":"https:\/\/albergueacasina.com\/domande\/"},"modified":"2022-10-29T11:02:19","modified_gmt":"2022-10-29T09:02:19","slug":"domande","status":"publish","type":"page","link":"https:\/\/albergueacasina.com\/it\/domande\/","title":{"rendered":"Domande"},"content":{"rendered":"<p>[et_pb_section fb_built=&#8221;1&#8243; admin_label=&#8221;Header &amp; Contact&#8221; _builder_version=&#8221;4.22.0&#8243; _module_preset=&#8221;default&#8221; custom_padding=&#8221;10px||3px|||&#8221; locked=&#8221;off&#8221; collapsed=&#8221;on&#8221; global_colors_info=&#8221;{}&#8221;][et_pb_row _builder_version=&#8221;4.22.0&#8243; _module_preset=&#8221;default&#8221; custom_padding=&#8221;15px||3px|||&#8221; locked=&#8221;off&#8221; global_colors_info=&#8221;{}&#8221;][et_pb_column type=&#8221;4_4&#8243; _builder_version=&#8221;4.22.0&#8243; _module_preset=&#8221;default&#8221; global_colors_info=&#8221;{}&#8221;][et_pb_text _builder_version=&#8221;4.24.0&#8243; _dynamic_attributes=&#8221;content&#8221; _module_preset=&#8221;_initial&#8221; header_font=&#8221;Inter|700|||||||&#8221; header_font_size=&#8221;90px&#8221; header_line_height=&#8221;1.1em&#8221; text_orientation=&#8221;center&#8221; custom_margin=&#8221;||-2px|||&#8221; custom_padding=&#8221;||10px||false|false&#8221; custom_padding_tablet=&#8221;||10px||false|false&#8221; custom_padding_phone=&#8221;||10px||false|false&#8221; custom_padding_last_edited=&#8221;on|desktop&#8221; header_font_size_tablet=&#8221;40px&#8221; header_font_size_phone=&#8221;30px&#8221; header_font_size_last_edited=&#8221;on|phone&#8221; global_colors_info=&#8221;{}&#8221;]@ET-DC@eyJkeW5hbWljIjp0cnVlLCJjb250ZW50IjoicG9zdF90aXRsZSIsInNldHRpbmdzIjp7ImJlZm9yZSI6IjxoMT4iLCJhZnRlciI6IjwvaDE+IiwiZW5hYmxlX2h0bWwiOiJvZmYifX0=@[\/et_pb_text][et_pb_divider color=&#8221;#fcb02f&#8221; divider_weight=&#8221;5px&#8221; _builder_version=&#8221;4.24.0&#8243; _module_preset=&#8221;default&#8221; width=&#8221;20%&#8221; module_alignment=&#8221;center&#8221; global_colors_info=&#8221;{}&#8221;][\/et_pb_divider][\/et_pb_column][\/et_pb_row][\/et_pb_section][et_pb_section fb_built=&#8221;1&#8243; admin_label=&#8221;FAQ&#8221; _builder_version=&#8221;4.24.0&#8243; _module_preset=&#8221;default&#8221; top_divider_flip=&#8221;horizontal&#8221; collapsed=&#8221;on&#8221; global_colors_info=&#8221;{}&#8221;][et_pb_row custom_padding_last_edited=&#8221;on|phone&#8221; _builder_version=&#8221;4.24.0&#8243; _module_preset=&#8221;default&#8221; use_background_color_gradient=&#8221;on&#8221; background_color_gradient_stops=&#8221;rgba(247,233,210,0.66) 44%|rgba(229,232,240,0) 80%&#8221; custom_margin=&#8221;-305vw|auto||auto|false|false&#8221; custom_margin_tablet=&#8221;-21vw||||false|false&#8221; custom_margin_phone=&#8221;||||false|false&#8221; custom_margin_last_edited=&#8221;off|desktop&#8221; custom_padding=&#8221;0px|80px|0px|80px|true|true&#8221; custom_padding_tablet=&#8221;30px|20px|30px|20px|true|true&#8221; custom_padding_phone=&#8221;20px|0px|20px|0px|true|true&#8221; global_colors_info=&#8221;{}&#8221;][et_pb_column type=&#8221;4_4&#8243; _builder_version=&#8221;4.17.3&#8243; _module_preset=&#8221;default&#8221; global_colors_info=&#8221;{}&#8221;][\/et_pb_column][\/et_pb_row][et_pb_row _builder_version=&#8221;4.24.0&#8243; _module_preset=&#8221;default&#8221; global_colors_info=&#8221;{}&#8221;][et_pb_column type=&#8221;4_4&#8243; _builder_version=&#8221;4.24.0&#8243; _module_preset=&#8221;default&#8221; global_colors_info=&#8221;{}&#8221;][et_pb_accordion open_toggle_text_color=&#8221;#22434A&#8221; open_toggle_background_color=&#8221;#fcb02f&#8221; closed_toggle_background_color=&#8221;RGBA(255,255,255,0)&#8221; toggle_icon=&#8221;P||divi||400&#8243; icon_color=&#8221;#22434A&#8221; _builder_version=&#8221;4.24.2&#8243; _module_preset=&#8221;default&#8221; toggle_text_color=&#8221;#22434A&#8221; toggle_font=&#8221;Inter|700|||||||&#8221; toggle_font_size=&#8221;22px&#8221; toggle_line_height=&#8221;1.2em&#8221; body_font=&#8221;Inter||||||||&#8221; body_text_color=&#8221;#22434A&#8221; body_font_size=&#8221;18px&#8221; body_line_height=&#8221;1.8em&#8221; custom_margin=&#8221;1px|||||&#8221; toggle_font_size_tablet=&#8221;16px&#8221; toggle_font_size_phone=&#8221;13px&#8221; toggle_font_size_last_edited=&#8221;on|desktop&#8221; body_font_size_tablet=&#8221;16px&#8221; body_font_size_phone=&#8221;14px&#8221; body_font_size_last_edited=&#8221;on|phone&#8221; border_width_all=&#8221;0px&#8221; border_width_bottom=&#8221;1px&#8221; border_color_bottom=&#8221;rgba(46,91,97,0.2)&#8221; locked=&#8221;off&#8221; global_colors_info=&#8221;{}&#8221;][et_pb_accordion_item title=&#8221;L&#8217;ostello \u00e8 esclusivamente per i pellegrini?&#8221; open=&#8221;on&#8221; _builder_version=&#8221;4.24.0&#8243; _module_preset=&#8221;default&#8221; global_colors_info=&#8221;{}&#8221;]<\/p>\n<p>S\u00ec, l&#8217;Ostello A Casina di Marcello \u00e8 riservato ai pellegrini con lo spirito del Cammino di Santiago.<\/p>\n<p><span><strong>Non \u00e8 un ostello per turisti<\/strong>, Per questo ci sono pensioni e alberghi.<\/span><\/p>\n<p>[\/et_pb_accordion_item][et_pb_accordion_item title=&#8221;PROGRAMMI&#8221; _builder_version=&#8221;4.24.0&#8243; _module_preset=&#8221;default&#8221; global_colors_info=&#8221;{}&#8221; open=&#8221;off&#8221;]<\/p>\n<p><strong>CHECK IN <\/strong><\/p>\n<h5>CHECK IN APERTO &#8211; 13:31h (inverno 14:28h)<\/h5>\n<h5>ORA DI ARRIVO FINO ALLE &#8211; 17:29h<\/h5>\n<h5>ORARIO DI CHIUSURA DEL CHECK IN &#8211; 17:29h<\/h5>\n<h5>L&#8217;OSTELLO CHIUDE ALLE 22:01<\/h5>\n<p>Per evitare di rimanere chiusi fuori dall&#8217;ostello, siete pregati di arrivare prima delle 22:01h<\/p>\n<p>&nbsp;<\/p>\n<p><strong>CHECK OUT<\/strong><\/p>\n<h5>ORARIO DI CHECK OUT &#8211; dalle 07:02 alle 08:59<\/h5>\n<p>&nbsp;<\/p>\n<p><strong>ORE DI SILENZIO 22:01h<\/strong><\/p>\n<h5><\/h5>\n<p>Il Casina Hostel \u00e8 un luogo di riposo, se avete intenzione di fare festa, questo NON \u00c8 IL VOSTRO OSTELLO.<\/p>\n<p>&nbsp;<\/p>\n<p>[\/et_pb_accordion_item][et_pb_accordion_item title=&#8221;REGOLE DELL&#8217;OSTELLO&#8221; _builder_version=&#8221;4.24.2&#8243; _module_preset=&#8221;default&#8221; global_colors_info=&#8221;{}&#8221; open=&#8221;off&#8221;]<\/p>\n<p>&#8211; Rispettare gli orari di apertura dell&#8217;ostello per il benessere e il rispetto degli altri pellegrini.<\/p>\n<p>&#8211; Leggi tutte le informazioni<\/p>\n<p>&#8211; NO USO CUCINA, solo microonde e forno.<\/p>\n<p>&#8211; Lasciate le scarpe negli appositi spazi all&#8217;ingresso dell&#8217;ostello.<\/p>\n<p>&nbsp;<\/p>\n<p>[\/et_pb_accordion_item][et_pb_accordion_item title=&#8221;\u00c8 possibile cenare in ostello?&#8221; _builder_version=&#8221;4.24.0&#8243; _module_preset=&#8221;default&#8221; global_colors_info=&#8221;{}&#8221; open=&#8221;off&#8221;]<\/p>\n<p>S\u00ec, la cena comunitaria italiana costa 16 euro a persona (minimo 4 persone).<\/p>\n<p>&#8211; Pasta Rag\u00fa Bolognese (pasta con pesto italiano para vegetarianos)<\/p>\n<p>&#8211; Insalata mista, tonno, uova, mais, ecc&#8230;<\/p>\n<p>&#8211; Vino rosso o bevanda analcolica per i minori e pane locale<\/p>\n<p>&#8211; Dessert sformato con pan di Spagna napoletano<\/p>\n<div dir=\"auto\">Ora di cena 19:51h<\/div>\n<div dir=\"auto\"><\/div>\n<div dir=\"auto\"> L&#8217;ostello non dispone di un servizio di ristorazione, pertanto la cena comune proposta \u00e8 destinata a essere condivisa con altre persone.<\/div>\n<p>[\/et_pb_accordion_item][et_pb_accordion_item title=&#8221;Valigie e zaini&#8221; _builder_version=&#8221;4.24.0&#8243; _module_preset=&#8221;default&#8221; global_colors_info=&#8221;{}&#8221; open=&#8221;off&#8221;]<\/p>\n<p><strong>Non inviare valigie<\/strong>, solo se si hanno problemi fisici o si \u00e8 stranieri.<\/p>\n<p>Non lavoriamo con CORREOS PAQ MOCHILA, ci sono altre aziende.<\/p>\n<p>Non \u00e8 un luogo per turisti, per i quali ci sono pensioni e alberghi. Grazie.<\/p>\n<p>[\/et_pb_accordion_item][et_pb_accordion_item title=&#8221;Qual \u00e8 la vostra capacit\u00e0?&#8221; _builder_version=&#8221;4.24.0&#8243; _module_preset=&#8221;default&#8221; global_colors_info=&#8221;{}&#8221; open=&#8221;off&#8221;]<\/p>\n<p>Abbiamo una capacit\u00e0 di 14 letti.<\/p>\n<p>[\/et_pb_accordion_item][et_pb_accordion_item title=&#8221;Con quanto anticipo posso prenotare?&#8221; _builder_version=&#8221;4.24.0&#8243; _module_preset=&#8221;default&#8221; global_colors_info=&#8221;{}&#8221; open=&#8221;off&#8221;]<\/p>\n<p>Le prenotazioni possono essere effettuate fino a 30 giorni prima.<\/p>\n<p>[\/et_pb_accordion_item][et_pb_accordion_item title=&#8221;\u00c8 possibile prenotare per gruppi o agenzie?&#8221; _builder_version=&#8221;4.24.0&#8243; _module_preset=&#8221;default&#8221; global_colors_info=&#8221;{}&#8221; open=&#8221;off&#8221;]<\/p>\n<p>No, il nostro ostello \u00e8 pensato per i pellegrini con lo spirito del Cammino di Santiago.<\/p>\n<p>[\/et_pb_accordion_item][et_pb_accordion_item title=&#8221;I pellegrini sono accettati senza credenziali?&#8221; _builder_version=&#8221;4.24.0&#8243; _module_preset=&#8221;default&#8221; global_colors_info=&#8221;{}&#8221; open=&#8221;off&#8221;]<\/p>\n<p>No, \u00e8 obbligatorio avere la credenziale del pellegrino.<\/p>\n<p>[\/et_pb_accordion_item][et_pb_accordion_item title=&#8221;La cucina pu\u00f2 essere utilizzata?&#8221; _builder_version=&#8221;4.24.0&#8243; _module_preset=&#8221;default&#8221; global_colors_info=&#8221;{}&#8221; open=&#8221;off&#8221;]<\/p>\n<p>No, la cucina \u00e8 per le cene tipiche italiane. Queste cene sono per un minimo di 4 persone e costano 16 euro a persona.<\/p>\n<p>[\/et_pb_accordion_item][et_pb_accordion_item title=&#8221;Accettate biciclette elettriche?&#8221; _builder_version=&#8221;4.24.0&#8243; _module_preset=&#8221;default&#8221; global_colors_info=&#8221;{}&#8221; open=&#8221;off&#8221;]<\/p>\n<p>No, non disponiamo di caricabatterie per batterie elettriche.<\/p>\n<p>[\/et_pb_accordion_item][et_pb_accordion_item title=&#8221;Gli animali domestici sono ammessi?&#8221; _builder_version=&#8221;4.24.0&#8243; _module_preset=&#8221;default&#8221; global_colors_info=&#8221;{}&#8221; open=&#8221;off&#8221;]<\/p>\n<p>No, non accettiamo animali domestici di alcun tipo all&#8217;Ostello A Casina di Marcello.<\/p>\n<p>[\/et_pb_accordion_item][\/et_pb_accordion][\/et_pb_column][\/et_pb_row][et_pb_row column_structure=&#8221;1_2,1_2&#8243; _builder_version=&#8221;4.17.3&#8243; _module_preset=&#8221;default&#8221; global_colors_info=&#8221;{}&#8221;][et_pb_column type=&#8221;1_2&#8243; _builder_version=&#8221;4.17.3&#8243; _module_preset=&#8221;default&#8221; custom_padding_tablet=&#8221;||30px||false|false&#8221; custom_padding_phone=&#8221;||30px||false|false&#8221; custom_padding_last_edited=&#8221;on|tablet&#8221; global_colors_info=&#8221;{}&#8221;][et_pb_icon font_icon=&#8221;\ue010||divi||400&#8243; icon_color=&#8221;#FFFFFF&#8221; icon_width=&#8221;64px&#8221; _builder_version=&#8221;4.17.1&#8243; _module_preset=&#8221;default&#8221; background_color=&#8221;#2E5B61&#8243; custom_padding=&#8221;30px|30px|30px|30px|true|true&#8221; border_radii=&#8221;on|100px|100px|100px|100px&#8221; global_colors_info=&#8221;{}&#8221;][\/et_pb_icon][et_pb_text _builder_version=&#8221;4.24.0&#8243; _module_preset=&#8221;4827deed-2a92-4d97-a22f-f01067ae6873&#8243; header_font=&#8221;||||||||&#8221; header_4_font=&#8221;Inter|700|||||||&#8221; header_4_text_color=&#8221;#22434A&#8221; header_4_font_size=&#8221;22px&#8221; header_4_line_height=&#8221;1.6em&#8221; text_orientation=&#8221;center&#8221; module_alignment=&#8221;center&#8221; custom_margin=&#8221;||0px||false|false&#8221; header_4_font_size_tablet=&#8221;20px&#8221; header_4_font_size_phone=&#8221;16px&#8221; header_4_font_size_last_edited=&#8221;on|phone&#8221; global_colors_info=&#8221;{}&#8221;]<\/p>\n<h4>Ci sono dubbi?<\/h4>\n<p>[\/et_pb_text][et_pb_text _builder_version=&#8221;4.24.0&#8243; _module_preset=&#8221;1f09816e-184e-4ce5-a4cf-b39c52c423ca&#8221; text_font=&#8221;Inter||||||||&#8221; text_text_color=&#8221;#22434A&#8221; text_font_size=&#8221;18px&#8221; text_line_height=&#8221;1.8em&#8221; link_text_color=&#8221;#000000&#8243; text_orientation=&#8221;center&#8221; module_alignment=&#8221;center&#8221; text_font_size_tablet=&#8221;16px&#8221; text_font_size_phone=&#8221;14px&#8221; text_font_size_last_edited=&#8221;on|tablet&#8221; header_font_size_tablet=&#8221;55px&#8221; header_font_size_last_edited=&#8221;off|desktop&#8221; global_colors_info=&#8221;{}&#8221;]<\/p>\n<p><a href=\"mailto:albergueacasina@gmail.com\">albergueacasina@gmail.com<\/a><\/p>\n<p>[\/et_pb_text][\/et_pb_column][et_pb_column type=&#8221;1_2&#8243; _builder_version=&#8221;4.17.1&#8243; _module_preset=&#8221;default&#8221; global_colors_info=&#8221;{}&#8221;][et_pb_icon font_icon=&#8221;\uf232||fa||400&#8243; icon_color=&#8221;#FFFFFF&#8221; icon_width=&#8221;64px&#8221; _builder_version=&#8221;4.24.0&#8243; _module_preset=&#8221;default&#8221; background_color=&#8221;#2E5B61&#8243; custom_padding=&#8221;30px|30px|30px|30px|true|true&#8221; border_radii=&#8221;on|100px|100px|100px|100px&#8221; locked=&#8221;off&#8221; global_colors_info=&#8221;{}&#8221;][\/et_pb_icon][et_pb_text _builder_version=&#8221;4.24.0&#8243; _module_preset=&#8221;4827deed-2a92-4d97-a22f-f01067ae6873&#8243; header_font=&#8221;||||||||&#8221; header_4_font=&#8221;Inter|700|||||||&#8221; header_4_text_color=&#8221;#22434A&#8221; header_4_font_size=&#8221;22px&#8221; header_4_line_height=&#8221;1.6em&#8221; text_orientation=&#8221;center&#8221; module_alignment=&#8221;center&#8221; custom_margin=&#8221;||0px||false|false&#8221; header_4_font_size_tablet=&#8221;20px&#8221; header_4_font_size_phone=&#8221;16px&#8221; header_4_font_size_last_edited=&#8221;on|phone&#8221; locked=&#8221;off&#8221; global_colors_info=&#8221;{}&#8221;]<\/p>\n<h4>Whatsapp<\/h4>\n<p>[\/et_pb_text][et_pb_text _builder_version=&#8221;4.24.0&#8243; _module_preset=&#8221;1f09816e-184e-4ce5-a4cf-b39c52c423ca&#8221; text_font=&#8221;Inter||||||||&#8221; text_text_color=&#8221;#22434A&#8221; text_font_size=&#8221;18px&#8221; text_line_height=&#8221;1.8em&#8221; link_text_color=&#8221;#000000&#8243; text_orientation=&#8221;center&#8221; module_alignment=&#8221;center&#8221; text_font_size_tablet=&#8221;16px&#8221; text_font_size_phone=&#8221;14px&#8221; text_font_size_last_edited=&#8221;on|tablet&#8221; locked=&#8221;off&#8221; global_colors_info=&#8221;{}&#8221;]<a href=\"https:\/\/api.whatsapp.com\/send\/?phone=34640723903&amp;text=Whatsapp%20Albergue%20A%20Casina\" target=\"_blank\" rel=\"noopener\">(+34) 640 72 39 03<\/a>[\/et_pb_text][\/et_pb_column][\/et_pb_row][\/et_pb_section]<\/p>\n","protected":false},"excerpt":{"rendered":"<p>S\u00ec, l&#8217;Ostello A Casina di Marcello \u00e8 riservato ai pellegrini con lo spirito del Cammino di Santiago. Non \u00e8 un ostello per turisti, Per questo ci sono pensioni e alberghi.CHECK IN CHECK IN APERTO &#8211; 13:31h (inverno 14:28h) ORA DI ARRIVO FINO ALLE &#8211; 17:29h ORARIO DI CHIUSURA DEL CHECK IN &#8211; 17:29h L&#8217;OSTELLO CHIUDE [&hellip;]<\/p>\n","protected":false},"author":1,"featured_media":0,"parent":0,"menu_order":0,"comment_status":"closed","ping_status":"closed","template":"","meta":{"_et_pb_use_builder":"on","_et_pb_old_content":"","_et_gb_content_width":"","footnotes":""},"class_list":["post-4688","page","type-page","status-publish","hentry"],"yoast_head":"<!-- This site is optimized with the Yoast SEO plugin v27.5 - https:\/\/yoast.com\/product\/yoast-seo-wordpress\/ -->\n<title>Domande - Albergue A Casina, Palas de Rei<\/title>\n<meta name=\"robots\" content=\"index, follow, max-snippet:-1, max-image-preview:large, max-video-preview:-1\" \/>\n<link rel=\"canonical\" href=\"https:\/\/albergueacasina.com\/domande\/\" \/>\n<meta property=\"og:locale\" content=\"it_IT\" \/>\n<meta property=\"og:type\" content=\"article\" \/>\n<meta property=\"og:title\" content=\"Domande - Albergue A Casina, Palas de Rei\" \/>\n<meta property=\"og:description\" content=\"S\u00ec, l&#039;Ostello A Casina di Marcello \u00e8 riservato ai pellegrini con lo spirito del Cammino di Santiago. Non \u00e8 un ostello per turisti, Per questo ci sono pensioni e alberghi.CHECK IN CHECK IN APERTO - 13:31h (inverno 14:28h) ORA DI ARRIVO FINO ALLE - 17:29h ORARIO DI CHIUSURA DEL CHECK IN - 17:29h L&#039;OSTELLO CHIUDE [&hellip;]\" \/>\n<meta property=\"og:url\" content=\"https:\/\/albergueacasina.com\/domande\/\" \/>\n<meta property=\"og:site_name\" content=\"Albergue A Casina, Palas de Rei\" \/>\n<meta name=\"twitter:card\" content=\"summary_large_image\" \/>\n<meta name=\"twitter:label1\" content=\"Tempo di lettura stimato\" \/>\n\t<meta name=\"twitter:data1\" content=\"7 minuti\" \/>\n<script type=\"application\/ld+json\" class=\"yoast-schema-graph\">{\"@context\":\"https:\\\/\\\/schema.org\",\"@graph\":[{\"@type\":\"WebPage\",\"@id\":\"https:\\\/\\\/albergueacasina.com\\\/domande\\\/\",\"url\":\"https:\\\/\\\/albergueacasina.com\\\/domande\\\/\",\"name\":\"Domande - Albergue A Casina, Palas de Rei\",\"isPartOf\":{\"@id\":\"https:\\\/\\\/albergueacasina.com\\\/#website\"},\"datePublished\":\"2022-10-29T09:02:19+00:00\",\"breadcrumb\":{\"@id\":\"https:\\\/\\\/albergueacasina.com\\\/domande\\\/#breadcrumb\"},\"inLanguage\":\"it-IT\",\"potentialAction\":[{\"@type\":\"ReadAction\",\"target\":[\"https:\\\/\\\/albergueacasina.com\\\/domande\\\/\"]}]},{\"@type\":\"BreadcrumbList\",\"@id\":\"https:\\\/\\\/albergueacasina.com\\\/domande\\\/#breadcrumb\",\"itemListElement\":[{\"@type\":\"ListItem\",\"position\":1,\"name\":\"Portada\",\"item\":\"https:\\\/\\\/albergueacasina.com\\\/it\\\/casa\\\/\"},{\"@type\":\"ListItem\",\"position\":2,\"name\":\"Domande\"}]},{\"@type\":\"WebSite\",\"@id\":\"https:\\\/\\\/albergueacasina.com\\\/#website\",\"url\":\"https:\\\/\\\/albergueacasina.com\\\/\",\"name\":\"Albergue A Casina, Palas de Rei\",\"description\":\"Albergue de peregrinos en Palas de Rei, A Casina Marcello\",\"potentialAction\":[{\"@type\":\"SearchAction\",\"target\":{\"@type\":\"EntryPoint\",\"urlTemplate\":\"https:\\\/\\\/albergueacasina.com\\\/?s={search_term_string}\"},\"query-input\":{\"@type\":\"PropertyValueSpecification\",\"valueRequired\":true,\"valueName\":\"search_term_string\"}}],\"inLanguage\":\"it-IT\"}]}<\/script>\n<!-- \/ Yoast SEO plugin. -->","yoast_head_json":{"title":"Domande - Albergue A Casina, Palas de Rei","robots":{"index":"index","follow":"follow","max-snippet":"max-snippet:-1","max-image-preview":"max-image-preview:large","max-video-preview":"max-video-preview:-1"},"canonical":"https:\/\/albergueacasina.com\/domande\/","og_locale":"it_IT","og_type":"article","og_title":"Domande - Albergue A Casina, Palas de Rei","og_description":"S\u00ec, l'Ostello A Casina di Marcello \u00e8 riservato ai pellegrini con lo spirito del Cammino di Santiago. Non \u00e8 un ostello per turisti, Per questo ci sono pensioni e alberghi.CHECK IN CHECK IN APERTO - 13:31h (inverno 14:28h) ORA DI ARRIVO FINO ALLE - 17:29h ORARIO DI CHIUSURA DEL CHECK IN - 17:29h L'OSTELLO CHIUDE [&hellip;]","og_url":"https:\/\/albergueacasina.com\/domande\/","og_site_name":"Albergue A Casina, Palas de Rei","twitter_card":"summary_large_image","twitter_misc":{"Tempo di lettura stimato":"7 minuti"},"schema":{"@context":"https:\/\/schema.org","@graph":[{"@type":"WebPage","@id":"https:\/\/albergueacasina.com\/domande\/","url":"https:\/\/albergueacasina.com\/domande\/","name":"Domande - Albergue A Casina, Palas de Rei","isPartOf":{"@id":"https:\/\/albergueacasina.com\/#website"},"datePublished":"2022-10-29T09:02:19+00:00","breadcrumb":{"@id":"https:\/\/albergueacasina.com\/domande\/#breadcrumb"},"inLanguage":"it-IT","potentialAction":[{"@type":"ReadAction","target":["https:\/\/albergueacasina.com\/domande\/"]}]},{"@type":"BreadcrumbList","@id":"https:\/\/albergueacasina.com\/domande\/#breadcrumb","itemListElement":[{"@type":"ListItem","position":1,"name":"Portada","item":"https:\/\/albergueacasina.com\/it\/casa\/"},{"@type":"ListItem","position":2,"name":"Domande"}]},{"@type":"WebSite","@id":"https:\/\/albergueacasina.com\/#website","url":"https:\/\/albergueacasina.com\/","name":"Albergue A Casina, Palas de Rei","description":"Albergue de peregrinos en Palas de Rei, A Casina Marcello","potentialAction":[{"@type":"SearchAction","target":{"@type":"EntryPoint","urlTemplate":"https:\/\/albergueacasina.com\/?s={search_term_string}"},"query-input":{"@type":"PropertyValueSpecification","valueRequired":true,"valueName":"search_term_string"}}],"inLanguage":"it-IT"}]}},"_links":{"self":[{"href":"https:\/\/albergueacasina.com\/it\/wp-json\/wp\/v2\/pages\/4688","targetHints":{"allow":["GET"]}}],"collection":[{"href":"https:\/\/albergueacasina.com\/it\/wp-json\/wp\/v2\/pages"}],"about":[{"href":"https:\/\/albergueacasina.com\/it\/wp-json\/wp\/v2\/types\/page"}],"author":[{"embeddable":true,"href":"https:\/\/albergueacasina.com\/it\/wp-json\/wp\/v2\/users\/1"}],"replies":[{"embeddable":true,"href":"https:\/\/albergueacasina.com\/it\/wp-json\/wp\/v2\/comments?post=4688"}],"version-history":[{"count":0,"href":"https:\/\/albergueacasina.com\/it\/wp-json\/wp\/v2\/pages\/4688\/revisions"}],"wp:attachment":[{"href":"https:\/\/albergueacasina.com\/it\/wp-json\/wp\/v2\/media?parent=4688"}],"curies":[{"name":"wp","href":"https:\/\/api.w.org\/{rel}","templated":true}]}}