{"id":4680,"date":"2024-02-06T00:49:26","date_gmt":"2024-02-05T23:49:26","guid":{"rendered":"https:\/\/albergueacasina.com\/termes-et-conditions\/"},"modified":"2025-09-01T17:25:28","modified_gmt":"2025-09-01T15:25:28","slug":"termes-et-conditions","status":"publish","type":"page","link":"https:\/\/albergueacasina.com\/fr\/termes-et-conditions\/","title":{"rendered":"Termes et conditions"},"content":{"rendered":"<p>[et_pb_section fb_built=\u00a0\u00bb1&Prime; admin_label=\u00a0\u00bbHeader &amp; Contact\u00a0\u00bb _builder_version=\u00a0\u00bb4.22.0&Prime; _module_preset=\u00a0\u00bbdefault\u00a0\u00bb collapsed=\u00a0\u00bboff\u00a0\u00bb global_colors_info=\u00a0\u00bb{}\u00a0\u00bb][et_pb_row _builder_version=\u00a0\u00bb4.22.0&Prime; _module_preset=\u00a0\u00bbdefault\u00a0\u00bb global_colors_info=\u00a0\u00bb{}\u00a0\u00bb][et_pb_column type=\u00a0\u00bb4_4&Prime; _builder_version=\u00a0\u00bb4.22.0&Prime; _module_preset=\u00a0\u00bbdefault\u00a0\u00bb global_colors_info=\u00a0\u00bb{}\u00a0\u00bb][et_pb_text _builder_version=\u00a0\u00bb4.24.0&Prime; _dynamic_attributes=\u00a0\u00bbcontent\u00a0\u00bb _module_preset=\u00a0\u00bb_initial\u00a0\u00bb header_font=\u00a0\u00bbInter|700|||||||\u00a0\u00bb header_font_size=\u00a0\u00bb90px\u00a0\u00bb header_line_height=\u00a0\u00bb1.1em\u00a0\u00bb text_orientation=\u00a0\u00bbcenter\u00a0\u00bb header_font_size_tablet=\u00a0\u00bb40px\u00a0\u00bb header_font_size_phone=\u00a0\u00bb24px\u00a0\u00bb header_font_size_last_edited=\u00a0\u00bbon|desktop\u00a0\u00bb global_colors_info=\u00a0\u00bb{}\u00a0\u00bb]@ET-DC@eyJkeW5hbWljIjp0cnVlLCJjb250ZW50IjoicG9zdF90aXRsZSIsInNldHRpbmdzIjp7ImJlZm9yZSI6IjxoMT4iLCJhZnRlciI6IjwvaDE+IiwiZW5hYmxlX2h0bWwiOiJvZmYifX0=@[\/et_pb_text][\/et_pb_column][\/et_pb_row][\/et_pb_section][et_pb_section fb_built=\u00a0\u00bb1&Prime; admin_label=\u00a0\u00bbFAQ\u00a0\u00bb _builder_version=\u00a0\u00bb4.24.0&Prime; _module_preset=\u00a0\u00bbdefault\u00a0\u00bb top_divider_flip=\u00a0\u00bbhorizontal\u00a0\u00bb collapsed=\u00a0\u00bboff\u00a0\u00bb global_colors_info=\u00a0\u00bb{}\u00a0\u00bb][et_pb_row custom_padding_last_edited=\u00a0\u00bbon|phone\u00a0\u00bb _builder_version=\u00a0\u00bb4.24.0&Prime; _module_preset=\u00a0\u00bbdefault\u00a0\u00bb use_background_color_gradient=\u00a0\u00bbon\u00a0\u00bb background_color_gradient_stops=\u00a0\u00bbrgba(247,233,210,0.66) 44%|rgba(229,232,240,0) 80%\u00a0\u00bb custom_margin=\u00a0\u00bb-305vw|auto||auto|false|false\u00a0\u00bb custom_margin_tablet=\u00a0\u00bb-21vw||||false|false\u00a0\u00bb custom_margin_phone=\u00a0\u00bb||||false|false\u00a0\u00bb custom_margin_last_edited=\u00a0\u00bboff|desktop\u00a0\u00bb custom_padding=\u00a0\u00bb0px|80px|0px|80px|true|true\u00a0\u00bb custom_padding_tablet=\u00a0\u00bb30px|20px|30px|20px|true|true\u00a0\u00bb custom_padding_phone=\u00a0\u00bb20px|0px|20px|0px|true|true\u00a0\u00bb global_colors_info=\u00a0\u00bb{}\u00a0\u00bb][et_pb_column type=\u00a0\u00bb4_4&Prime; _builder_version=\u00a0\u00bb4.17.3&Prime; _module_preset=\u00a0\u00bbdefault\u00a0\u00bb global_colors_info=\u00a0\u00bb{}\u00a0\u00bb][\/et_pb_column][\/et_pb_row][et_pb_row _builder_version=\u00a0\u00bb4.24.0&Prime; _module_preset=\u00a0\u00bbdefault\u00a0\u00bb global_colors_info=\u00a0\u00bb{}\u00a0\u00bb][et_pb_column type=\u00a0\u00bb4_4&Prime; _builder_version=\u00a0\u00bb4.24.0&Prime; _module_preset=\u00a0\u00bbdefault\u00a0\u00bb global_colors_info=\u00a0\u00bb{}\u00a0\u00bb][et_pb_text _builder_version=\u00a0\u00bb4.27.4&Prime; _module_preset=\u00a0\u00bbdefault\u00a0\u00bb hover_enabled=\u00a0\u00bb0&Prime; global_colors_info=\u00a0\u00bb{}\u00a0\u00bb sticky_enabled=\u00a0\u00bb0&Prime;]<\/p>\n<header class=\"text-center\">\n<header class=\"text-center\">\n<h2 class=\"m-auto\">Termes et conditions<\/h2>\n<h4><span class=\"blanc-space ng-binding\"><a href=\"https:\/\/albergueacasina.com\/fr\/\">www.albergueacasina.com<\/a><\/span><\/h4>\n<div dir=\"auto\">L&rsquo;auberge se r\u00e9serve le droit d&rsquo;admission.<\/div>\n<div dir=\"auto\"><\/div>\n<div dir=\"auto\"><strong>ANNULATION DE LA R\u00c9SERVATION<\/strong><\/div>\n<div dir=\"auto\">Vous pouvez annuler gratuitement jusqu&rsquo;\u00e0 3 jours avant votre date d&rsquo;arriv\u00e9e, avec un petit suppl\u00e9ment de 1\u20ac par r\u00e9servation. Dans le cas contraire, la r\u00e9servation est pay\u00e9e int\u00e9gralement pour l&rsquo;auberge.<\/div>\n<div dir=\"auto\"><\/div>\n<div dir=\"auto\">L&rsquo;AUBERGE SE R\u00c9SERVE LE DROIT D&rsquo;ANNULER LA R\u00c9SERVATION POUR CAUSES DE FORCE MAJEURE. Dans ce cas, l&rsquo;Albergue A casina proposera un h\u00e9bergement alternatif pour ces r\u00e9servations.<\/div>\n<div dir=\"auto\"><\/div>\n<div dir=\"auto\">Une fois la confirmation de r\u00e9servation envoy\u00e9e avec le montant demand\u00e9, vous ACCEPTEZ toutes les conditions de l&rsquo;auberge :<\/div>\n<div dir=\"auto\">Heures d&rsquo;arriv\u00e9e et de fermeture de l&rsquo;auberge et r\u00e8gles de conduite, d&rsquo;hygi\u00e8ne, etc.<\/div>\n<div dir=\"auto\"><strong>S&rsquo;il n&rsquo;est pas respect\u00e9, ils seront invit\u00e9s \u00e0 quitter l&rsquo;auberge, perdant ainsi le montant pay\u00e9.<\/strong><\/div>\n<div dir=\"auto\"><\/div>\n<div dir=\"auto\"><\/div>\n<div dir=\"auto\"><span>La r\u00e9servation peut \u00eatre annul\u00e9e jusqu&rsquo;\u00e0 trois jours avant la date d&rsquo;arriv\u00e9e, sinon le montant pay\u00e9 restera int\u00e9gral pour l&rsquo;auberge.<\/span><\/div>\n<\/header>\n<div>\n<p>&nbsp;<\/p>\n<\/div>\n<\/header>\n<p>[\/et_pb_text][\/et_pb_column][\/et_pb_row][\/et_pb_section]<\/p>\n","protected":false},"excerpt":{"rendered":"<p>Termes et conditions www.albergueacasina.com L&rsquo;auberge se r\u00e9serve le droit d&rsquo;admission. ANNULATION DE LA R\u00c9SERVATION Vous pouvez annuler gratuitement jusqu&rsquo;\u00e0 3 jours avant votre date d&rsquo;arriv\u00e9e, avec un petit suppl\u00e9ment de 1\u20ac par r\u00e9servation. Dans le cas contraire, la r\u00e9servation est pay\u00e9e int\u00e9gralement pour l&rsquo;auberge. L&rsquo;AUBERGE SE R\u00c9SERVE LE DROIT D&rsquo;ANNULER LA R\u00c9SERVATION POUR CAUSES DE [&hellip;]<\/p>\n","protected":false},"author":1,"featured_media":0,"parent":0,"menu_order":0,"comment_status":"closed","ping_status":"closed","template":"","meta":{"_et_pb_use_builder":"on","_et_pb_old_content":"","_et_gb_content_width":"","footnotes":""},"class_list":["post-4680","page","type-page","status-publish","hentry"],"yoast_head":"<!-- This site is optimized with the Yoast SEO plugin v27.5 - https:\/\/yoast.com\/product\/yoast-seo-wordpress\/ -->\n<title>Termes et conditions - Albergue A Casina, Palas de Rei<\/title>\n<meta name=\"robots\" content=\"index, follow, max-snippet:-1, max-image-preview:large, max-video-preview:-1\" \/>\n<link rel=\"canonical\" href=\"https:\/\/albergueacasina.com\/fr\/termes-et-conditions\/\" \/>\n<meta property=\"og:locale\" content=\"fr_FR\" \/>\n<meta property=\"og:type\" content=\"article\" \/>\n<meta property=\"og:title\" content=\"Termes et conditions - Albergue A Casina, Palas de Rei\" \/>\n<meta property=\"og:description\" content=\"Termes et conditions www.albergueacasina.com L&#039;auberge se r\u00e9serve le droit d&#039;admission. ANNULATION DE LA R\u00c9SERVATION Vous pouvez annuler gratuitement jusqu&#039;\u00e0 3 jours avant votre date d&#039;arriv\u00e9e, avec un petit suppl\u00e9ment de 1\u20ac par r\u00e9servation. Dans le cas contraire, la r\u00e9servation est pay\u00e9e int\u00e9gralement pour l&#039;auberge. L&#039;AUBERGE SE R\u00c9SERVE LE DROIT D&#039;ANNULER LA R\u00c9SERVATION POUR CAUSES DE [&hellip;]\" \/>\n<meta property=\"og:url\" content=\"https:\/\/albergueacasina.com\/fr\/termes-et-conditions\/\" \/>\n<meta property=\"og:site_name\" content=\"Albergue A Casina, Palas de Rei\" \/>\n<meta property=\"article:modified_time\" content=\"2025-09-01T15:25:28+00:00\" \/>\n<meta name=\"twitter:card\" content=\"summary_large_image\" \/>\n<meta name=\"twitter:label1\" content=\"Dur\u00e9e de lecture estim\u00e9e\" \/>\n\t<meta name=\"twitter:data1\" content=\"2 minutes\" \/>\n<script type=\"application\/ld+json\" class=\"yoast-schema-graph\">{\"@context\":\"https:\\\/\\\/schema.org\",\"@graph\":[{\"@type\":\"WebPage\",\"@id\":\"https:\\\/\\\/albergueacasina.com\\\/fr\\\/termes-et-conditions\\\/\",\"url\":\"https:\\\/\\\/albergueacasina.com\\\/fr\\\/termes-et-conditions\\\/\",\"name\":\"Termes et conditions - Albergue A Casina, Palas de Rei\",\"isPartOf\":{\"@id\":\"https:\\\/\\\/albergueacasina.com\\\/#website\"},\"datePublished\":\"2024-02-05T23:49:26+00:00\",\"dateModified\":\"2025-09-01T15:25:28+00:00\",\"breadcrumb\":{\"@id\":\"https:\\\/\\\/albergueacasina.com\\\/fr\\\/termes-et-conditions\\\/#breadcrumb\"},\"inLanguage\":\"fr-FR\",\"potentialAction\":[{\"@type\":\"ReadAction\",\"target\":[\"https:\\\/\\\/albergueacasina.com\\\/fr\\\/termes-et-conditions\\\/\"]}]},{\"@type\":\"BreadcrumbList\",\"@id\":\"https:\\\/\\\/albergueacasina.com\\\/fr\\\/termes-et-conditions\\\/#breadcrumb\",\"itemListElement\":[{\"@type\":\"ListItem\",\"position\":1,\"name\":\"Portada\",\"item\":\"https:\\\/\\\/albergueacasina.com\\\/fr\\\/albergue-a-casina-di-marcello\\\/\"},{\"@type\":\"ListItem\",\"position\":2,\"name\":\"Termes et conditions\"}]},{\"@type\":\"WebSite\",\"@id\":\"https:\\\/\\\/albergueacasina.com\\\/#website\",\"url\":\"https:\\\/\\\/albergueacasina.com\\\/\",\"name\":\"Albergue A Casina, Palas de Rei\",\"description\":\"Albergue de peregrinos en Palas de Rei, A Casina Marcello\",\"potentialAction\":[{\"@type\":\"SearchAction\",\"target\":{\"@type\":\"EntryPoint\",\"urlTemplate\":\"https:\\\/\\\/albergueacasina.com\\\/?s={search_term_string}\"},\"query-input\":{\"@type\":\"PropertyValueSpecification\",\"valueRequired\":true,\"valueName\":\"search_term_string\"}}],\"inLanguage\":\"fr-FR\"}]}<\/script>\n<!-- \/ Yoast SEO plugin. -->","yoast_head_json":{"title":"Termes et conditions - Albergue A Casina, Palas de Rei","robots":{"index":"index","follow":"follow","max-snippet":"max-snippet:-1","max-image-preview":"max-image-preview:large","max-video-preview":"max-video-preview:-1"},"canonical":"https:\/\/albergueacasina.com\/fr\/termes-et-conditions\/","og_locale":"fr_FR","og_type":"article","og_title":"Termes et conditions - Albergue A Casina, Palas de Rei","og_description":"Termes et conditions www.albergueacasina.com L'auberge se r\u00e9serve le droit d'admission. ANNULATION DE LA R\u00c9SERVATION Vous pouvez annuler gratuitement jusqu'\u00e0 3 jours avant votre date d'arriv\u00e9e, avec un petit suppl\u00e9ment de 1\u20ac par r\u00e9servation. Dans le cas contraire, la r\u00e9servation est pay\u00e9e int\u00e9gralement pour l'auberge. L'AUBERGE SE R\u00c9SERVE LE DROIT D'ANNULER LA R\u00c9SERVATION POUR CAUSES DE [&hellip;]","og_url":"https:\/\/albergueacasina.com\/fr\/termes-et-conditions\/","og_site_name":"Albergue A Casina, Palas de Rei","article_modified_time":"2025-09-01T15:25:28+00:00","twitter_card":"summary_large_image","twitter_misc":{"Dur\u00e9e de lecture estim\u00e9e":"2 minutes"},"schema":{"@context":"https:\/\/schema.org","@graph":[{"@type":"WebPage","@id":"https:\/\/albergueacasina.com\/fr\/termes-et-conditions\/","url":"https:\/\/albergueacasina.com\/fr\/termes-et-conditions\/","name":"Termes et conditions - Albergue A Casina, Palas de Rei","isPartOf":{"@id":"https:\/\/albergueacasina.com\/#website"},"datePublished":"2024-02-05T23:49:26+00:00","dateModified":"2025-09-01T15:25:28+00:00","breadcrumb":{"@id":"https:\/\/albergueacasina.com\/fr\/termes-et-conditions\/#breadcrumb"},"inLanguage":"fr-FR","potentialAction":[{"@type":"ReadAction","target":["https:\/\/albergueacasina.com\/fr\/termes-et-conditions\/"]}]},{"@type":"BreadcrumbList","@id":"https:\/\/albergueacasina.com\/fr\/termes-et-conditions\/#breadcrumb","itemListElement":[{"@type":"ListItem","position":1,"name":"Portada","item":"https:\/\/albergueacasina.com\/fr\/albergue-a-casina-di-marcello\/"},{"@type":"ListItem","position":2,"name":"Termes et conditions"}]},{"@type":"WebSite","@id":"https:\/\/albergueacasina.com\/#website","url":"https:\/\/albergueacasina.com\/","name":"Albergue A Casina, Palas de Rei","description":"Albergue de peregrinos en Palas de Rei, A Casina Marcello","potentialAction":[{"@type":"SearchAction","target":{"@type":"EntryPoint","urlTemplate":"https:\/\/albergueacasina.com\/?s={search_term_string}"},"query-input":{"@type":"PropertyValueSpecification","valueRequired":true,"valueName":"search_term_string"}}],"inLanguage":"fr-FR"}]}},"_links":{"self":[{"href":"https:\/\/albergueacasina.com\/fr\/wp-json\/wp\/v2\/pages\/4680","targetHints":{"allow":["GET"]}}],"collection":[{"href":"https:\/\/albergueacasina.com\/fr\/wp-json\/wp\/v2\/pages"}],"about":[{"href":"https:\/\/albergueacasina.com\/fr\/wp-json\/wp\/v2\/types\/page"}],"author":[{"embeddable":true,"href":"https:\/\/albergueacasina.com\/fr\/wp-json\/wp\/v2\/users\/1"}],"replies":[{"embeddable":true,"href":"https:\/\/albergueacasina.com\/fr\/wp-json\/wp\/v2\/comments?post=4680"}],"version-history":[{"count":2,"href":"https:\/\/albergueacasina.com\/fr\/wp-json\/wp\/v2\/pages\/4680\/revisions"}],"predecessor-version":[{"id":4909,"href":"https:\/\/albergueacasina.com\/fr\/wp-json\/wp\/v2\/pages\/4680\/revisions\/4909"}],"wp:attachment":[{"href":"https:\/\/albergueacasina.com\/fr\/wp-json\/wp\/v2\/media?parent=4680"}],"curies":[{"name":"wp","href":"https:\/\/api.w.org\/{rel}","templated":true}]}}