{"id":4677,"date":"2024-02-05T16:44:18","date_gmt":"2024-02-05T15:44:18","guid":{"rendered":"https:\/\/albergueacasina.com\/politique-en-matiere-de-cookies\/"},"modified":"2024-02-05T16:44:18","modified_gmt":"2024-02-05T15:44:18","slug":"politique-en-matiere-de-cookies","status":"publish","type":"page","link":"https:\/\/albergueacasina.com\/fr\/politique-en-matiere-de-cookies\/","title":{"rendered":"Politique en mati\u00e8re de cookies"},"content":{"rendered":"<p>[et_pb_section fb_built=\u00a0\u00bb1&Prime; admin_label=\u00a0\u00bbHeader &amp; Contact\u00a0\u00bb _builder_version=\u00a0\u00bb4.22.0&Prime; _module_preset=\u00a0\u00bbdefault\u00a0\u00bb collapsed=\u00a0\u00bbon\u00a0\u00bb global_colors_info=\u00a0\u00bb{}\u00a0\u00bb][et_pb_row _builder_version=\u00a0\u00bb4.22.0&Prime; _module_preset=\u00a0\u00bbdefault\u00a0\u00bb global_colors_info=\u00a0\u00bb{}\u00a0\u00bb][et_pb_column type=\u00a0\u00bb4_4&Prime; _builder_version=\u00a0\u00bb4.22.0&Prime; _module_preset=\u00a0\u00bbdefault\u00a0\u00bb global_colors_info=\u00a0\u00bb{}\u00a0\u00bb][et_pb_text _builder_version=\u00a0\u00bb4.24.0&Prime; _dynamic_attributes=\u00a0\u00bbcontent\u00a0\u00bb _module_preset=\u00a0\u00bb_initial\u00a0\u00bb header_font=\u00a0\u00bbInter|700|||||||\u00a0\u00bb header_font_size=\u00a0\u00bb90px\u00a0\u00bb header_line_height=\u00a0\u00bb1.1em\u00a0\u00bb text_orientation=\u00a0\u00bbcenter\u00a0\u00bb header_font_size_tablet=\u00a0\u00bb40px\u00a0\u00bb header_font_size_phone=\u00a0\u00bb24px\u00a0\u00bb header_font_size_last_edited=\u00a0\u00bbon|desktop\u00a0\u00bb global_colors_info=\u00a0\u00bb{}\u00a0\u00bb]@ET-DC@eyJkeW5hbWljIjp0cnVlLCJjb250ZW50IjoicG9zdF90aXRsZSIsInNldHRpbmdzIjp7ImJlZm9yZSI6IjxoMT4iLCJhZnRlciI6IjwvaDE+IiwiZW5hYmxlX2h0bWwiOiJvZmYifX0=@[\/et_pb_text][\/et_pb_column][\/et_pb_row][\/et_pb_section][et_pb_section fb_built=\u00a0\u00bb1&Prime; admin_label=\u00a0\u00bbFAQ\u00a0\u00bb _builder_version=\u00a0\u00bb4.24.0&Prime; _module_preset=\u00a0\u00bbdefault\u00a0\u00bb top_divider_flip=\u00a0\u00bbhorizontal\u00a0\u00bb collapsed=\u00a0\u00bbon\u00a0\u00bb global_colors_info=\u00a0\u00bb{}\u00a0\u00bb][et_pb_row custom_padding_last_edited=\u00a0\u00bbon|phone\u00a0\u00bb _builder_version=\u00a0\u00bb4.24.0&Prime; _module_preset=\u00a0\u00bbdefault\u00a0\u00bb use_background_color_gradient=\u00a0\u00bbon\u00a0\u00bb background_color_gradient_stops=\u00a0\u00bbrgba(247,233,210,0.66) 44%|rgba(229,232,240,0) 80%\u00a0\u00bb custom_margin=\u00a0\u00bb-305vw|auto||auto|false|false\u00a0\u00bb custom_margin_tablet=\u00a0\u00bb-21vw||||false|false\u00a0\u00bb custom_margin_phone=\u00a0\u00bb||||false|false\u00a0\u00bb custom_margin_last_edited=\u00a0\u00bboff|desktop\u00a0\u00bb custom_padding=\u00a0\u00bb0px|80px|0px|80px|true|true\u00a0\u00bb custom_padding_tablet=\u00a0\u00bb30px|20px|30px|20px|true|true\u00a0\u00bb custom_padding_phone=\u00a0\u00bb20px|0px|20px|0px|true|true\u00a0\u00bb global_colors_info=\u00a0\u00bb{}\u00a0\u00bb][et_pb_column type=\u00a0\u00bb4_4&Prime; _builder_version=\u00a0\u00bb4.17.3&Prime; _module_preset=\u00a0\u00bbdefault\u00a0\u00bb global_colors_info=\u00a0\u00bb{}\u00a0\u00bb][\/et_pb_column][\/et_pb_row][et_pb_row _builder_version=\u00a0\u00bb4.24.0&Prime; _module_preset=\u00a0\u00bbdefault\u00a0\u00bb global_colors_info=\u00a0\u00bb{}\u00a0\u00bb][et_pb_column type=\u00a0\u00bb4_4&Prime; _builder_version=\u00a0\u00bb4.24.0&Prime; _module_preset=\u00a0\u00bbdefault\u00a0\u00bb global_colors_info=\u00a0\u00bb{}\u00a0\u00bb][et_pb_text _builder_version=\u00a0\u00bb4.24.2&Prime; _module_preset=\u00a0\u00bbdefault\u00a0\u00bb hover_enabled=\u00a0\u00bb0&Prime; global_colors_info=\u00a0\u00bb{}\u00a0\u00bb sticky_enabled=\u00a0\u00bb0&Prime;]<\/p>\n<header class=\"text-center\">\n<header class=\"text-center\">\n<h2 class=\"m-auto\">Politique en mati\u00e8re de cookies<\/h2>\n<h4><span class=\"blanc-space ng-binding\">www.albergueacasina.com<\/span><\/h4>\n<\/header>\n<div>\n<p>L&rsquo;acc\u00e8s \u00e0 ce site web peut impliquer l&rsquo;utilisation de cookies. Les cookies sont de petites quantit\u00e9s d&rsquo;informations qui sont stock\u00e9es dans le navigateur utilis\u00e9 par chaque utilisateur &#8211; dans les diff\u00e9rents dispositifs qu&rsquo;il peut utiliser pour naviguer &#8211; afin que le serveur se souvienne de certaines informations qui ne seront ensuite lues que par le serveur qui les a impl\u00e9ment\u00e9es. Les cookies facilitent la navigation, la rendent plus conviviale et n&rsquo;endommagent pas l&rsquo;appareil de navigation.<\/p>\n<p>Les cookies sont des proc\u00e9dures automatiques de collecte d&rsquo;informations relatives aux pr\u00e9f\u00e9rences d\u00e9termin\u00e9es par l&rsquo;utilisateur lors de sa visite sur le site Web afin de le reconna\u00eetre en tant qu&rsquo;utilisateur et de personnaliser son exp\u00e9rience et son utilisation du site Web, et peuvent \u00e9galement, par exemple, aider \u00e0 identifier et \u00e0 r\u00e9soudre des erreurs.<\/p>\n<p>Les informations collect\u00e9es par le biais des cookies peuvent inclure la date et l&rsquo;heure des visites sur le site web, les pages consult\u00e9es, le temps pass\u00e9 sur le site web et les sites visit\u00e9s juste avant et juste apr\u00e8s le site web. Toutefois, aucun cookie ne permet \u00e0 ce dernier de contacter le num\u00e9ro de t\u00e9l\u00e9phone de l&rsquo;utilisateur ou tout autre moyen de contact personnel. Aucun cookie ne peut extraire des informations du disque dur de l&rsquo;utilisateur ou voler des informations personnelles. Le seul moyen pour que les informations priv\u00e9es de l&rsquo;utilisateur fassent partie du fichier Cookie est que l&rsquo;utilisateur donne personnellement ces informations au serveur.<\/p>\n<p>Les cookies qui permettent d&rsquo;identifier une personne sont consid\u00e9r\u00e9s comme des donn\u00e9es \u00e0 caract\u00e8re personnel. Par cons\u00e9quent, la politique de confidentialit\u00e9 d\u00e9crite ci-dessus s&rsquo;applique \u00e0 eux. En ce sens, le consentement de l&rsquo;utilisateur sera n\u00e9cessaire pour l&rsquo;utilisation de ces donn\u00e9es. Ce consentement est communiqu\u00e9, sur la base d&rsquo;un v\u00e9ritable choix, offert par une d\u00e9cision affirmative et positive, avant le traitement initial, amovible et document\u00e9.<\/p>\n<p>&nbsp;<\/p>\n<div class=\"thirdCookies\" ng-show=\"hasThirdCookies == 'S\u00ed'\">\n<h4>Cookies de tiers<\/h4>\n<p>Il s&rsquo;agit de cookies utilis\u00e9s et g\u00e9r\u00e9s par des entit\u00e9s externes qui fournissent \u00e0<span> <\/span><span class=\"blanc-space ng-binding\">Auberge. A Casina di Marcello<\/span><span> <\/span>les services qu&rsquo;il demande afin d&rsquo;am\u00e9liorer le site web et l&rsquo;exp\u00e9rience de l&rsquo;utilisateur lorsqu&rsquo;il navigue sur le site web. Les cookies de tiers sont principalement utilis\u00e9s pour obtenir des statistiques d&rsquo;acc\u00e8s et analyser les informations de navigation, c&rsquo;est-\u00e0-dire la mani\u00e8re dont l&rsquo;utilisateur interagit avec le site web.<\/p>\n<p>Les informations obtenues se r\u00e9f\u00e8rent, par exemple, au nombre de pages visit\u00e9es, \u00e0 la langue, au lieu o\u00f9 se trouve l&rsquo;adresse IP \u00e0 partir de laquelle l&rsquo;utilisateur acc\u00e8de, au nombre d&rsquo;utilisateurs qui acc\u00e8dent, \u00e0 la fr\u00e9quence et \u00e0 la r\u00e9currence des visites, \u00e0 l&rsquo;heure de la visite, au navigateur utilis\u00e9, \u00e0 l&rsquo;op\u00e9rateur ou au type d&rsquo;appareil \u00e0 partir duquel la visite est effectu\u00e9e. Ces informations sont utilis\u00e9es pour am\u00e9liorer le site Web et pour d\u00e9tecter de nouveaux besoins afin d&rsquo;offrir aux utilisateurs un contenu et\/ou un service de la meilleure qualit\u00e9 possible. Dans tous les cas, les informations sont collect\u00e9es de mani\u00e8re anonyme et les rapports sur les tendances du site web sont compil\u00e9s sans identifier les utilisateurs individuels.<\/p>\n<p>Vous pouvez obtenir plus d&rsquo;informations sur les cookies, les informations relatives \u00e0 la vie priv\u00e9e, ou consulter la description du type de cookies utilis\u00e9s, leurs principales caract\u00e9ristiques, leur p\u00e9riode d&rsquo;expiration, etc. sur le(s) lien(s) suivant(s) :<\/p>\n<p class=\"text-wrap ng-binding\">https:\/\/developers.google.com\/analytics\/<\/p>\n<p>La ou les entit\u00e9s responsables de la fourniture de cookies peuvent transf\u00e9rer ces informations \u00e0 des tiers, lorsque la loi l&rsquo;exige ou lorsqu&rsquo;un tiers traite ces informations pour ces entit\u00e9s.<\/p>\n<p>&nbsp;<\/p>\n<p>&nbsp;<\/p>\n<\/div>\n<div ng-show=\"hasSocial == 'S\u00ed'\" class=\"\">\n<h4>Cookies pour les m\u00e9dias sociaux<\/h4>\n<p><span class=\"blanc-space ng-binding\">Auberge. A Casina di Marcello<\/span><span> <\/span>int\u00e8gre des plugins de m\u00e9dias sociaux, qui permettent d&rsquo;acc\u00e9der \u00e0 des r\u00e9seaux sociaux \u00e0 partir du site web. C&rsquo;est pourquoi des cookies de m\u00e9dias sociaux peuvent \u00eatre stock\u00e9s dans le navigateur de l&rsquo;utilisateur. Les propri\u00e9taires de ces r\u00e9seaux sociaux ont leurs propres politiques en mati\u00e8re de protection des donn\u00e9es et de cookies, \u00e9tant eux-m\u00eames, dans chaque cas, responsables de leurs propres fichiers et de leurs propres pratiques en mati\u00e8re de protection de la vie priv\u00e9e. L&rsquo;utilisateur doit s&rsquo;y r\u00e9f\u00e9rer pour conna\u00eetre ces cookies et, le cas \u00e9ch\u00e9ant, le traitement de ses donn\u00e9es personnelles. Les liens vers ces politiques de confidentialit\u00e9 et\/ou de cookies sont fournis ci-dessous \u00e0 titre d&rsquo;information uniquement :<\/p>\n<ul>\n<li>Facebook:<span> <\/span><a class=\"text-info\" href=\"https:\/\/www.facebook.com\/policies\/cookies\/\">https:\/\/www.facebook.com\/policies\/cookies\/<\/a><\/li>\n<li>Twitter:<span> <\/span><a class=\"text-info\" href=\"https:\/\/twitter.com\/es\/privacy\">https:\/\/twitter.com\/es\/privacy<\/a><\/li>\n<li>Instagram:<span> <\/span><a class=\"text-info\" href=\"https:\/\/help.instagram.com\/1896641480634370?ref=ig\">https:\/\/help.instagram.com\/1896641480634370?ref=ig<\/a><\/li>\n<li>YouTube:<span> <\/span><a class=\"text-info\" href=\"https:\/\/policies.google.com\/privacy?hl=es-419&amp;gl=mx\">https:\/\/policies.google.com\/privacy?hl=es-419&amp;gl=mx<\/a><\/li>\n<li>Pinterest:<span> <\/span><a class=\"text-info\" href=\"https:\/\/policy.pinterest.com\/es\/privacy-policy\">https:\/\/policy.pinterest.com\/es\/privacy-policy<\/a><\/li>\n<li>LinkedIn:<span> <\/span><a class=\"text-info\" href=\"https:\/\/www.linkedin.com\/legal\/cookie-policy?trk=hp-cookies\">https:\/\/www.linkedin.com\/legal\/cookie-policy?trk=hp-cookies<\/a><\/li>\n<\/ul>\n<p>&nbsp;<\/p>\n<p>&nbsp;<\/p>\n<\/div>\n<h4>D\u00e9sactivation, rejet et suppression des cookies<\/h4>\n<p>L&rsquo;utilisateur peut d\u00e9sactiver, refuser et supprimer les cookies &#8211; totalement ou partiellement &#8211; install\u00e9s sur son appareil en configurant son navigateur (y compris, par exemple, Chrome, Firefox, Safari, Explorer). \u00c0 cet \u00e9gard, les proc\u00e9dures de rejet et de suppression des cookies peuvent diff\u00e9rer d&rsquo;un navigateur Internet \u00e0 l&rsquo;autre. Par cons\u00e9quent, l&rsquo;utilisateur doit suivre les instructions fournies par le navigateur Internet qu&rsquo;il utilise. Si vous refusez l&rsquo;utilisation de cookies &#8211; en tout ou en partie &#8211; vous pouvez continuer \u00e0 utiliser le site web, bien que l&rsquo;utilisation de certaines de ses fonctions puisse \u00eatre limit\u00e9e.<\/p>\n<p>Ce document sur la politique en mati\u00e8re de cookies a \u00e9t\u00e9 cr\u00e9\u00e9 le 05\/02\/2024.<\/p>\n<\/div>\n<\/header>\n<p>[\/et_pb_text][\/et_pb_column][\/et_pb_row][\/et_pb_section]<\/p>\n","protected":false},"excerpt":{"rendered":"<p>Politique en mati\u00e8re de cookies www.albergueacasina.com L&rsquo;acc\u00e8s \u00e0 ce site web peut impliquer l&rsquo;utilisation de cookies. Les cookies sont de petites quantit\u00e9s d&rsquo;informations qui sont stock\u00e9es dans le navigateur utilis\u00e9 par chaque utilisateur &#8211; dans les diff\u00e9rents dispositifs qu&rsquo;il peut utiliser pour naviguer &#8211; afin que le serveur se souvienne de certaines informations qui ne [&hellip;]<\/p>\n","protected":false},"author":1,"featured_media":0,"parent":0,"menu_order":0,"comment_status":"closed","ping_status":"closed","template":"","meta":{"_et_pb_use_builder":"on","_et_pb_old_content":"","_et_gb_content_width":"","footnotes":""},"class_list":["post-4677","page","type-page","status-publish","hentry"],"yoast_head":"<!-- This site is optimized with the Yoast SEO plugin v27.5 - https:\/\/yoast.com\/product\/yoast-seo-wordpress\/ -->\n<title>Politique en mati\u00e8re de cookies - Albergue A Casina, Palas de Rei<\/title>\n<meta name=\"robots\" content=\"index, follow, max-snippet:-1, max-image-preview:large, max-video-preview:-1\" \/>\n<link rel=\"canonical\" href=\"https:\/\/albergueacasina.com\/politique-en-matiere-de-cookies\/\" \/>\n<meta property=\"og:locale\" content=\"fr_FR\" \/>\n<meta property=\"og:type\" content=\"article\" \/>\n<meta property=\"og:title\" content=\"Politique en mati\u00e8re de cookies - Albergue A Casina, Palas de Rei\" \/>\n<meta property=\"og:description\" content=\"Politique en mati\u00e8re de cookies www.albergueacasina.com L&#039;acc\u00e8s \u00e0 ce site web peut impliquer l&#039;utilisation de cookies. Les cookies sont de petites quantit\u00e9s d&#039;informations qui sont stock\u00e9es dans le navigateur utilis\u00e9 par chaque utilisateur - dans les diff\u00e9rents dispositifs qu&#039;il peut utiliser pour naviguer - afin que le serveur se souvienne de certaines informations qui ne [&hellip;]\" \/>\n<meta property=\"og:url\" content=\"https:\/\/albergueacasina.com\/politique-en-matiere-de-cookies\/\" \/>\n<meta property=\"og:site_name\" content=\"Albergue A Casina, Palas de Rei\" \/>\n<meta name=\"twitter:card\" content=\"summary_large_image\" \/>\n<meta name=\"twitter:label1\" content=\"Dur\u00e9e de lecture estim\u00e9e\" \/>\n\t<meta name=\"twitter:data1\" content=\"6 minutes\" \/>\n<script type=\"application\/ld+json\" class=\"yoast-schema-graph\">{\"@context\":\"https:\\\/\\\/schema.org\",\"@graph\":[{\"@type\":\"WebPage\",\"@id\":\"https:\\\/\\\/albergueacasina.com\\\/politique-en-matiere-de-cookies\\\/\",\"url\":\"https:\\\/\\\/albergueacasina.com\\\/politique-en-matiere-de-cookies\\\/\",\"name\":\"Politique en mati\u00e8re de cookies - Albergue A Casina, Palas de Rei\",\"isPartOf\":{\"@id\":\"https:\\\/\\\/albergueacasina.com\\\/#website\"},\"datePublished\":\"2024-02-05T15:44:18+00:00\",\"breadcrumb\":{\"@id\":\"https:\\\/\\\/albergueacasina.com\\\/politique-en-matiere-de-cookies\\\/#breadcrumb\"},\"inLanguage\":\"fr-FR\",\"potentialAction\":[{\"@type\":\"ReadAction\",\"target\":[\"https:\\\/\\\/albergueacasina.com\\\/politique-en-matiere-de-cookies\\\/\"]}]},{\"@type\":\"BreadcrumbList\",\"@id\":\"https:\\\/\\\/albergueacasina.com\\\/politique-en-matiere-de-cookies\\\/#breadcrumb\",\"itemListElement\":[{\"@type\":\"ListItem\",\"position\":1,\"name\":\"Portada\",\"item\":\"https:\\\/\\\/albergueacasina.com\\\/fr\\\/albergue-a-casina-di-marcello\\\/\"},{\"@type\":\"ListItem\",\"position\":2,\"name\":\"Politique en mati\u00e8re de cookies\"}]},{\"@type\":\"WebSite\",\"@id\":\"https:\\\/\\\/albergueacasina.com\\\/#website\",\"url\":\"https:\\\/\\\/albergueacasina.com\\\/\",\"name\":\"Albergue A Casina, Palas de Rei\",\"description\":\"Albergue de peregrinos en Palas de Rei, A Casina Marcello\",\"potentialAction\":[{\"@type\":\"SearchAction\",\"target\":{\"@type\":\"EntryPoint\",\"urlTemplate\":\"https:\\\/\\\/albergueacasina.com\\\/?s={search_term_string}\"},\"query-input\":{\"@type\":\"PropertyValueSpecification\",\"valueRequired\":true,\"valueName\":\"search_term_string\"}}],\"inLanguage\":\"fr-FR\"}]}<\/script>\n<!-- \/ Yoast SEO plugin. -->","yoast_head_json":{"title":"Politique en mati\u00e8re de cookies - Albergue A Casina, Palas de Rei","robots":{"index":"index","follow":"follow","max-snippet":"max-snippet:-1","max-image-preview":"max-image-preview:large","max-video-preview":"max-video-preview:-1"},"canonical":"https:\/\/albergueacasina.com\/politique-en-matiere-de-cookies\/","og_locale":"fr_FR","og_type":"article","og_title":"Politique en mati\u00e8re de cookies - Albergue A Casina, Palas de Rei","og_description":"Politique en mati\u00e8re de cookies www.albergueacasina.com L'acc\u00e8s \u00e0 ce site web peut impliquer l'utilisation de cookies. Les cookies sont de petites quantit\u00e9s d'informations qui sont stock\u00e9es dans le navigateur utilis\u00e9 par chaque utilisateur - dans les diff\u00e9rents dispositifs qu'il peut utiliser pour naviguer - afin que le serveur se souvienne de certaines informations qui ne [&hellip;]","og_url":"https:\/\/albergueacasina.com\/politique-en-matiere-de-cookies\/","og_site_name":"Albergue A Casina, Palas de Rei","twitter_card":"summary_large_image","twitter_misc":{"Dur\u00e9e de lecture estim\u00e9e":"6 minutes"},"schema":{"@context":"https:\/\/schema.org","@graph":[{"@type":"WebPage","@id":"https:\/\/albergueacasina.com\/politique-en-matiere-de-cookies\/","url":"https:\/\/albergueacasina.com\/politique-en-matiere-de-cookies\/","name":"Politique en mati\u00e8re de cookies - Albergue A Casina, Palas de Rei","isPartOf":{"@id":"https:\/\/albergueacasina.com\/#website"},"datePublished":"2024-02-05T15:44:18+00:00","breadcrumb":{"@id":"https:\/\/albergueacasina.com\/politique-en-matiere-de-cookies\/#breadcrumb"},"inLanguage":"fr-FR","potentialAction":[{"@type":"ReadAction","target":["https:\/\/albergueacasina.com\/politique-en-matiere-de-cookies\/"]}]},{"@type":"BreadcrumbList","@id":"https:\/\/albergueacasina.com\/politique-en-matiere-de-cookies\/#breadcrumb","itemListElement":[{"@type":"ListItem","position":1,"name":"Portada","item":"https:\/\/albergueacasina.com\/fr\/albergue-a-casina-di-marcello\/"},{"@type":"ListItem","position":2,"name":"Politique en mati\u00e8re de cookies"}]},{"@type":"WebSite","@id":"https:\/\/albergueacasina.com\/#website","url":"https:\/\/albergueacasina.com\/","name":"Albergue A Casina, Palas de Rei","description":"Albergue de peregrinos en Palas de Rei, A Casina Marcello","potentialAction":[{"@type":"SearchAction","target":{"@type":"EntryPoint","urlTemplate":"https:\/\/albergueacasina.com\/?s={search_term_string}"},"query-input":{"@type":"PropertyValueSpecification","valueRequired":true,"valueName":"search_term_string"}}],"inLanguage":"fr-FR"}]}},"_links":{"self":[{"href":"https:\/\/albergueacasina.com\/fr\/wp-json\/wp\/v2\/pages\/4677","targetHints":{"allow":["GET"]}}],"collection":[{"href":"https:\/\/albergueacasina.com\/fr\/wp-json\/wp\/v2\/pages"}],"about":[{"href":"https:\/\/albergueacasina.com\/fr\/wp-json\/wp\/v2\/types\/page"}],"author":[{"embeddable":true,"href":"https:\/\/albergueacasina.com\/fr\/wp-json\/wp\/v2\/users\/1"}],"replies":[{"embeddable":true,"href":"https:\/\/albergueacasina.com\/fr\/wp-json\/wp\/v2\/comments?post=4677"}],"version-history":[{"count":0,"href":"https:\/\/albergueacasina.com\/fr\/wp-json\/wp\/v2\/pages\/4677\/revisions"}],"wp:attachment":[{"href":"https:\/\/albergueacasina.com\/fr\/wp-json\/wp\/v2\/media?parent=4677"}],"curies":[{"name":"wp","href":"https:\/\/api.w.org\/{rel}","templated":true}]}}