{"id":4676,"date":"2024-02-05T16:44:33","date_gmt":"2024-02-05T15:44:33","guid":{"rendered":"https:\/\/albergueacasina.com\/avis-juridique\/"},"modified":"2024-02-05T16:44:33","modified_gmt":"2024-02-05T15:44:33","slug":"avis-juridique","status":"publish","type":"page","link":"https:\/\/albergueacasina.com\/fr\/avis-juridique\/","title":{"rendered":"Avis juridique"},"content":{"rendered":"<p>[et_pb_section fb_built=\u00a0\u00bb1&Prime; admin_label=\u00a0\u00bbHeader &amp; Contact\u00a0\u00bb _builder_version=\u00a0\u00bb4.22.0&Prime; _module_preset=\u00a0\u00bbdefault\u00a0\u00bb collapsed=\u00a0\u00bbon\u00a0\u00bb global_colors_info=\u00a0\u00bb{}\u00a0\u00bb][et_pb_row _builder_version=\u00a0\u00bb4.22.0&Prime; _module_preset=\u00a0\u00bbdefault\u00a0\u00bb global_colors_info=\u00a0\u00bb{}\u00a0\u00bb][et_pb_column type=\u00a0\u00bb4_4&Prime; _builder_version=\u00a0\u00bb4.22.0&Prime; _module_preset=\u00a0\u00bbdefault\u00a0\u00bb global_colors_info=\u00a0\u00bb{}\u00a0\u00bb][et_pb_text _builder_version=\u00a0\u00bb4.24.0&Prime; _dynamic_attributes=\u00a0\u00bbcontent\u00a0\u00bb _module_preset=\u00a0\u00bb_initial\u00a0\u00bb header_font=\u00a0\u00bbInter|700|||||||\u00a0\u00bb header_font_size=\u00a0\u00bb90px\u00a0\u00bb header_line_height=\u00a0\u00bb1.1em\u00a0\u00bb text_orientation=\u00a0\u00bbcenter\u00a0\u00bb header_font_size_tablet=\u00a0\u00bb40px\u00a0\u00bb header_font_size_phone=\u00a0\u00bb24px\u00a0\u00bb header_font_size_last_edited=\u00a0\u00bbon|desktop\u00a0\u00bb global_colors_info=\u00a0\u00bb{}\u00a0\u00bb]@ET-DC@eyJkeW5hbWljIjp0cnVlLCJjb250ZW50IjoicG9zdF90aXRsZSIsInNldHRpbmdzIjp7ImJlZm9yZSI6IjxoMT4iLCJhZnRlciI6IjwvaDE+IiwiZW5hYmxlX2h0bWwiOiJvZmYifX0=@[\/et_pb_text][\/et_pb_column][\/et_pb_row][\/et_pb_section][et_pb_section fb_built=\u00a0\u00bb1&Prime; admin_label=\u00a0\u00bbFAQ\u00a0\u00bb _builder_version=\u00a0\u00bb4.24.0&Prime; _module_preset=\u00a0\u00bbdefault\u00a0\u00bb top_divider_flip=\u00a0\u00bbhorizontal\u00a0\u00bb collapsed=\u00a0\u00bbon\u00a0\u00bb global_colors_info=\u00a0\u00bb{}\u00a0\u00bb][et_pb_row custom_padding_last_edited=\u00a0\u00bbon|phone\u00a0\u00bb _builder_version=\u00a0\u00bb4.24.0&Prime; _module_preset=\u00a0\u00bbdefault\u00a0\u00bb use_background_color_gradient=\u00a0\u00bbon\u00a0\u00bb background_color_gradient_stops=\u00a0\u00bbrgba(247,233,210,0.66) 44%|rgba(229,232,240,0) 80%\u00a0\u00bb custom_margin=\u00a0\u00bb-305vw|auto||auto|false|false\u00a0\u00bb custom_margin_tablet=\u00a0\u00bb-21vw||||false|false\u00a0\u00bb custom_margin_phone=\u00a0\u00bb||||false|false\u00a0\u00bb custom_margin_last_edited=\u00a0\u00bboff|desktop\u00a0\u00bb custom_padding=\u00a0\u00bb0px|80px|0px|80px|true|true\u00a0\u00bb custom_padding_tablet=\u00a0\u00bb30px|20px|30px|20px|true|true\u00a0\u00bb custom_padding_phone=\u00a0\u00bb20px|0px|20px|0px|true|true\u00a0\u00bb global_colors_info=\u00a0\u00bb{}\u00a0\u00bb][et_pb_column type=\u00a0\u00bb4_4&Prime; _builder_version=\u00a0\u00bb4.17.3&Prime; _module_preset=\u00a0\u00bbdefault\u00a0\u00bb global_colors_info=\u00a0\u00bb{}\u00a0\u00bb][\/et_pb_column][\/et_pb_row][et_pb_row _builder_version=\u00a0\u00bb4.24.0&Prime; _module_preset=\u00a0\u00bbdefault\u00a0\u00bb global_colors_info=\u00a0\u00bb{}\u00a0\u00bb][et_pb_column type=\u00a0\u00bb4_4&Prime; _builder_version=\u00a0\u00bb4.24.0&Prime; _module_preset=\u00a0\u00bbdefault\u00a0\u00bb global_colors_info=\u00a0\u00bb{}\u00a0\u00bb][et_pb_text _builder_version=\u00a0\u00bb4.24.0&Prime; _module_preset=\u00a0\u00bbdefault\u00a0\u00bb global_colors_info=\u00a0\u00bb{}\u00a0\u00bb]<\/p>\n<header class=\"text-center\">\n<header class=\"text-center\">\n<h2 class=\"m-auto\">AVIS JURIDIQUE ET CONDITIONS G\u00c9N\u00c9RALES D&rsquo;UTILISATION<\/h2>\n<h4><span class=\"blanc-space ng-binding\">www.albergueacasina.com<\/span><\/h4>\n<\/header>\n<div>\n<h3>I. INFORMATIONS G\u00c9N\u00c9RALES<\/h3>\n<p>Conform\u00e9ment \u00e0 l&rsquo;obligation d&rsquo;information pr\u00e9vue par la loi 34\/2002 sur les services de la soci\u00e9t\u00e9 de l&rsquo;information et le commerce \u00e9lectronique (LSSI-CE) du 11 juillet, les informations g\u00e9n\u00e9rales suivantes sont fournies sur ce site web :<\/p>\n<p ng-show=\"data.claseTitular == 'persona'\">La propri\u00e9t\u00e9 de ce site web,<span> <\/span><span class=\"blanc-space ng-binding\">www.albergueacasina.com<\/span>, (ci-apr\u00e8s d\u00e9nomm\u00e9 le site web) est d\u00e9tenue par :<span> <\/span><span class=\"blanc-space ng-binding\">Marcelo Ramos Einloft<\/span>, con NIF:<span> <\/span><span class=\"blanc-space ng-binding\">Y3934239B<\/span>, et dont les coordonn\u00e9es sont les suivantes :<\/p>\n<p>Adresse:<span> <\/span><span class=\"blanc-space ng-binding\">Lugar Aldea de Abaixo, 13 Palas de Rei, Lugo<\/span><\/p>\n<p>Num\u00e9ro de t\u00e9l\u00e9phone de contact :<span> <\/span><span class=\"blanc-space ng-binding\">640 72 39 03<\/span><\/p>\n<p>Courriel de contact :<span> <\/span><span class=\"blanc-space ng-binding\">info@albergueacasina.com<\/span><\/p>\n<h3>II. CONDITIONS G\u00c9N\u00c9RALES D&rsquo;UTILISATION<\/h3>\n<h4>L&rsquo;objet des conditions g\u00e9n\u00e9rales : Le site web<\/h4>\n<p>Les pr\u00e9sentes conditions g\u00e9n\u00e9rales d&rsquo;utilisation (ci-apr\u00e8s d\u00e9nomm\u00e9es \u00ab\u00a0conditions\u00a0\u00bb) ont pour objet de r\u00e9glementer l&rsquo;acc\u00e8s au site web et son utilisation. Aux fins des pr\u00e9sentes conditions, on entend par site web : l&rsquo;aspect ext\u00e9rieur des interfaces d&rsquo;\u00e9cran, tant statiques que dynamiques, c&rsquo;est-\u00e0-dire l&rsquo;arbre de navigation ; et tous les \u00e9l\u00e9ments int\u00e9gr\u00e9s tant dans les interfaces d&rsquo;\u00e9cran que dans l&rsquo;arbre de navigation (ci-apr\u00e8s d\u00e9nomm\u00e9s \u00ab\u00a0contenu\u00a0\u00bb) et tous les services ou ressources en ligne qui peuvent \u00eatre propos\u00e9s aux utilisateurs (ci-apr\u00e8s d\u00e9nomm\u00e9s \u00ab\u00a0services\u00a0\u00bb).<\/p>\n<p><span class=\"blanc-space ng-binding\">Auberge. A Casina di Marcello<\/span><span> <\/span>se r\u00e9serve le droit de modifier, \u00e0 tout moment et sans pr\u00e9avis, la pr\u00e9sentation et la configuration du site web ainsi que le contenu et les services qui peuvent y \u00eatre incorpor\u00e9s. L&rsquo;utilisateur reconna\u00eet et accepte qu&rsquo;\u00e0 tout moment<span> <\/span><span class=\"blanc-space ng-binding\">Auberge A Casina di Marcello<\/span><span> <\/span>peut interrompre, d\u00e9sactiver et\/ou annuler n&rsquo;importe lequel de ces \u00e9l\u00e9ments int\u00e9gr\u00e9s dans le site Web ou l&rsquo;acc\u00e8s \u00e0 ceux-ci.<\/p>\n<p ng-show=\"data.accesoLibre == 'S\u00ed'\">L&rsquo;acc\u00e8s au site web par l&rsquo;utilisateur est libre et, en r\u00e8gle g\u00e9n\u00e9rale, gratuit, sans que l&rsquo;utilisateur n&rsquo;ait \u00e0 fournir de contrepartie pour en b\u00e9n\u00e9ficier, \u00e0 l&rsquo;exception du co\u00fbt de la connexion via le r\u00e9seau de t\u00e9l\u00e9communications fourni par le fournisseur d&rsquo;acc\u00e8s contract\u00e9 par l&rsquo;utilisateur.<\/p>\n<p ng-show=\"data.registroLibre == 'S\u00ed'\">L&rsquo;utilisation de tout contenu ou service du site web peut \u00eatre subordonn\u00e9e \u00e0 l&rsquo;inscription ou \u00e0 l&rsquo;enregistrement pr\u00e9alable de l&rsquo;utilisateur.<\/p>\n<h4>L&rsquo;utilisateur<\/h4>\n<p>Acc\u00e8s, navigation et utilisation du site web,<span> <\/span>conf\u00e8re la condition d&rsquo;Utilisateur et, par cons\u00e9quent, \u00e0 partir du moment o\u00f9 l&rsquo;Utilisateur commence \u00e0 naviguer sur le site Web, toutes les Conditions \u00e9tablies ici sont accept\u00e9es, ainsi que toutes les modifications ult\u00e9rieures, sans pr\u00e9judice de l&rsquo;application des normes l\u00e9gales correspondantes de respect obligatoire, le cas \u00e9ch\u00e9ant. Compte tenu de la pertinence de ce qui pr\u00e9c\u00e8de, il est recommand\u00e9 \u00e0 l&rsquo;utilisateur de les lire chaque fois qu&rsquo;il visite le site Web.<\/p>\n<p>Le site web de<span> <\/span><span class=\"blanc-space ng-binding\">Auberge A Casina di Marcello<\/span><span> <\/span>fournit un large \u00e9ventail d&rsquo;informations, de services et de donn\u00e9es. L&rsquo;utilisateur assume la responsabilit\u00e9 de l&rsquo;utilisation correcte du site web. Cette responsabilit\u00e9 s&rsquo;\u00e9tend aux :<\/p>\n<ul>\n<li>Une utilisation des informations, du contenu et\/ou des services et des donn\u00e9es offerts par<span> <\/span><span class=\"blanc-space ng-binding\">Auberge A Casina di Marcello<\/span><span> <\/span>sans \u00eatre contraire aux dispositions des pr\u00e9sentes conditions, \u00e0 la loi, \u00e0 la morale ou \u00e0 l&rsquo;ordre public, ou qui, de toute autre mani\u00e8re, pourrait porter atteinte aux droits des tiers ou au fonctionnement du site web.<\/li>\n<li>La v\u00e9racit\u00e9 et la l\u00e9galit\u00e9 des informations fournies par l&rsquo;utilisateur sur les formulaires fournis par<span> <\/span><span class=\"blanc-space ng-binding\">Aubergue A Casina di Marcello<\/span><span> <\/span>pour l&rsquo;acc\u00e8s \u00e0 certains contenus ou services offerts par le site web. Dans tous les cas, l&rsquo;utilisateur doit imm\u00e9diatement notifier \u00e0<span> <\/span><span class=\"blanc-space ng-binding\">Aubergue A Casina di Marcello<\/span><span> <\/span>de tout \u00e9v\u00e9nement permettant l&rsquo;utilisation abusive des informations enregistr\u00e9es dans ces formulaires, tel que, mais sans s&rsquo;y limiter, le vol, la perte ou l&rsquo;acc\u00e8s non autoris\u00e9 aux identifiants et\/ou aux mots de passe, afin de proc\u00e9der \u00e0 leur annulation imm\u00e9diate.<\/li>\n<\/ul>\n<p>Le simple acc\u00e8s \u00e0 ce site n&rsquo;implique aucune relation commerciale entre<span> <\/span><span class=\"blanc-space ng-binding\">Albergue A Casina di Marcello<\/span><span> <\/span>et l&rsquo;utilisateur.<\/p>\n<p ng-show=\"data.mayorEdad == 'No'\" class=\"\">Conform\u00e9ment \u00e0 la l\u00e9gislation en vigueur, ce site web de<span> <\/span><span class=\"blanc-space ng-binding\">Aubergue A Casina di Marcello<\/span><span> <\/span>s&rsquo;adresse \u00e0 toutes les personnes, quel que soit leur \u00e2ge, qui peuvent acc\u00e9der et\/ou naviguer sur les pages du site web.<\/p>\n<h3>III. L&rsquo;ACC\u00c8S ET LA NAVIGATION SUR LE SITE WEB : EXCLUSION DE GARANTIE ET DE RESPONSABILIT\u00c9<\/h3>\n<p><span class=\"blanc-space ng-binding\">Aubergue A Casina di Marcello<\/span><span> <\/span>ne garantit pas la continuit\u00e9, la disponibilit\u00e9 et l&rsquo;utilit\u00e9 du site web, du contenu ou des services.<span> <\/span><span class=\"blanc-space ng-binding\">Aubergue A Casina di Marcello<\/span><span> <\/span>met tout en \u0153uvre pour assurer le bon fonctionnement du site web, mais ne garantit pas que l&rsquo;acc\u00e8s au site web sera ininterrompu ou exempt d&rsquo;erreurs.<\/p>\n<p>Elle n&rsquo;accepte pas non plus la responsabilit\u00e9 ou la garantie que le contenu ou le logiciel auquel il est possible d&rsquo;acc\u00e9der par l&rsquo;interm\u00e9diaire de ce site Web est exempt d&rsquo;erreurs ou cause des dommages au syst\u00e8me informatique (logiciel et mat\u00e9riel) de l&rsquo;utilisateur. En aucun cas<span> <\/span><span class=\"blanc-space ng-binding\">Aubergue A Casina di Marcello<\/span><span> <\/span>ne sera pas responsable des pertes, dommages ou pr\u00e9judices de toute nature r\u00e9sultant de l&rsquo;acc\u00e8s, de la navigation et de l&rsquo;utilisation du site web, y compris, mais sans s&rsquo;y limiter, les pertes, dommages ou pr\u00e9judices caus\u00e9s aux syst\u00e8mes informatiques ou caus\u00e9s par l&rsquo;introduction de virus.<\/p>\n<p><span class=\"blanc-space ng-binding\">Aubergue A Casina di Marcello<\/span><span> <\/span>n&rsquo;est pas non plus responsable des dommages qui pourraient \u00eatre caus\u00e9s aux utilisateurs par une mauvaise utilisation de ce site web. En particulier, il n&rsquo;est en aucun cas responsable des pannes, interruptions, d\u00e9faillances ou d\u00e9fauts de t\u00e9l\u00e9communications qui pourraient survenir.<\/p>\n<h3>IV. POLITIQUE DES LIENS<\/h3>\n<p ng-show=\"data.enlacesTerceros == 'S\u00ed'\">Veuillez noter que le site web de<span> <\/span><span class=\"blanc-space ng-binding\">Aubergue A Casina di Marcello<\/span><span> <\/span>met ou peut mettre \u00e0 la disposition des utilisateurs des moyens de liaison (tels que, entre autres, des liens, des banni\u00e8res, des boutons), des r\u00e9pertoires et des moteurs de recherche qui permettent aux utilisateurs d&rsquo;acc\u00e9der \u00e0 des sites web appartenant \u00e0 des tiers et\/ou g\u00e9r\u00e9s par des tiers.<\/p>\n<p ng-show=\"data.enlacesTerceros == 'S\u00ed'\">L&rsquo;installation de ces liens, annuaires et moteurs de recherche sur le site web a pour but de faciliter la recherche et l&rsquo;acc\u00e8s des utilisateurs aux informations disponibles sur Internet, et ne peut \u00eatre consid\u00e9r\u00e9e comme une suggestion, une recommandation ou une invitation \u00e0 les visiter.<\/p>\n<p ng-show=\"data.enlacesTerceros == 'S\u00ed' &amp;&amp; data.enlacesAfiliacion == 'No'\"><span class=\"blanc-space ng-binding\">Aubergue A Casina di Marcello<\/span><span> <\/span>n&rsquo;offre ni ne commercialise elle-m\u00eame, ou par l&rsquo;interm\u00e9diaire de tiers, les produits et\/ou services disponibles sur ces sites li\u00e9s.<\/p>\n<p ng-show=\"data.enlacesTerceros == 'S\u00ed'\">Elle ne garantit pas non plus la disponibilit\u00e9 technique, l&rsquo;exactitude, la v\u00e9racit\u00e9, la validit\u00e9 ou la l\u00e9galit\u00e9 des sites ne lui appartenant pas et accessibles par les liens.<\/p>\n<p ng-show=\"data.enlacesTerceros == 'S\u00ed'\"><span class=\"blanc-space ng-binding\">Aubergue A Casina di Marcello<\/span><span> <\/span>n&rsquo;examine ni ne contr\u00f4le en aucune mani\u00e8re le contenu d&rsquo;autres sites web, pas plus qu&rsquo;elle n&rsquo;approuve, n&rsquo;examine ou ne cautionne les produits et services, le contenu, les fichiers et tout autre mat\u00e9riel figurant sur ces sites li\u00e9s.<\/p>\n<p ng-show=\"data.enlacesTerceros == 'S\u00ed'\"><span class=\"blanc-space ng-binding\">Aubergue A Casina di Marcello<\/span><span> <\/span>n&rsquo;assume aucune responsabilit\u00e9 pour les dommages qui pourraient r\u00e9sulter de l&rsquo;acc\u00e8s, de l&rsquo;utilisation, de la qualit\u00e9 ou de la l\u00e9galit\u00e9 des contenus, des communications, des opinions, des produits et des services des sites web qui ne sont pas g\u00e9r\u00e9s par<span> <\/span><span class=\"blanc-space ng-binding\">Aubergue A Casina di Marcello<\/span><span> <\/span>et qui sont li\u00e9s \u00e0 ce site web.<\/p>\n<p>L&rsquo;utilisateur ou le tiers qui cr\u00e9e un lien hypertexte \u00e0 partir d&rsquo;une page web d&rsquo;un autre site web vers le site web de<span> <\/span><span class=\"blanc-space ng-binding\">Aubergue A Casina di Marcello<\/span><span> <\/span>devrait le savoir :<\/p>\n<p>Aucun contenu et\/ou service du site web ne peut \u00eatre reproduit, en tout ou en partie, sans l&rsquo;autorisation expresse de<span> <\/span><span class=\"blanc-space ng-binding\">Aubergue A Casina di Marcello<\/span>.<\/p>\n<p>Aucune d\u00e9claration fausse, inexacte ou incorrecte concernant le site web de<span> <\/span><span class=\"blanc-space ng-binding\">Aubergue A Casina di Marcello<\/span>, ni sur le contenu et\/ou les services de ce dernier.<\/p>\n<p>\u00c0 l&rsquo;exception de l&rsquo;hyperlien, le site web sur lequel l&rsquo;hyperlien est \u00e9tabli ne contiendra aucun \u00e9l\u00e9ment de ce site web prot\u00e9g\u00e9 en tant que propri\u00e9t\u00e9 intellectuelle par la loi espagnole, sauf autorisation expresse de la part de<span> <\/span><span class=\"blanc-space ng-binding\">Aubergue A Casina di Marcello<\/span>.<\/p>\n<p>L&rsquo;\u00e9tablissement d&rsquo;un lien hypertexte n&rsquo;implique pas l&rsquo;existence de relations entre<span> <\/span><span class=\"blanc-space ng-binding\">Aubergue A Casina di Marcello<\/span><span> <\/span>et le propri\u00e9taire du site web \u00e0 partir duquel elle est effectu\u00e9e, ni la connaissance et l&rsquo;acceptation de la part de l&rsquo;utilisateur du site web.<span> <\/span><span class=\"blanc-space ng-binding\">Aubergue A Casina di Marcello<\/span><span> <\/span>des contenus, services et\/ou activit\u00e9s propos\u00e9s sur ce site, et vice versa.<\/p>\n<h3>V. PROPRI\u00c9T\u00c9 INTELLECTUELLE ET INDUSTRIELLE<\/h3>\n<p><span class=\"blanc-space ng-binding\">Aubergue A Casina di Marcello<\/span><span> <\/span>est titulaire, seul ou en tant que cessionnaire, de tous les droits de propri\u00e9t\u00e9 intellectuelle et industrielle du site web, ainsi que des \u00e9l\u00e9ments qu&rsquo;il contient (y compris, mais sans s&rsquo;y limiter, les images, le son, l&rsquo;audio, la vid\u00e9o, les logiciels ou les textes, les marques ou les logos, les combinaisons de couleurs, la structure et la conception, la s\u00e9lection des mat\u00e9riaux utilis\u00e9s, les programmes informatiques n\u00e9cessaires \u00e0 son fonctionnement, \u00e0 son acc\u00e8s et \u00e0 son utilisation, etc.) Il s&rsquo;agira donc d&rsquo;\u0153uvres prot\u00e9g\u00e9es en tant que propri\u00e9t\u00e9 intellectuelle par le syst\u00e8me juridique espagnol, et la l\u00e9gislation espagnole et communautaire en la mati\u00e8re, ainsi que les trait\u00e9s internationaux en la mati\u00e8re sign\u00e9s par l&rsquo;Espagne, leur seront applicables.<\/p>\n<p>Tous droits r\u00e9serv\u00e9s. En vertu des dispositions de la loi sur la propri\u00e9t\u00e9 intellectuelle, la reproduction, la distribution et la communication publique, y compris la mise \u00e0 disposition, de tout ou partie du contenu de ce site web, \u00e0 des fins commerciales, sur tout support et par tout moyen technique, sont express\u00e9ment interdites sans l&rsquo;autorisation de<span> <\/span><span class=\"blanc-space ng-binding\">Aubergue A Casina di Marcello<\/span>.<\/p>\n<p>L&rsquo;utilisateur s&rsquo;engage \u00e0 respecter les droits de propri\u00e9t\u00e9 intellectuelle et industrielle de<span> <\/span><span class=\"blanc-space ng-binding\">Aubergue A Casina di Marcello<\/span>. Vous pouvez visualiser les \u00e9l\u00e9ments du site web ou m\u00eame les imprimer, les copier et les stocker sur le disque dur de votre ordinateur ou sur tout autre support physique, \u00e0 condition que ce soit exclusivement pour votre usage personnel. L&rsquo;utilisateur ne peut toutefois pas retirer, modifier ou manipuler tout dispositif de protection ou syst\u00e8me de s\u00e9curit\u00e9 install\u00e9 sur le site web.<\/p>\n<p>Si l&rsquo;utilisateur ou un tiers consid\u00e8re que l&rsquo;un des contenus du site Web implique une violation des droits de protection de la propri\u00e9t\u00e9 intellectuelle, il doit en informer imm\u00e9diatement<span> <\/span><span class=\"blanc-space ng-binding\">Aubergue A Casina di Marcello<\/span><span> <\/span>via les coordonn\u00e9es figurant dans la section INFORMATIONS G\u00c9N\u00c9RALES du pr\u00e9sent avis juridique et des conditions g\u00e9n\u00e9rales d&rsquo;utilisation.<\/p>\n<h3>VI. ACTIONS EN JUSTICE, DROIT APPLICABLE ET JURIDICTION<\/h3>\n<p><span class=\"blanc-space ng-binding\">Aubergue A Casina di Marcello<\/span><span> <\/span>se r\u00e9serve le droit d&rsquo;intenter toute action civile ou p\u00e9nale qu&rsquo;elle juge n\u00e9cessaire en cas d&rsquo;utilisation inappropri\u00e9e du site web et de son contenu, ou en cas de violation des pr\u00e9sentes conditions.<\/p>\n<p>La relation entre l&rsquo;utilisateur et<span> <\/span><span class=\"blanc-space ng-binding\">Aubergue A Casina di Marcello<\/span><span> <\/span>est r\u00e9gie par la r\u00e9glementation en vigueur et applicable sur le territoire espagnol. En cas de litige relatif \u00e0 l&rsquo;interpr\u00e9tation et\/ou \u00e0 l&rsquo;application des pr\u00e9sentes conditions, les parties soumettront leurs diff\u00e9rends \u00e0 la comp\u00e9tence ordinaire des cours et tribunaux correspondant \u00e0 la loi.<\/p>\n<\/div>\n<\/header>\n<p>[\/et_pb_text][\/et_pb_column][\/et_pb_row][\/et_pb_section]<\/p>\n","protected":false},"excerpt":{"rendered":"<p>AVIS JURIDIQUE ET CONDITIONS G\u00c9N\u00c9RALES D&rsquo;UTILISATION www.albergueacasina.com I. INFORMATIONS G\u00c9N\u00c9RALES Conform\u00e9ment \u00e0 l&rsquo;obligation d&rsquo;information pr\u00e9vue par la loi 34\/2002 sur les services de la soci\u00e9t\u00e9 de l&rsquo;information et le commerce \u00e9lectronique (LSSI-CE) du 11 juillet, les informations g\u00e9n\u00e9rales suivantes sont fournies sur ce site web : La propri\u00e9t\u00e9 de ce site web, www.albergueacasina.com, (ci-apr\u00e8s d\u00e9nomm\u00e9 [&hellip;]<\/p>\n","protected":false},"author":1,"featured_media":0,"parent":0,"menu_order":0,"comment_status":"closed","ping_status":"closed","template":"","meta":{"_et_pb_use_builder":"on","_et_pb_old_content":"","_et_gb_content_width":"","footnotes":""},"class_list":["post-4676","page","type-page","status-publish","hentry"],"yoast_head":"<!-- This site is optimized with the Yoast SEO plugin v27.1.1 - https:\/\/yoast.com\/product\/yoast-seo-wordpress\/ -->\n<title>Avis juridique - Albergue A Casina, Palas de Rei<\/title>\n<meta name=\"robots\" content=\"index, follow, max-snippet:-1, max-image-preview:large, max-video-preview:-1\" \/>\n<link rel=\"canonical\" href=\"https:\/\/albergueacasina.com\/avis-juridique\/\" \/>\n<meta property=\"og:locale\" content=\"fr_FR\" \/>\n<meta property=\"og:type\" content=\"article\" \/>\n<meta property=\"og:title\" content=\"Avis juridique - Albergue A Casina, Palas de Rei\" \/>\n<meta property=\"og:description\" content=\"AVIS JURIDIQUE ET CONDITIONS G\u00c9N\u00c9RALES D&#039;UTILISATION www.albergueacasina.com I. INFORMATIONS G\u00c9N\u00c9RALES Conform\u00e9ment \u00e0 l&#039;obligation d&#039;information pr\u00e9vue par la loi 34\/2002 sur les services de la soci\u00e9t\u00e9 de l&#039;information et le commerce \u00e9lectronique (LSSI-CE) du 11 juillet, les informations g\u00e9n\u00e9rales suivantes sont fournies sur ce site web : La propri\u00e9t\u00e9 de ce site web, www.albergueacasina.com, (ci-apr\u00e8s d\u00e9nomm\u00e9 [&hellip;]\" \/>\n<meta property=\"og:url\" content=\"https:\/\/albergueacasina.com\/avis-juridique\/\" \/>\n<meta property=\"og:site_name\" content=\"Albergue A Casina, Palas de Rei\" \/>\n<meta name=\"twitter:card\" content=\"summary_large_image\" \/>\n<meta name=\"twitter:label1\" content=\"Dur\u00e9e de lecture estim\u00e9e\" \/>\n\t<meta name=\"twitter:data1\" content=\"11 minutes\" \/>\n<script type=\"application\/ld+json\" class=\"yoast-schema-graph\">{\"@context\":\"https:\/\/schema.org\",\"@graph\":[{\"@type\":\"WebPage\",\"@id\":\"https:\/\/albergueacasina.com\/avis-juridique\/\",\"url\":\"https:\/\/albergueacasina.com\/avis-juridique\/\",\"name\":\"Avis juridique - Albergue A Casina, Palas de Rei\",\"isPartOf\":{\"@id\":\"https:\/\/albergueacasina.com\/#website\"},\"datePublished\":\"2024-02-05T15:44:33+00:00\",\"breadcrumb\":{\"@id\":\"https:\/\/albergueacasina.com\/avis-juridique\/#breadcrumb\"},\"inLanguage\":\"fr-FR\",\"potentialAction\":[{\"@type\":\"ReadAction\",\"target\":[\"https:\/\/albergueacasina.com\/avis-juridique\/\"]}]},{\"@type\":\"BreadcrumbList\",\"@id\":\"https:\/\/albergueacasina.com\/avis-juridique\/#breadcrumb\",\"itemListElement\":[{\"@type\":\"ListItem\",\"position\":1,\"name\":\"Portada\",\"item\":\"https:\/\/albergueacasina.com\/fr\/albergue-a-casina-di-marcello\/\"},{\"@type\":\"ListItem\",\"position\":2,\"name\":\"Avis juridique\"}]},{\"@type\":\"WebSite\",\"@id\":\"https:\/\/albergueacasina.com\/#website\",\"url\":\"https:\/\/albergueacasina.com\/\",\"name\":\"Albergue A Casina, Palas de Rei\",\"description\":\"Albergue de peregrinos en Palas de Rei, A Casina Marcello\",\"potentialAction\":[{\"@type\":\"SearchAction\",\"target\":{\"@type\":\"EntryPoint\",\"urlTemplate\":\"https:\/\/albergueacasina.com\/?s={search_term_string}\"},\"query-input\":{\"@type\":\"PropertyValueSpecification\",\"valueRequired\":true,\"valueName\":\"search_term_string\"}}],\"inLanguage\":\"fr-FR\"}]}<\/script>\n<!-- \/ Yoast SEO plugin. -->","yoast_head_json":{"title":"Avis juridique - Albergue A Casina, Palas de Rei","robots":{"index":"index","follow":"follow","max-snippet":"max-snippet:-1","max-image-preview":"max-image-preview:large","max-video-preview":"max-video-preview:-1"},"canonical":"https:\/\/albergueacasina.com\/avis-juridique\/","og_locale":"fr_FR","og_type":"article","og_title":"Avis juridique - Albergue A Casina, Palas de Rei","og_description":"AVIS JURIDIQUE ET CONDITIONS G\u00c9N\u00c9RALES D'UTILISATION www.albergueacasina.com I. INFORMATIONS G\u00c9N\u00c9RALES Conform\u00e9ment \u00e0 l'obligation d'information pr\u00e9vue par la loi 34\/2002 sur les services de la soci\u00e9t\u00e9 de l'information et le commerce \u00e9lectronique (LSSI-CE) du 11 juillet, les informations g\u00e9n\u00e9rales suivantes sont fournies sur ce site web : La propri\u00e9t\u00e9 de ce site web, www.albergueacasina.com, (ci-apr\u00e8s d\u00e9nomm\u00e9 [&hellip;]","og_url":"https:\/\/albergueacasina.com\/avis-juridique\/","og_site_name":"Albergue A Casina, Palas de Rei","twitter_card":"summary_large_image","twitter_misc":{"Dur\u00e9e de lecture estim\u00e9e":"11 minutes"},"schema":{"@context":"https:\/\/schema.org","@graph":[{"@type":"WebPage","@id":"https:\/\/albergueacasina.com\/avis-juridique\/","url":"https:\/\/albergueacasina.com\/avis-juridique\/","name":"Avis juridique - Albergue A Casina, Palas de Rei","isPartOf":{"@id":"https:\/\/albergueacasina.com\/#website"},"datePublished":"2024-02-05T15:44:33+00:00","breadcrumb":{"@id":"https:\/\/albergueacasina.com\/avis-juridique\/#breadcrumb"},"inLanguage":"fr-FR","potentialAction":[{"@type":"ReadAction","target":["https:\/\/albergueacasina.com\/avis-juridique\/"]}]},{"@type":"BreadcrumbList","@id":"https:\/\/albergueacasina.com\/avis-juridique\/#breadcrumb","itemListElement":[{"@type":"ListItem","position":1,"name":"Portada","item":"https:\/\/albergueacasina.com\/fr\/albergue-a-casina-di-marcello\/"},{"@type":"ListItem","position":2,"name":"Avis juridique"}]},{"@type":"WebSite","@id":"https:\/\/albergueacasina.com\/#website","url":"https:\/\/albergueacasina.com\/","name":"Albergue A Casina, Palas de Rei","description":"Albergue de peregrinos en Palas de Rei, A Casina Marcello","potentialAction":[{"@type":"SearchAction","target":{"@type":"EntryPoint","urlTemplate":"https:\/\/albergueacasina.com\/?s={search_term_string}"},"query-input":{"@type":"PropertyValueSpecification","valueRequired":true,"valueName":"search_term_string"}}],"inLanguage":"fr-FR"}]}},"_links":{"self":[{"href":"https:\/\/albergueacasina.com\/fr\/wp-json\/wp\/v2\/pages\/4676","targetHints":{"allow":["GET"]}}],"collection":[{"href":"https:\/\/albergueacasina.com\/fr\/wp-json\/wp\/v2\/pages"}],"about":[{"href":"https:\/\/albergueacasina.com\/fr\/wp-json\/wp\/v2\/types\/page"}],"author":[{"embeddable":true,"href":"https:\/\/albergueacasina.com\/fr\/wp-json\/wp\/v2\/users\/1"}],"replies":[{"embeddable":true,"href":"https:\/\/albergueacasina.com\/fr\/wp-json\/wp\/v2\/comments?post=4676"}],"version-history":[{"count":0,"href":"https:\/\/albergueacasina.com\/fr\/wp-json\/wp\/v2\/pages\/4676\/revisions"}],"wp:attachment":[{"href":"https:\/\/albergueacasina.com\/fr\/wp-json\/wp\/v2\/media?parent=4676"}],"curies":[{"name":"wp","href":"https:\/\/api.w.org\/{rel}","templated":true}]}}