{"id":4645,"date":"2022-10-21T03:24:20","date_gmt":"2022-10-21T01:24:20","guid":{"rendered":"https:\/\/albergueacasina.com\/reserves\/"},"modified":"2024-07-07T19:01:49","modified_gmt":"2024-07-07T17:01:49","slug":"reserves","status":"publish","type":"page","link":"https:\/\/albergueacasina.com\/fr\/reserves\/","title":{"rendered":"R\u00e9serves"},"content":{"rendered":"<p>[et_pb_section fb_built=\u00a0\u00bb1&Prime; admin_label=\u00a0\u00bbHeader &amp; Contact\u00a0\u00bb _builder_version=\u00a0\u00bb4.22.0&Prime; _module_preset=\u00a0\u00bbdefault\u00a0\u00bb custom_padding=\u00a0\u00bb10px||3px|||\u00a0\u00bb collapsed=\u00a0\u00bbon\u00a0\u00bb global_colors_info=\u00a0\u00bb{}\u00a0\u00bb][et_pb_row _builder_version=\u00a0\u00bb4.22.0&Prime; _module_preset=\u00a0\u00bbdefault\u00a0\u00bb custom_padding=\u00a0\u00bb15px||3px|||\u00a0\u00bb locked=\u00a0\u00bboff\u00a0\u00bb global_colors_info=\u00a0\u00bb{}\u00a0\u00bb][et_pb_column type=\u00a0\u00bb4_4&Prime; _builder_version=\u00a0\u00bb4.22.0&Prime; _module_preset=\u00a0\u00bbdefault\u00a0\u00bb global_colors_info=\u00a0\u00bb{}\u00a0\u00bb][et_pb_text _builder_version=\u00a0\u00bb4.24.0&Prime; _dynamic_attributes=\u00a0\u00bbcontent\u00a0\u00bb _module_preset=\u00a0\u00bb_initial\u00a0\u00bb header_font=\u00a0\u00bbInter|700|||||||\u00a0\u00bb header_font_size=\u00a0\u00bb90px\u00a0\u00bb header_line_height=\u00a0\u00bb1.1em\u00a0\u00bb text_orientation=\u00a0\u00bbcenter\u00a0\u00bb custom_margin=\u00a0\u00bb||-2px|||\u00a0\u00bb custom_padding=\u00a0\u00bb||10px||false|false\u00a0\u00bb custom_padding_tablet=\u00a0\u00bb||10px||false|false\u00a0\u00bb custom_padding_phone=\u00a0\u00bb||10px||false|false\u00a0\u00bb custom_padding_last_edited=\u00a0\u00bbon|desktop\u00a0\u00bb header_font_size_tablet=\u00a0\u00bb40px\u00a0\u00bb header_font_size_phone=\u00a0\u00bb30px\u00a0\u00bb header_font_size_last_edited=\u00a0\u00bbon|phone\u00a0\u00bb global_colors_info=\u00a0\u00bb{}\u00a0\u00bb]@ET-DC@eyJkeW5hbWljIjp0cnVlLCJjb250ZW50IjoicG9zdF90aXRsZSIsInNldHRpbmdzIjp7ImJlZm9yZSI6IjxoMT4iLCJhZnRlciI6IjwvaDE+In19@[\/et_pb_text][et_pb_divider color=\u00a0\u00bb#fcb02f\u00a0\u00bb divider_weight=\u00a0\u00bb5px\u00a0\u00bb _builder_version=\u00a0\u00bb4.24.0&Prime; _module_preset=\u00a0\u00bbdefault\u00a0\u00bb width=\u00a0\u00bb20%\u00a0\u00bb module_alignment=\u00a0\u00bbcenter\u00a0\u00bb global_colors_info=\u00a0\u00bb{}\u00a0\u00bb][\/et_pb_divider][\/et_pb_column][\/et_pb_row][\/et_pb_section][et_pb_section fb_built=\u00a0\u00bb1&Prime; admin_label=\u00a0\u00bbFeatures\u00a0\u00bb _builder_version=\u00a0\u00bb4.24.0&Prime; _module_preset=\u00a0\u00bbdefault\u00a0\u00bb background_enable_color=\u00a0\u00bboff\u00a0\u00bb background_enable_image=\u00a0\u00bboff\u00a0\u00bb background_blend=\u00a0\u00bbmultiply\u00a0\u00bb custom_padding=\u00a0\u00bb27px||74px|||\u00a0\u00bb locked=\u00a0\u00bboff\u00a0\u00bb collapsed=\u00a0\u00bbon\u00a0\u00bb global_colors_info=\u00a0\u00bb{}\u00a0\u00bb][et_pb_row _builder_version=\u00a0\u00bb4.18.0&Prime; _module_preset=\u00a0\u00bbdefault\u00a0\u00bb global_colors_info=\u00a0\u00bb{}\u00a0\u00bb][et_pb_column type=\u00a0\u00bb4_4&Prime; _builder_version=\u00a0\u00bb4.18.0&Prime; _module_preset=\u00a0\u00bbdefault\u00a0\u00bb global_colors_info=\u00a0\u00bb{}\u00a0\u00bb][et_pb_text _builder_version=\u00a0\u00bb4.24.0&Prime; _module_preset=\u00a0\u00bbb327cbe4-b1d5-4b66-ad37-40c8f2f061ba\u00a0\u00bb header_2_font=\u00a0\u00bbManrope|700|||||||\u00a0\u00bb header_2_text_color=\u00a0\u00bb#008186&Prime; header_2_font_size=\u00a0\u00bb35px\u00a0\u00bb header_2_line_height=\u00a0\u00bb1.2em\u00a0\u00bb text_orientation=\u00a0\u00bbcenter\u00a0\u00bb custom_margin=\u00a0\u00bb||-2px|||\u00a0\u00bb custom_padding=\u00a0\u00bb||2px|||\u00a0\u00bb header_2_font_size_tablet=\u00a0\u00bb32px\u00a0\u00bb header_2_font_size_phone=\u00a0\u00bb29px\u00a0\u00bb header_2_font_size_last_edited=\u00a0\u00bbon|desktop\u00a0\u00bb locked=\u00a0\u00bboff\u00a0\u00bb global_colors_info=\u00a0\u00bb{}\u00a0\u00bb]<\/p>\n<h2>Auberge. A Casina di Marcello<\/h2>\n<p>[\/et_pb_text][et_pb_text _builder_version=\u00a0\u00bb4.24.0&Prime; _module_preset=\u00a0\u00bbdefault\u00a0\u00bb text_orientation=\u00a0\u00bbcenter\u00a0\u00bb min_height=\u00a0\u00bb15px\u00a0\u00bb custom_padding=\u00a0\u00bb9px|||||\u00a0\u00bb locked=\u00a0\u00bboff\u00a0\u00bb global_colors_info=\u00a0\u00bb{}\u00a0\u00bb]<\/p>\n<h4><strong>CHECK IN OPEN TIME &#8211; 13:31h (hiver 14:28h)<\/strong><\/h4>\n<h4><strong>HEURE D&rsquo;ARRIV\u00c9E JUSQU&rsquo;\u00c0 &#8211; 17:29h <\/strong><\/h4>\n<h4><strong>CHECK IN CLOSE TIME &#8211; 17:29h<\/strong><\/h4>\n<h4><strong>L&rsquo;AUBERGE FERME \u00c0 22h01.<\/strong><\/h4>\n<h3><span style=\"color: #ff0000;\"><strong>Pour \u00e9viter d&rsquo;\u00eatre enferm\u00e9 \u00e0 l&rsquo;ext\u00e9rieur de l&rsquo;auberge, veuillez arriver avant 22h01.<\/strong><\/span><\/h3>\n<p><strong>Auberge A Casina di Marcello se r\u00e9serve le droit d&rsquo;admission.<\/strong><\/p>\n<p>&nbsp;<\/p>\n<h4><em><strong>\u00ab\u00a0STI CAZZI\u00a0\u00bb<\/strong><\/em><\/h4>\n<p>[\/et_pb_text][et_pb_text _builder_version=\u00a0\u00bb4.18.0&Prime; _module_preset=\u00a0\u00bbdefault\u00a0\u00bb global_colors_info=\u00a0\u00bb{}\u00a0\u00bb]<\/p>\n\n<p>[\/et_pb_text][et_pb_text _builder_version=\u00a0\u00bb4.25.2&Prime; _module_preset=\u00a0\u00bbdefault\u00a0\u00bb text_text_color=\u00a0\u00bbrgba(0,0,0,0.65)\u00a0\u00bb header_3_text_color=\u00a0\u00bb#008186&Prime; background_color=\u00a0\u00bb#ffffff\u00a0\u00bb custom_margin=\u00a0\u00bb||||false|false\u00a0\u00bb custom_padding=\u00a0\u00bb12px||10px||false|false\u00a0\u00bb hover_enabled=\u00a0\u00bb0&Prime; border_radii=\u00a0\u00bbon|6px|6px|6px|6px\u00a0\u00bb border_width_all=\u00a0\u00bb2px\u00a0\u00bb border_color_all=\u00a0\u00bb#008186&Prime; border_style_all=\u00a0\u00bbdashed\u00a0\u00bb locked=\u00a0\u00bboff\u00a0\u00bb global_colors_info=\u00a0\u00bb{}\u00a0\u00bb sticky_enabled=\u00a0\u00bb0&Prime;]<\/p>\n<h3 style=\"text-align: center;\"><strong>S\u00c9JOUR MAXIMUM 1 NUIT<\/strong><\/h3>\n<p style=\"text-align: center;\"><strong>R\u00e9servation maximum de 3 personnes. LES GROUPES ET LES AGENCES NE SONT PAS AUTORIS\u00c9S.<br \/><\/strong><\/p>\n<div dir=\"auto\" style=\"text-align: center;\">Vous pouvez annuler gratuitement jusqu&rsquo;\u00e0 3 jours avant votre date d&rsquo;arriv\u00e9e, avec un petit suppl\u00e9ment de 1 \u20ac par r\u00e9servation<span><\/span><\/div>\n<p style=\"text-align: center;\"><strong> <\/strong><\/p>\n<p style=\"text-align: center;\"><strong>Si vous avez des doutes ou des questions, <a href=\"\/contactar\/\">n&rsquo;h\u00e9sitez pas \u00e0 nous contacter<\/a>.<\/strong><\/p>\n<p>[\/et_pb_text][\/et_pb_column][\/et_pb_row][et_pb_row _builder_version=\u00a0\u00bb4.24.0&Prime; _module_preset=\u00a0\u00bbdefault\u00a0\u00bb global_colors_info=\u00a0\u00bb{}\u00a0\u00bb][et_pb_column type=\u00a0\u00bb4_4&Prime; _builder_version=\u00a0\u00bb4.24.0&Prime; _module_preset=\u00a0\u00bbdefault\u00a0\u00bb global_colors_info=\u00a0\u00bb{}\u00a0\u00bb][et_pb_text _builder_version=\u00a0\u00bb4.24.0&Prime; _module_preset=\u00a0\u00bbdefault\u00a0\u00bb global_colors_info=\u00a0\u00bb{}\u00a0\u00bb]<\/p>\n\n<p>[\/et_pb_text][\/et_pb_column][\/et_pb_row][\/et_pb_section]<\/p>\n","protected":false},"excerpt":{"rendered":"<p>Auberge. A Casina di MarcelloCHECK IN OPEN TIME &#8211; 13:31h (hiver 14:28h) HEURE D&rsquo;ARRIV\u00c9E JUSQU&rsquo;\u00c0 &#8211; 17:29h CHECK IN CLOSE TIME &#8211; 17:29h L&rsquo;AUBERGE FERME \u00c0 22h01. Pour \u00e9viter d&rsquo;\u00eatre enferm\u00e9 \u00e0 l&rsquo;ext\u00e9rieur de l&rsquo;auberge, veuillez arriver avant 22h01. Auberge A Casina di Marcello se r\u00e9serve le droit d&rsquo;admission. &nbsp; \u00ab\u00a0STI CAZZI\u00a0\u00bbS\u00c9JOUR MAXIMUM 1 NUIT [&hellip;]<\/p>\n","protected":false},"author":1,"featured_media":0,"parent":0,"menu_order":0,"comment_status":"closed","ping_status":"closed","template":"","meta":{"_et_pb_use_builder":"on","_et_pb_old_content":"","_et_gb_content_width":"","footnotes":""},"class_list":["post-4645","page","type-page","status-publish","hentry"],"yoast_head":"<!-- This site is optimized with the Yoast SEO plugin v27.5 - https:\/\/yoast.com\/product\/yoast-seo-wordpress\/ -->\n<title>R\u00e9serves - Albergue A Casina, Palas de Rei<\/title>\n<meta name=\"robots\" content=\"index, follow, max-snippet:-1, max-image-preview:large, max-video-preview:-1\" \/>\n<link rel=\"canonical\" href=\"https:\/\/albergueacasina.com\/fr\/reserves\/\" \/>\n<meta property=\"og:locale\" content=\"fr_FR\" \/>\n<meta property=\"og:type\" content=\"article\" \/>\n<meta property=\"og:title\" content=\"R\u00e9serves - Albergue A Casina, Palas de Rei\" \/>\n<meta property=\"og:description\" content=\"Auberge. A Casina di MarcelloCHECK IN OPEN TIME - 13:31h (hiver 14:28h) HEURE D&#039;ARRIV\u00c9E JUSQU&#039;\u00c0 - 17:29h CHECK IN CLOSE TIME - 17:29h L&#039;AUBERGE FERME \u00c0 22h01. Pour \u00e9viter d&#039;\u00eatre enferm\u00e9 \u00e0 l&#039;ext\u00e9rieur de l&#039;auberge, veuillez arriver avant 22h01. Auberge A Casina di Marcello se r\u00e9serve le droit d&#039;admission. &nbsp; &quot;STI CAZZI&quot;S\u00c9JOUR MAXIMUM 1 NUIT [&hellip;]\" \/>\n<meta property=\"og:url\" content=\"https:\/\/albergueacasina.com\/fr\/reserves\/\" \/>\n<meta property=\"og:site_name\" content=\"Albergue A Casina, Palas de Rei\" \/>\n<meta property=\"article:modified_time\" content=\"2024-07-07T17:01:49+00:00\" \/>\n<meta name=\"twitter:card\" content=\"summary_large_image\" \/>\n<meta name=\"twitter:label1\" content=\"Dur\u00e9e de lecture estim\u00e9e\" \/>\n\t<meta name=\"twitter:data1\" content=\"3 minutes\" \/>\n<script type=\"application\/ld+json\" class=\"yoast-schema-graph\">{\"@context\":\"https:\\\/\\\/schema.org\",\"@graph\":[{\"@type\":\"WebPage\",\"@id\":\"https:\\\/\\\/albergueacasina.com\\\/fr\\\/reserves\\\/\",\"url\":\"https:\\\/\\\/albergueacasina.com\\\/fr\\\/reserves\\\/\",\"name\":\"R\u00e9serves - Albergue A Casina, Palas de Rei\",\"isPartOf\":{\"@id\":\"https:\\\/\\\/albergueacasina.com\\\/#website\"},\"datePublished\":\"2022-10-21T01:24:20+00:00\",\"dateModified\":\"2024-07-07T17:01:49+00:00\",\"breadcrumb\":{\"@id\":\"https:\\\/\\\/albergueacasina.com\\\/fr\\\/reserves\\\/#breadcrumb\"},\"inLanguage\":\"fr-FR\",\"potentialAction\":[{\"@type\":\"ReadAction\",\"target\":[\"https:\\\/\\\/albergueacasina.com\\\/fr\\\/reserves\\\/\"]}]},{\"@type\":\"BreadcrumbList\",\"@id\":\"https:\\\/\\\/albergueacasina.com\\\/fr\\\/reserves\\\/#breadcrumb\",\"itemListElement\":[{\"@type\":\"ListItem\",\"position\":1,\"name\":\"Portada\",\"item\":\"https:\\\/\\\/albergueacasina.com\\\/fr\\\/albergue-a-casina-di-marcello\\\/\"},{\"@type\":\"ListItem\",\"position\":2,\"name\":\"R\u00e9serves\"}]},{\"@type\":\"WebSite\",\"@id\":\"https:\\\/\\\/albergueacasina.com\\\/#website\",\"url\":\"https:\\\/\\\/albergueacasina.com\\\/\",\"name\":\"Albergue A Casina, Palas de Rei\",\"description\":\"Albergue de peregrinos en Palas de Rei, A Casina Marcello\",\"potentialAction\":[{\"@type\":\"SearchAction\",\"target\":{\"@type\":\"EntryPoint\",\"urlTemplate\":\"https:\\\/\\\/albergueacasina.com\\\/?s={search_term_string}\"},\"query-input\":{\"@type\":\"PropertyValueSpecification\",\"valueRequired\":true,\"valueName\":\"search_term_string\"}}],\"inLanguage\":\"fr-FR\"}]}<\/script>\n<!-- \/ Yoast SEO plugin. -->","yoast_head_json":{"title":"R\u00e9serves - Albergue A Casina, Palas de Rei","robots":{"index":"index","follow":"follow","max-snippet":"max-snippet:-1","max-image-preview":"max-image-preview:large","max-video-preview":"max-video-preview:-1"},"canonical":"https:\/\/albergueacasina.com\/fr\/reserves\/","og_locale":"fr_FR","og_type":"article","og_title":"R\u00e9serves - Albergue A Casina, Palas de Rei","og_description":"Auberge. A Casina di MarcelloCHECK IN OPEN TIME - 13:31h (hiver 14:28h) HEURE D'ARRIV\u00c9E JUSQU'\u00c0 - 17:29h CHECK IN CLOSE TIME - 17:29h L'AUBERGE FERME \u00c0 22h01. Pour \u00e9viter d'\u00eatre enferm\u00e9 \u00e0 l'ext\u00e9rieur de l'auberge, veuillez arriver avant 22h01. Auberge A Casina di Marcello se r\u00e9serve le droit d'admission. &nbsp; \"STI CAZZI\"S\u00c9JOUR MAXIMUM 1 NUIT [&hellip;]","og_url":"https:\/\/albergueacasina.com\/fr\/reserves\/","og_site_name":"Albergue A Casina, Palas de Rei","article_modified_time":"2024-07-07T17:01:49+00:00","twitter_card":"summary_large_image","twitter_misc":{"Dur\u00e9e de lecture estim\u00e9e":"3 minutes"},"schema":{"@context":"https:\/\/schema.org","@graph":[{"@type":"WebPage","@id":"https:\/\/albergueacasina.com\/fr\/reserves\/","url":"https:\/\/albergueacasina.com\/fr\/reserves\/","name":"R\u00e9serves - Albergue A Casina, Palas de Rei","isPartOf":{"@id":"https:\/\/albergueacasina.com\/#website"},"datePublished":"2022-10-21T01:24:20+00:00","dateModified":"2024-07-07T17:01:49+00:00","breadcrumb":{"@id":"https:\/\/albergueacasina.com\/fr\/reserves\/#breadcrumb"},"inLanguage":"fr-FR","potentialAction":[{"@type":"ReadAction","target":["https:\/\/albergueacasina.com\/fr\/reserves\/"]}]},{"@type":"BreadcrumbList","@id":"https:\/\/albergueacasina.com\/fr\/reserves\/#breadcrumb","itemListElement":[{"@type":"ListItem","position":1,"name":"Portada","item":"https:\/\/albergueacasina.com\/fr\/albergue-a-casina-di-marcello\/"},{"@type":"ListItem","position":2,"name":"R\u00e9serves"}]},{"@type":"WebSite","@id":"https:\/\/albergueacasina.com\/#website","url":"https:\/\/albergueacasina.com\/","name":"Albergue A Casina, Palas de Rei","description":"Albergue de peregrinos en Palas de Rei, A Casina Marcello","potentialAction":[{"@type":"SearchAction","target":{"@type":"EntryPoint","urlTemplate":"https:\/\/albergueacasina.com\/?s={search_term_string}"},"query-input":{"@type":"PropertyValueSpecification","valueRequired":true,"valueName":"search_term_string"}}],"inLanguage":"fr-FR"}]}},"_links":{"self":[{"href":"https:\/\/albergueacasina.com\/fr\/wp-json\/wp\/v2\/pages\/4645","targetHints":{"allow":["GET"]}}],"collection":[{"href":"https:\/\/albergueacasina.com\/fr\/wp-json\/wp\/v2\/pages"}],"about":[{"href":"https:\/\/albergueacasina.com\/fr\/wp-json\/wp\/v2\/types\/page"}],"author":[{"embeddable":true,"href":"https:\/\/albergueacasina.com\/fr\/wp-json\/wp\/v2\/users\/1"}],"replies":[{"embeddable":true,"href":"https:\/\/albergueacasina.com\/fr\/wp-json\/wp\/v2\/comments?post=4645"}],"version-history":[{"count":2,"href":"https:\/\/albergueacasina.com\/fr\/wp-json\/wp\/v2\/pages\/4645\/revisions"}],"predecessor-version":[{"id":4848,"href":"https:\/\/albergueacasina.com\/fr\/wp-json\/wp\/v2\/pages\/4645\/revisions\/4848"}],"wp:attachment":[{"href":"https:\/\/albergueacasina.com\/fr\/wp-json\/wp\/v2\/media?parent=4645"}],"curies":[{"name":"wp","href":"https:\/\/api.w.org\/{rel}","templated":true}]}}