{"id":4836,"date":"2024-02-06T00:49:26","date_gmt":"2024-02-05T23:49:26","guid":{"rendered":"https:\/\/albergueacasina.com\/geschaftsbedingungen\/"},"modified":"2025-09-01T17:25:57","modified_gmt":"2025-09-01T15:25:57","slug":"geschaftsbedingungen","status":"publish","type":"page","link":"https:\/\/albergueacasina.com\/de\/geschaftsbedingungen\/","title":{"rendered":"Gesch\u00e4ftsbedingungen"},"content":{"rendered":"<p>[et_pb_section fb_built=&#8220;1&#8243; admin_label=&#8220;Header &amp; Contact&#8220; _builder_version=&#8220;4.22.0&#8243; _module_preset=&#8220;default&#8220; collapsed=&#8220;off&#8220; global_colors_info=&#8220;{}&#8220;][et_pb_row _builder_version=&#8220;4.22.0&#8243; _module_preset=&#8220;default&#8220; global_colors_info=&#8220;{}&#8220;][et_pb_column type=&#8220;4_4&#8243; _builder_version=&#8220;4.22.0&#8243; _module_preset=&#8220;default&#8220; global_colors_info=&#8220;{}&#8220;][et_pb_text _builder_version=&#8220;4.24.0&#8243; _dynamic_attributes=&#8220;content&#8220; _module_preset=&#8220;_initial&#8220; header_font=&#8220;Inter|700|||||||&#8220; header_font_size=&#8220;90px&#8220; header_line_height=&#8220;1.1em&#8220; text_orientation=&#8220;center&#8220; header_font_size_tablet=&#8220;40px&#8220; header_font_size_phone=&#8220;24px&#8220; header_font_size_last_edited=&#8220;on|desktop&#8220; global_colors_info=&#8220;{}&#8220;]@ET-DC@eyJkeW5hbWljIjp0cnVlLCJjb250ZW50IjoicG9zdF90aXRsZSIsInNldHRpbmdzIjp7ImJlZm9yZSI6IjxoMT4iLCJhZnRlciI6IjwvaDE+IiwiZW5hYmxlX2h0bWwiOiJvZmYifX0=@[\/et_pb_text][\/et_pb_column][\/et_pb_row][\/et_pb_section][et_pb_section fb_built=&#8220;1&#8243; admin_label=&#8220;FAQ&#8220; _builder_version=&#8220;4.24.0&#8243; _module_preset=&#8220;default&#8220; top_divider_flip=&#8220;horizontal&#8220; collapsed=&#8220;off&#8220; global_colors_info=&#8220;{}&#8220;][et_pb_row custom_padding_last_edited=&#8220;on|phone&#8220; _builder_version=&#8220;4.24.0&#8243; _module_preset=&#8220;default&#8220; use_background_color_gradient=&#8220;on&#8220; background_color_gradient_stops=&#8220;rgba(247,233,210,0.66) 44%|rgba(229,232,240,0) 80%&#8220; custom_margin=&#8220;-305vw|auto||auto|false|false&#8220; custom_margin_tablet=&#8220;-21vw||||false|false&#8220; custom_margin_phone=&#8220;||||false|false&#8220; custom_margin_last_edited=&#8220;off|desktop&#8220; custom_padding=&#8220;0px|80px|0px|80px|true|true&#8220; custom_padding_tablet=&#8220;30px|20px|30px|20px|true|true&#8220; custom_padding_phone=&#8220;20px|0px|20px|0px|true|true&#8220; global_colors_info=&#8220;{}&#8220;][et_pb_column type=&#8220;4_4&#8243; _builder_version=&#8220;4.17.3&#8243; _module_preset=&#8220;default&#8220; global_colors_info=&#8220;{}&#8220;][\/et_pb_column][\/et_pb_row][et_pb_row _builder_version=&#8220;4.24.0&#8243; _module_preset=&#8220;default&#8220; global_colors_info=&#8220;{}&#8220;][et_pb_column type=&#8220;4_4&#8243; _builder_version=&#8220;4.24.0&#8243; _module_preset=&#8220;default&#8220; global_colors_info=&#8220;{}&#8220;][et_pb_text _builder_version=&#8220;4.27.4&#8243; _module_preset=&#8220;default&#8220; hover_enabled=&#8220;0&#8243; global_colors_info=&#8220;{}&#8220; sticky_enabled=&#8220;0&#8243;]<\/p>\n<header class=\"text-center\">\n<header class=\"text-center\">\n<h2 class=\"m-auto\">Gesch\u00e4ftsbedingungen<\/h2>\n<h4><span class=\"blanc-space ng-binding\"><a href=\"https:\/\/albergueacasina.com\/de\/\">www.albergueacasina.com<\/a><\/span><\/h4>\n<div dir=\"auto\">Das Hostel beh\u00e4lt sich den Zutritt vor.<\/div>\n<div dir=\"auto\"><\/div>\n<div dir=\"auto\"><strong>STORNIERUNG DER RESERVIERUNG<\/strong><\/div>\n<div dir=\"auto\">Bis 3 Tage vor Anreise ist eine kostenlose Stornierung gegen eine geringe Geb\u00fchr von 1 \u20ac pro Reservierung m\u00f6glich. Andernfalls wird die Reservierung vollst\u00e4ndig f\u00fcr das Hostel bezahlt.<\/div>\n<div dir=\"auto\"><\/div>\n<div dir=\"auto\">DAS HOSTEL BEH\u00c4LT SICH DAS RECHT VOR, DIE RESERVIERUNG AUS GR\u00dcNDEN H\u00d6HERER GEWALT ZU STORNIEREN. In diesem Fall stellt Albergue A Casina eine alternative Unterkunft f\u00fcr diese Reservierungen zur Verf\u00fcgung.<\/div>\n<div dir=\"auto\"><\/div>\n<div dir=\"auto\">Sobald die Reservierungsbest\u00e4tigung mit dem angeforderten Betrag versandt wurde, AKZEPTIEREN Sie alle Bedingungen des Hostels:<\/div>\n<div dir=\"auto\">Ankunfts- und Schlie\u00dfzeiten des Hostels sowie Verhaltensregeln, Hygiene usw.<\/div>\n<div dir=\"auto\"><strong>Bei Nichteinhaltung werden sie aufgefordert, das Hostel zu verlassen und verlieren den gezahlten Betrag.<\/strong><\/div>\n<div dir=\"auto\"><\/div>\n<div dir=\"auto\"><\/div>\n<div dir=\"auto\"><span>Die Reservierung kann bis zu drei Tage vor dem Ankunftsdatum storniert werden, andernfalls verbleibt der volle Betrag f\u00fcr das Hostel.<\/span><\/div>\n<\/header>\n<div>\n<p>&nbsp;<\/p>\n<\/div>\n<\/header>\n<p>[\/et_pb_text][\/et_pb_column][\/et_pb_row][\/et_pb_section]<\/p>\n","protected":false},"excerpt":{"rendered":"<p>Gesch\u00e4ftsbedingungen www.albergueacasina.com Das Hostel beh\u00e4lt sich den Zutritt vor. STORNIERUNG DER RESERVIERUNG Bis 3 Tage vor Anreise ist eine kostenlose Stornierung gegen eine geringe Geb\u00fchr von 1 \u20ac pro Reservierung m\u00f6glich. Andernfalls wird die Reservierung vollst\u00e4ndig f\u00fcr das Hostel bezahlt. DAS HOSTEL BEH\u00c4LT SICH DAS RECHT VOR, DIE RESERVIERUNG AUS GR\u00dcNDEN H\u00d6HERER GEWALT ZU STORNIEREN. [&hellip;]<\/p>\n","protected":false},"author":1,"featured_media":0,"parent":0,"menu_order":0,"comment_status":"closed","ping_status":"closed","template":"","meta":{"_et_pb_use_builder":"on","_et_pb_old_content":"","_et_gb_content_width":"","footnotes":""},"class_list":["post-4836","page","type-page","status-publish","hentry"],"yoast_head":"<!-- This site is optimized with the Yoast SEO plugin v27.5 - https:\/\/yoast.com\/product\/yoast-seo-wordpress\/ -->\n<title>Gesch\u00e4ftsbedingungen - Albergue A Casina, Palas de Rei<\/title>\n<meta name=\"robots\" content=\"index, follow, max-snippet:-1, max-image-preview:large, max-video-preview:-1\" \/>\n<link rel=\"canonical\" href=\"https:\/\/albergueacasina.com\/de\/geschaftsbedingungen\/\" \/>\n<meta property=\"og:locale\" content=\"de_DE\" \/>\n<meta property=\"og:type\" content=\"article\" \/>\n<meta property=\"og:title\" content=\"Gesch\u00e4ftsbedingungen - Albergue A Casina, Palas de Rei\" \/>\n<meta property=\"og:description\" content=\"Gesch\u00e4ftsbedingungen www.albergueacasina.com Das Hostel beh\u00e4lt sich den Zutritt vor. STORNIERUNG DER RESERVIERUNG Bis 3 Tage vor Anreise ist eine kostenlose Stornierung gegen eine geringe Geb\u00fchr von 1 \u20ac pro Reservierung m\u00f6glich. Andernfalls wird die Reservierung vollst\u00e4ndig f\u00fcr das Hostel bezahlt. DAS HOSTEL BEH\u00c4LT SICH DAS RECHT VOR, DIE RESERVIERUNG AUS GR\u00dcNDEN H\u00d6HERER GEWALT ZU STORNIEREN. [&hellip;]\" \/>\n<meta property=\"og:url\" content=\"https:\/\/albergueacasina.com\/de\/geschaftsbedingungen\/\" \/>\n<meta property=\"og:site_name\" content=\"Albergue A Casina, Palas de Rei\" \/>\n<meta property=\"article:modified_time\" content=\"2025-09-01T15:25:57+00:00\" \/>\n<meta name=\"twitter:card\" content=\"summary_large_image\" \/>\n<meta name=\"twitter:label1\" content=\"Gesch\u00e4tzte Lesezeit\" \/>\n\t<meta name=\"twitter:data1\" content=\"2\u00a0Minuten\" \/>\n<script type=\"application\/ld+json\" class=\"yoast-schema-graph\">{\"@context\":\"https:\\\/\\\/schema.org\",\"@graph\":[{\"@type\":\"WebPage\",\"@id\":\"https:\\\/\\\/albergueacasina.com\\\/de\\\/geschaftsbedingungen\\\/\",\"url\":\"https:\\\/\\\/albergueacasina.com\\\/de\\\/geschaftsbedingungen\\\/\",\"name\":\"Gesch\u00e4ftsbedingungen - Albergue A Casina, Palas de Rei\",\"isPartOf\":{\"@id\":\"https:\\\/\\\/albergueacasina.com\\\/#website\"},\"datePublished\":\"2024-02-05T23:49:26+00:00\",\"dateModified\":\"2025-09-01T15:25:57+00:00\",\"breadcrumb\":{\"@id\":\"https:\\\/\\\/albergueacasina.com\\\/de\\\/geschaftsbedingungen\\\/#breadcrumb\"},\"inLanguage\":\"de\",\"potentialAction\":[{\"@type\":\"ReadAction\",\"target\":[\"https:\\\/\\\/albergueacasina.com\\\/de\\\/geschaftsbedingungen\\\/\"]}]},{\"@type\":\"BreadcrumbList\",\"@id\":\"https:\\\/\\\/albergueacasina.com\\\/de\\\/geschaftsbedingungen\\\/#breadcrumb\",\"itemListElement\":[{\"@type\":\"ListItem\",\"position\":1,\"name\":\"Portada\",\"item\":\"https:\\\/\\\/albergueacasina.com\\\/de\\\/home\\\/\"},{\"@type\":\"ListItem\",\"position\":2,\"name\":\"Gesch\u00e4ftsbedingungen\"}]},{\"@type\":\"WebSite\",\"@id\":\"https:\\\/\\\/albergueacasina.com\\\/#website\",\"url\":\"https:\\\/\\\/albergueacasina.com\\\/\",\"name\":\"Albergue A Casina, Palas de Rei\",\"description\":\"Albergue de peregrinos en Palas de Rei, A Casina Marcello\",\"potentialAction\":[{\"@type\":\"SearchAction\",\"target\":{\"@type\":\"EntryPoint\",\"urlTemplate\":\"https:\\\/\\\/albergueacasina.com\\\/?s={search_term_string}\"},\"query-input\":{\"@type\":\"PropertyValueSpecification\",\"valueRequired\":true,\"valueName\":\"search_term_string\"}}],\"inLanguage\":\"de\"}]}<\/script>\n<!-- \/ Yoast SEO plugin. -->","yoast_head_json":{"title":"Gesch\u00e4ftsbedingungen - Albergue A Casina, Palas de Rei","robots":{"index":"index","follow":"follow","max-snippet":"max-snippet:-1","max-image-preview":"max-image-preview:large","max-video-preview":"max-video-preview:-1"},"canonical":"https:\/\/albergueacasina.com\/de\/geschaftsbedingungen\/","og_locale":"de_DE","og_type":"article","og_title":"Gesch\u00e4ftsbedingungen - Albergue A Casina, Palas de Rei","og_description":"Gesch\u00e4ftsbedingungen www.albergueacasina.com Das Hostel beh\u00e4lt sich den Zutritt vor. STORNIERUNG DER RESERVIERUNG Bis 3 Tage vor Anreise ist eine kostenlose Stornierung gegen eine geringe Geb\u00fchr von 1 \u20ac pro Reservierung m\u00f6glich. Andernfalls wird die Reservierung vollst\u00e4ndig f\u00fcr das Hostel bezahlt. DAS HOSTEL BEH\u00c4LT SICH DAS RECHT VOR, DIE RESERVIERUNG AUS GR\u00dcNDEN H\u00d6HERER GEWALT ZU STORNIEREN. [&hellip;]","og_url":"https:\/\/albergueacasina.com\/de\/geschaftsbedingungen\/","og_site_name":"Albergue A Casina, Palas de Rei","article_modified_time":"2025-09-01T15:25:57+00:00","twitter_card":"summary_large_image","twitter_misc":{"Gesch\u00e4tzte Lesezeit":"2\u00a0Minuten"},"schema":{"@context":"https:\/\/schema.org","@graph":[{"@type":"WebPage","@id":"https:\/\/albergueacasina.com\/de\/geschaftsbedingungen\/","url":"https:\/\/albergueacasina.com\/de\/geschaftsbedingungen\/","name":"Gesch\u00e4ftsbedingungen - Albergue A Casina, Palas de Rei","isPartOf":{"@id":"https:\/\/albergueacasina.com\/#website"},"datePublished":"2024-02-05T23:49:26+00:00","dateModified":"2025-09-01T15:25:57+00:00","breadcrumb":{"@id":"https:\/\/albergueacasina.com\/de\/geschaftsbedingungen\/#breadcrumb"},"inLanguage":"de","potentialAction":[{"@type":"ReadAction","target":["https:\/\/albergueacasina.com\/de\/geschaftsbedingungen\/"]}]},{"@type":"BreadcrumbList","@id":"https:\/\/albergueacasina.com\/de\/geschaftsbedingungen\/#breadcrumb","itemListElement":[{"@type":"ListItem","position":1,"name":"Portada","item":"https:\/\/albergueacasina.com\/de\/home\/"},{"@type":"ListItem","position":2,"name":"Gesch\u00e4ftsbedingungen"}]},{"@type":"WebSite","@id":"https:\/\/albergueacasina.com\/#website","url":"https:\/\/albergueacasina.com\/","name":"Albergue A Casina, Palas de Rei","description":"Albergue de peregrinos en Palas de Rei, A Casina Marcello","potentialAction":[{"@type":"SearchAction","target":{"@type":"EntryPoint","urlTemplate":"https:\/\/albergueacasina.com\/?s={search_term_string}"},"query-input":{"@type":"PropertyValueSpecification","valueRequired":true,"valueName":"search_term_string"}}],"inLanguage":"de"}]}},"_links":{"self":[{"href":"https:\/\/albergueacasina.com\/de\/wp-json\/wp\/v2\/pages\/4836","targetHints":{"allow":["GET"]}}],"collection":[{"href":"https:\/\/albergueacasina.com\/de\/wp-json\/wp\/v2\/pages"}],"about":[{"href":"https:\/\/albergueacasina.com\/de\/wp-json\/wp\/v2\/types\/page"}],"author":[{"embeddable":true,"href":"https:\/\/albergueacasina.com\/de\/wp-json\/wp\/v2\/users\/1"}],"replies":[{"embeddable":true,"href":"https:\/\/albergueacasina.com\/de\/wp-json\/wp\/v2\/comments?post=4836"}],"version-history":[{"count":1,"href":"https:\/\/albergueacasina.com\/de\/wp-json\/wp\/v2\/pages\/4836\/revisions"}],"predecessor-version":[{"id":4910,"href":"https:\/\/albergueacasina.com\/de\/wp-json\/wp\/v2\/pages\/4836\/revisions\/4910"}],"wp:attachment":[{"href":"https:\/\/albergueacasina.com\/de\/wp-json\/wp\/v2\/media?parent=4836"}],"curies":[{"name":"wp","href":"https:\/\/api.w.org\/{rel}","templated":true}]}}