{"id":4833,"date":"2022-10-21T03:24:20","date_gmt":"2022-10-21T01:24:20","guid":{"rendered":"https:\/\/albergueacasina.com\/buchungen\/"},"modified":"2024-07-07T19:01:50","modified_gmt":"2024-07-07T17:01:50","slug":"buchungen","status":"publish","type":"page","link":"https:\/\/albergueacasina.com\/de\/buchungen\/","title":{"rendered":"Buchungen"},"content":{"rendered":"<p>[et_pb_section fb_built=&#8220;1&#8243; admin_label=&#8220;Header &amp; Contact&#8220; _builder_version=&#8220;4.22.0&#8243; _module_preset=&#8220;default&#8220; custom_padding=&#8220;10px||3px|||&#8220; collapsed=&#8220;on&#8220; global_colors_info=&#8220;{}&#8220;][et_pb_row _builder_version=&#8220;4.22.0&#8243; _module_preset=&#8220;default&#8220; custom_padding=&#8220;15px||3px|||&#8220; locked=&#8220;off&#8220; global_colors_info=&#8220;{}&#8220;][et_pb_column type=&#8220;4_4&#8243; _builder_version=&#8220;4.22.0&#8243; _module_preset=&#8220;default&#8220; global_colors_info=&#8220;{}&#8220;][et_pb_text _builder_version=&#8220;4.24.0&#8243; _dynamic_attributes=&#8220;content&#8220; _module_preset=&#8220;_initial&#8220; header_font=&#8220;Inter|700|||||||&#8220; header_font_size=&#8220;90px&#8220; header_line_height=&#8220;1.1em&#8220; text_orientation=&#8220;center&#8220; custom_margin=&#8220;||-2px|||&#8220; custom_padding=&#8220;||10px||false|false&#8220; custom_padding_tablet=&#8220;||10px||false|false&#8220; custom_padding_phone=&#8220;||10px||false|false&#8220; custom_padding_last_edited=&#8220;on|desktop&#8220; header_font_size_tablet=&#8220;40px&#8220; header_font_size_phone=&#8220;30px&#8220; header_font_size_last_edited=&#8220;on|phone&#8220; global_colors_info=&#8220;{}&#8220;]@ET-DC@eyJkeW5hbWljIjp0cnVlLCJjb250ZW50IjoicG9zdF90aXRsZSIsInNldHRpbmdzIjp7ImJlZm9yZSI6IjxoMT4iLCJhZnRlciI6IjwvaDE+In19@[\/et_pb_text][et_pb_divider color=&#8220;#fcb02f&#8220; divider_weight=&#8220;5px&#8220; _builder_version=&#8220;4.24.0&#8243; _module_preset=&#8220;default&#8220; width=&#8220;20%&#8220; module_alignment=&#8220;center&#8220; global_colors_info=&#8220;{}&#8220;][\/et_pb_divider][\/et_pb_column][\/et_pb_row][\/et_pb_section][et_pb_section fb_built=&#8220;1&#8243; admin_label=&#8220;Features&#8220; _builder_version=&#8220;4.24.0&#8243; _module_preset=&#8220;default&#8220; background_enable_color=&#8220;off&#8220; background_enable_image=&#8220;off&#8220; background_blend=&#8220;multiply&#8220; custom_padding=&#8220;27px||74px|||&#8220; locked=&#8220;off&#8220; collapsed=&#8220;on&#8220; global_colors_info=&#8220;{}&#8220;][et_pb_row _builder_version=&#8220;4.18.0&#8243; _module_preset=&#8220;default&#8220; global_colors_info=&#8220;{}&#8220;][et_pb_column type=&#8220;4_4&#8243; _builder_version=&#8220;4.18.0&#8243; _module_preset=&#8220;default&#8220; global_colors_info=&#8220;{}&#8220;][et_pb_text _builder_version=&#8220;4.24.0&#8243; _module_preset=&#8220;b327cbe4-b1d5-4b66-ad37-40c8f2f061ba&#8220; header_2_font=&#8220;Manrope|700|||||||&#8220; header_2_text_color=&#8220;#008186&#8243; header_2_font_size=&#8220;35px&#8220; header_2_line_height=&#8220;1.2em&#8220; text_orientation=&#8220;center&#8220; custom_margin=&#8220;||-2px|||&#8220; custom_padding=&#8220;||2px|||&#8220; header_2_font_size_tablet=&#8220;32px&#8220; header_2_font_size_phone=&#8220;29px&#8220; header_2_font_size_last_edited=&#8220;on|desktop&#8220; locked=&#8220;off&#8220; global_colors_info=&#8220;{}&#8220;]<\/p>\n<h2>Albergue A Casina di Marcello<\/h2>\n<p>[\/et_pb_text][et_pb_text _builder_version=&#8220;4.24.0&#8243; _module_preset=&#8220;default&#8220; text_orientation=&#8220;center&#8220; min_height=&#8220;15px&#8220; custom_padding=&#8220;9px|||||&#8220; locked=&#8220;off&#8220; global_colors_info=&#8220;{}&#8220;]<\/p>\n<h4><strong>CHECK-IN \u00d6FFNUNGSZEIT &#8211; 13:31 Uhr (Winter 14:28 Uhr)<\/strong><\/h4>\n<h4><strong>ANREISEZEIT BIS &#8211; 17:29 Uhr <\/strong><\/h4>\n<h4><strong>CHECK-IN-SCHLUSSZEIT \u2013 17:29 Uhr<\/strong><\/h4>\n<h4><strong>Das Hostel schlie\u00dft um 22:01 Uhr.<\/strong><\/h4>\n<h3><span style=\"color: #ff0000;\"><strong>Um zu vermeiden, dass Sie vor der Herberge zur\u00fcckgelassen werden, sollten Sie vor 22:01 Uhr eintreffen.<\/strong><\/span><\/h3>\n<p><strong>Alb. Casina di Marcello beh\u00e4lt sich das Recht auf Einlass vor.<\/strong><\/p>\n<p>&nbsp;<\/p>\n<h4><em><strong>&#8222;STI CAZZI&#8220;<\/strong><\/em><\/h4>\n<p>[\/et_pb_text][et_pb_text _builder_version=&#8220;4.18.0&#8243; _module_preset=&#8220;default&#8220; global_colors_info=&#8220;{}&#8220;]<\/p>\n\n<p>[\/et_pb_text][et_pb_text _builder_version=&#8220;4.25.2&#8243; _module_preset=&#8220;default&#8220; text_text_color=&#8220;rgba(0,0,0,0.65)&#8220; header_3_text_color=&#8220;#008186&#8243; background_color=&#8220;#ffffff&#8220; custom_margin=&#8220;||||false|false&#8220; custom_padding=&#8220;12px||10px||false|false&#8220; hover_enabled=&#8220;0&#8243; border_radii=&#8220;on|6px|6px|6px|6px&#8220; border_width_all=&#8220;2px&#8220; border_color_all=&#8220;#008186&#8243; border_style_all=&#8220;dashed&#8220; locked=&#8220;off&#8220; global_colors_info=&#8220;{}&#8220; sticky_enabled=&#8220;0&#8243;]<\/p>\n<h3 style=\"text-align: center;\"><strong>MAXIMALER AUFENTHALT 1 NACHT<\/strong><\/h3>\n<p style=\"text-align: center;\"><strong>Maximale Reservierung von 3 Personen. KEINE GRUPPEN ODER AGENTUREN SIND ERLAUBT.<br \/><\/strong><\/p>\n<div dir=\"auto\" style=\"text-align: center;\">Sie k\u00f6nnen bis zu 3 Tage vor Ihrem Ankunftsdatum kostenlos stornieren, gegen eine geringe Geb\u00fchr von 1 \u20ac pro Reservierung<span><\/span><\/div>\n<p style=\"text-align: center;\"><strong> <\/strong><\/p>\n<p style=\"text-align: center;\"><strong>F\u00fcr Zweifel oder Fragen <a href=\"\/contactar\/\">Kontaktiere uns<\/a>.<\/strong><\/p>\n<p>[\/et_pb_text][\/et_pb_column][\/et_pb_row][et_pb_row _builder_version=&#8220;4.24.0&#8243; _module_preset=&#8220;default&#8220; global_colors_info=&#8220;{}&#8220;][et_pb_column type=&#8220;4_4&#8243; _builder_version=&#8220;4.24.0&#8243; _module_preset=&#8220;default&#8220; global_colors_info=&#8220;{}&#8220;][et_pb_text _builder_version=&#8220;4.24.0&#8243; _module_preset=&#8220;default&#8220; global_colors_info=&#8220;{}&#8220;]<\/p>\n\n<p>[\/et_pb_text][\/et_pb_column][\/et_pb_row][\/et_pb_section]<\/p>\n","protected":false},"excerpt":{"rendered":"<p>Albergue A Casina di MarcelloCHECK-IN \u00d6FFNUNGSZEIT &#8211; 13:31 Uhr (Winter 14:28 Uhr) ANREISEZEIT BIS &#8211; 17:29 Uhr CHECK-IN-SCHLUSSZEIT \u2013 17:29 Uhr Das Hostel schlie\u00dft um 22:01 Uhr. Um zu vermeiden, dass Sie vor der Herberge zur\u00fcckgelassen werden, sollten Sie vor 22:01 Uhr eintreffen. Alb. Casina di Marcello beh\u00e4lt sich das Recht auf Einlass vor. &nbsp; [&hellip;]<\/p>\n","protected":false},"author":1,"featured_media":0,"parent":0,"menu_order":0,"comment_status":"closed","ping_status":"closed","template":"","meta":{"_et_pb_use_builder":"on","_et_pb_old_content":"","_et_gb_content_width":"","footnotes":""},"class_list":["post-4833","page","type-page","status-publish","hentry"],"yoast_head":"<!-- This site is optimized with the Yoast SEO plugin v27.5 - https:\/\/yoast.com\/product\/yoast-seo-wordpress\/ -->\n<title>Buchungen - Albergue A Casina, Palas de Rei<\/title>\n<meta name=\"robots\" content=\"index, follow, max-snippet:-1, max-image-preview:large, max-video-preview:-1\" \/>\n<link rel=\"canonical\" href=\"https:\/\/albergueacasina.com\/de\/buchungen\/\" \/>\n<meta property=\"og:locale\" content=\"de_DE\" \/>\n<meta property=\"og:type\" content=\"article\" \/>\n<meta property=\"og:title\" content=\"Buchungen - Albergue A Casina, Palas de Rei\" \/>\n<meta property=\"og:description\" content=\"Albergue A Casina di MarcelloCHECK-IN \u00d6FFNUNGSZEIT - 13:31 Uhr (Winter 14:28 Uhr) ANREISEZEIT BIS - 17:29 Uhr CHECK-IN-SCHLUSSZEIT \u2013 17:29 Uhr Das Hostel schlie\u00dft um 22:01 Uhr. Um zu vermeiden, dass Sie vor der Herberge zur\u00fcckgelassen werden, sollten Sie vor 22:01 Uhr eintreffen. Alb. Casina di Marcello beh\u00e4lt sich das Recht auf Einlass vor. &nbsp; [&hellip;]\" \/>\n<meta property=\"og:url\" content=\"https:\/\/albergueacasina.com\/de\/buchungen\/\" \/>\n<meta property=\"og:site_name\" content=\"Albergue A Casina, Palas de Rei\" \/>\n<meta property=\"article:modified_time\" content=\"2024-07-07T17:01:50+00:00\" \/>\n<meta name=\"twitter:card\" content=\"summary_large_image\" \/>\n<meta name=\"twitter:label1\" content=\"Gesch\u00e4tzte Lesezeit\" \/>\n\t<meta name=\"twitter:data1\" content=\"3\u00a0Minuten\" \/>\n<script type=\"application\/ld+json\" class=\"yoast-schema-graph\">{\"@context\":\"https:\\\/\\\/schema.org\",\"@graph\":[{\"@type\":\"WebPage\",\"@id\":\"https:\\\/\\\/albergueacasina.com\\\/de\\\/buchungen\\\/\",\"url\":\"https:\\\/\\\/albergueacasina.com\\\/de\\\/buchungen\\\/\",\"name\":\"Buchungen - Albergue A Casina, Palas de Rei\",\"isPartOf\":{\"@id\":\"https:\\\/\\\/albergueacasina.com\\\/#website\"},\"datePublished\":\"2022-10-21T01:24:20+00:00\",\"dateModified\":\"2024-07-07T17:01:50+00:00\",\"breadcrumb\":{\"@id\":\"https:\\\/\\\/albergueacasina.com\\\/de\\\/buchungen\\\/#breadcrumb\"},\"inLanguage\":\"de\",\"potentialAction\":[{\"@type\":\"ReadAction\",\"target\":[\"https:\\\/\\\/albergueacasina.com\\\/de\\\/buchungen\\\/\"]}]},{\"@type\":\"BreadcrumbList\",\"@id\":\"https:\\\/\\\/albergueacasina.com\\\/de\\\/buchungen\\\/#breadcrumb\",\"itemListElement\":[{\"@type\":\"ListItem\",\"position\":1,\"name\":\"Portada\",\"item\":\"https:\\\/\\\/albergueacasina.com\\\/de\\\/home\\\/\"},{\"@type\":\"ListItem\",\"position\":2,\"name\":\"Buchungen\"}]},{\"@type\":\"WebSite\",\"@id\":\"https:\\\/\\\/albergueacasina.com\\\/#website\",\"url\":\"https:\\\/\\\/albergueacasina.com\\\/\",\"name\":\"Albergue A Casina, Palas de Rei\",\"description\":\"Albergue de peregrinos en Palas de Rei, A Casina Marcello\",\"potentialAction\":[{\"@type\":\"SearchAction\",\"target\":{\"@type\":\"EntryPoint\",\"urlTemplate\":\"https:\\\/\\\/albergueacasina.com\\\/?s={search_term_string}\"},\"query-input\":{\"@type\":\"PropertyValueSpecification\",\"valueRequired\":true,\"valueName\":\"search_term_string\"}}],\"inLanguage\":\"de\"}]}<\/script>\n<!-- \/ Yoast SEO plugin. -->","yoast_head_json":{"title":"Buchungen - Albergue A Casina, Palas de Rei","robots":{"index":"index","follow":"follow","max-snippet":"max-snippet:-1","max-image-preview":"max-image-preview:large","max-video-preview":"max-video-preview:-1"},"canonical":"https:\/\/albergueacasina.com\/de\/buchungen\/","og_locale":"de_DE","og_type":"article","og_title":"Buchungen - Albergue A Casina, Palas de Rei","og_description":"Albergue A Casina di MarcelloCHECK-IN \u00d6FFNUNGSZEIT - 13:31 Uhr (Winter 14:28 Uhr) ANREISEZEIT BIS - 17:29 Uhr CHECK-IN-SCHLUSSZEIT \u2013 17:29 Uhr Das Hostel schlie\u00dft um 22:01 Uhr. Um zu vermeiden, dass Sie vor der Herberge zur\u00fcckgelassen werden, sollten Sie vor 22:01 Uhr eintreffen. Alb. Casina di Marcello beh\u00e4lt sich das Recht auf Einlass vor. &nbsp; [&hellip;]","og_url":"https:\/\/albergueacasina.com\/de\/buchungen\/","og_site_name":"Albergue A Casina, Palas de Rei","article_modified_time":"2024-07-07T17:01:50+00:00","twitter_card":"summary_large_image","twitter_misc":{"Gesch\u00e4tzte Lesezeit":"3\u00a0Minuten"},"schema":{"@context":"https:\/\/schema.org","@graph":[{"@type":"WebPage","@id":"https:\/\/albergueacasina.com\/de\/buchungen\/","url":"https:\/\/albergueacasina.com\/de\/buchungen\/","name":"Buchungen - Albergue A Casina, Palas de Rei","isPartOf":{"@id":"https:\/\/albergueacasina.com\/#website"},"datePublished":"2022-10-21T01:24:20+00:00","dateModified":"2024-07-07T17:01:50+00:00","breadcrumb":{"@id":"https:\/\/albergueacasina.com\/de\/buchungen\/#breadcrumb"},"inLanguage":"de","potentialAction":[{"@type":"ReadAction","target":["https:\/\/albergueacasina.com\/de\/buchungen\/"]}]},{"@type":"BreadcrumbList","@id":"https:\/\/albergueacasina.com\/de\/buchungen\/#breadcrumb","itemListElement":[{"@type":"ListItem","position":1,"name":"Portada","item":"https:\/\/albergueacasina.com\/de\/home\/"},{"@type":"ListItem","position":2,"name":"Buchungen"}]},{"@type":"WebSite","@id":"https:\/\/albergueacasina.com\/#website","url":"https:\/\/albergueacasina.com\/","name":"Albergue A Casina, Palas de Rei","description":"Albergue de peregrinos en Palas de Rei, A Casina Marcello","potentialAction":[{"@type":"SearchAction","target":{"@type":"EntryPoint","urlTemplate":"https:\/\/albergueacasina.com\/?s={search_term_string}"},"query-input":{"@type":"PropertyValueSpecification","valueRequired":true,"valueName":"search_term_string"}}],"inLanguage":"de"}]}},"_links":{"self":[{"href":"https:\/\/albergueacasina.com\/de\/wp-json\/wp\/v2\/pages\/4833","targetHints":{"allow":["GET"]}}],"collection":[{"href":"https:\/\/albergueacasina.com\/de\/wp-json\/wp\/v2\/pages"}],"about":[{"href":"https:\/\/albergueacasina.com\/de\/wp-json\/wp\/v2\/types\/page"}],"author":[{"embeddable":true,"href":"https:\/\/albergueacasina.com\/de\/wp-json\/wp\/v2\/users\/1"}],"replies":[{"embeddable":true,"href":"https:\/\/albergueacasina.com\/de\/wp-json\/wp\/v2\/comments?post=4833"}],"version-history":[{"count":1,"href":"https:\/\/albergueacasina.com\/de\/wp-json\/wp\/v2\/pages\/4833\/revisions"}],"predecessor-version":[{"id":4849,"href":"https:\/\/albergueacasina.com\/de\/wp-json\/wp\/v2\/pages\/4833\/revisions\/4849"}],"wp:attachment":[{"href":"https:\/\/albergueacasina.com\/de\/wp-json\/wp\/v2\/media?parent=4833"}],"curies":[{"name":"wp","href":"https:\/\/api.w.org\/{rel}","templated":true}]}}