{"id":4832,"date":"2022-10-29T11:02:19","date_gmt":"2022-10-29T09:02:19","guid":{"rendered":"https:\/\/albergueacasina.com\/fragen\/"},"modified":"2022-10-29T11:02:19","modified_gmt":"2022-10-29T09:02:19","slug":"fragen","status":"publish","type":"page","link":"https:\/\/albergueacasina.com\/de\/fragen\/","title":{"rendered":"Fragen"},"content":{"rendered":"<p>[et_pb_section fb_built=&#8220;1&#8243; admin_label=&#8220;Header &amp; Contact&#8220; _builder_version=&#8220;4.22.0&#8243; _module_preset=&#8220;default&#8220; custom_padding=&#8220;10px||3px|||&#8220; locked=&#8220;off&#8220; collapsed=&#8220;on&#8220; global_colors_info=&#8220;{}&#8220;][et_pb_row _builder_version=&#8220;4.22.0&#8243; _module_preset=&#8220;default&#8220; custom_padding=&#8220;15px||3px|||&#8220; locked=&#8220;off&#8220; global_colors_info=&#8220;{}&#8220;][et_pb_column type=&#8220;4_4&#8243; _builder_version=&#8220;4.22.0&#8243; _module_preset=&#8220;default&#8220; global_colors_info=&#8220;{}&#8220;][et_pb_text _builder_version=&#8220;4.24.0&#8243; _dynamic_attributes=&#8220;content&#8220; _module_preset=&#8220;_initial&#8220; header_font=&#8220;Inter|700|||||||&#8220; header_font_size=&#8220;90px&#8220; header_line_height=&#8220;1.1em&#8220; text_orientation=&#8220;center&#8220; custom_margin=&#8220;||-2px|||&#8220; custom_padding=&#8220;||10px||false|false&#8220; custom_padding_tablet=&#8220;||10px||false|false&#8220; custom_padding_phone=&#8220;||10px||false|false&#8220; custom_padding_last_edited=&#8220;on|desktop&#8220; header_font_size_tablet=&#8220;40px&#8220; header_font_size_phone=&#8220;30px&#8220; header_font_size_last_edited=&#8220;on|phone&#8220; global_colors_info=&#8220;{}&#8220;]@ET-DC@eyJkeW5hbWljIjp0cnVlLCJjb250ZW50IjoicG9zdF90aXRsZSIsInNldHRpbmdzIjp7ImJlZm9yZSI6IjxoMT4iLCJhZnRlciI6IjwvaDE+In19@[\/et_pb_text][et_pb_divider color=&#8220;#fcb02f&#8220; divider_weight=&#8220;5px&#8220; _builder_version=&#8220;4.24.0&#8243; _module_preset=&#8220;default&#8220; width=&#8220;20%&#8220; module_alignment=&#8220;center&#8220; global_colors_info=&#8220;{}&#8220;][\/et_pb_divider][\/et_pb_column][\/et_pb_row][\/et_pb_section][et_pb_section fb_built=&#8220;1&#8243; admin_label=&#8220;FAQ&#8220; _builder_version=&#8220;4.24.0&#8243; _module_preset=&#8220;default&#8220; top_divider_flip=&#8220;horizontal&#8220; collapsed=&#8220;on&#8220; global_colors_info=&#8220;{}&#8220;][et_pb_row custom_padding_last_edited=&#8220;on|phone&#8220; _builder_version=&#8220;4.24.0&#8243; _module_preset=&#8220;default&#8220; use_background_color_gradient=&#8220;on&#8220; background_color_gradient_stops=&#8220;rgba(247,233,210,0.66) 44%|rgba(229,232,240,0) 80%&#8220; custom_margin=&#8220;-305vw|auto||auto|false|false&#8220; custom_margin_tablet=&#8220;-21vw||||false|false&#8220; custom_margin_phone=&#8220;||||false|false&#8220; custom_margin_last_edited=&#8220;off|desktop&#8220; custom_padding=&#8220;0px|80px|0px|80px|true|true&#8220; custom_padding_tablet=&#8220;30px|20px|30px|20px|true|true&#8220; custom_padding_phone=&#8220;20px|0px|20px|0px|true|true&#8220; global_colors_info=&#8220;{}&#8220;][et_pb_column type=&#8220;4_4&#8243; _builder_version=&#8220;4.17.3&#8243; _module_preset=&#8220;default&#8220; global_colors_info=&#8220;{}&#8220;][\/et_pb_column][\/et_pb_row][et_pb_row _builder_version=&#8220;4.24.0&#8243; _module_preset=&#8220;default&#8220; global_colors_info=&#8220;{}&#8220;][et_pb_column type=&#8220;4_4&#8243; _builder_version=&#8220;4.24.0&#8243; _module_preset=&#8220;default&#8220; global_colors_info=&#8220;{}&#8220;][et_pb_accordion open_toggle_text_color=&#8220;#22434A&#8220; open_toggle_background_color=&#8220;#fcb02f&#8220; closed_toggle_background_color=&#8220;RGBA(255,255,255,0)&#8220; toggle_icon=&#8220;P||divi||400&#8243; icon_color=&#8220;#22434A&#8220; _builder_version=&#8220;4.24.2&#8243; _module_preset=&#8220;default&#8220; toggle_text_color=&#8220;#22434A&#8220; toggle_font=&#8220;Inter|700|||||||&#8220; toggle_font_size=&#8220;22px&#8220; toggle_line_height=&#8220;1.2em&#8220; body_font=&#8220;Inter||||||||&#8220; body_text_color=&#8220;#22434A&#8220; body_font_size=&#8220;18px&#8220; body_line_height=&#8220;1.8em&#8220; custom_margin=&#8220;1px|||||&#8220; toggle_font_size_tablet=&#8220;16px&#8220; toggle_font_size_phone=&#8220;13px&#8220; toggle_font_size_last_edited=&#8220;on|desktop&#8220; body_font_size_tablet=&#8220;16px&#8220; body_font_size_phone=&#8220;14px&#8220; body_font_size_last_edited=&#8220;on|phone&#8220; border_width_all=&#8220;0px&#8220; border_width_bottom=&#8220;1px&#8220; border_color_bottom=&#8220;rgba(46,91,97,0.2)&#8220; locked=&#8220;off&#8220; global_colors_info=&#8220;{}&#8220;][et_pb_accordion_item title=&#8220;Ist die Herberge exklusiv f\u00fcr Pilger?&#8220; open=&#8220;on&#8220; _builder_version=&#8220;4.24.0&#8243; _module_preset=&#8220;default&#8220; global_colors_info=&#8220;{}&#8220;]<\/p>\n<p>Ja, das A Casina di Marcello Hostel ist nur f\u00fcr Pilger mit dem Geist des Jakobswegs.<\/p>\n<p><span><strong>Es ist keine Herberge f\u00fcr Touristen<\/strong>, Deshalb gibt es Pensionen und Hotels.<\/span><\/p>\n<p>[\/et_pb_accordion_item][et_pb_accordion_item title=&#8220;ZEITPL\u00c4NE&#8220; _builder_version=&#8220;4.24.0&#8243; _module_preset=&#8220;default&#8220; global_colors_info=&#8220;{}&#8220; open=&#8220;off&#8220;]<\/p>\n<p><strong>CHECK IN <\/strong><\/p>\n<h5>CHECK-IN \u00d6FFNUNGSZEIT \u2013 13:31 Uhr (Winter 14:28 Uhr)<\/h5>\n<h5>ANREISEZEIT BIS \u2013 17:29 Uhr<\/h5>\n<h5>CHECK-IN-SCHLUSSZEIT \u2013 17:29 Uhr<\/h5>\n<h5>Das Hostel schlie\u00dft um 22:01 Uhr.<\/h5>\n<p>Um zu vermeiden, dass Sie vor der Herberge zur\u00fcckgelassen werden, sollten Sie vor 22:01 Uhr eintreffen.<\/p>\n<p>&nbsp;<\/p>\n<p><strong>CHECK OUT<\/strong><\/p>\n<h5>CHECK-OUT-\u00d6FFNUNGSZEITEN \u2013 07:02 Uhr bis 08:59 Uhr<\/h5>\n<p>&nbsp;<\/p>\n<p><strong>STILLE STUNDEN 22:01 Uhr<\/strong><\/p>\n<h5><\/h5>\n<p>Das A Casina Hostel ist ein Ort der Ruhe. Wenn Sie feiern m\u00f6chten, ist dies NICHT IHR HOSTEL.<\/p>\n<p>&nbsp;<\/p>\n<p>[\/et_pb_accordion_item][et_pb_accordion_item title=&#8220;Hostelregeln&#8220; _builder_version=&#8220;4.24.2&#8243; _module_preset=&#8220;default&#8220; global_colors_info=&#8220;{}&#8220; open=&#8220;off&#8220;]<\/p>\n<p>&#8211; Respektieren Sie die Fahrpl\u00e4ne der Herberge, um das Wohlergehen und den Respekt anderer Pilger zu gew\u00e4hrleisten.<\/p>\n<p>&#8211; Lesen Sie alle Informationen<\/p>\n<p>&#8211; WIR HABEN KEINE K\u00dcCHE, nur eine Mikrowelle und einen Backofen.<\/p>\n<p>&#8211; Lassen Sie Ihre Schuhe an den daf\u00fcr vorgesehenen Stellen am Eingang des Hostels.<\/p>\n<p>&nbsp;<\/p>\n<p>[\/et_pb_accordion_item][et_pb_accordion_item title=&#8220;K\u00f6nnen Sie im Hostel speisen?&#8220; _builder_version=&#8220;4.24.0&#8243; _module_preset=&#8220;default&#8220; global_colors_info=&#8220;{}&#8220; open=&#8220;off&#8220;]<\/p>\n<p>Ja, das italienische Gemeinschaftsessen kostet 16 Euro pro Person (mindestens 4 Personen).<\/p>\n<p>&#8211; Pasta Rag\u00fa Bolognese (Nudeln mit italienischem Pesto f\u00fcr Vegetarier)<\/p>\n<p>&#8211; Gemischter Salat, Thunfisch, Eier, Mais usw.<\/p>\n<p>&#8211; Rotwein oder alkoholfreies Getr\u00e4nk f\u00fcr Minderj\u00e4hrige und lokales Brot<\/p>\n<p>&#8211; Flan-Dessert mit neapolitanischem Biskuitkuchen<\/p>\n<div dir=\"auto\">Abendessen um 19:51 Uhr.<\/div>\n<div dir=\"auto\"><\/div>\n<div dir=\"auto\"> Das Hostel verf\u00fcgt nicht \u00fcber einen Restaurantservice, daher ist das Gemeinschaftsessen-Angebot dazu gedacht, mit anderen Menschen geteilt zu werden.<\/div>\n<p>[\/et_pb_accordion_item][et_pb_accordion_item title=&#8220;Koffer und Rucks\u00e4cke&#8220; _builder_version=&#8220;4.24.0&#8243; _module_preset=&#8220;default&#8220; global_colors_info=&#8220;{}&#8220; open=&#8220;off&#8220;]<\/p>\n<p><strong>Versenden Sie keine Koffer<\/strong>, nur, wenn Sie k\u00f6rperliche Probleme haben oder Ausl\u00e4nder sind.<\/p>\n<p>Wir arbeiten nicht mit CORREOS PAQ MOCHILA zusammen, es gibt andere Unternehmen.<\/p>\n<p>Es ist kein Ort f\u00fcr Touristen, daf\u00fcr gibt es Pensionen und Hotels. Danke sch\u00f6n.<\/p>\n<p>[\/et_pb_accordion_item][et_pb_accordion_item title=&#8220;Welche Kapazit\u00e4t haben Sie?&#8220; _builder_version=&#8220;4.24.0&#8243; _module_preset=&#8220;default&#8220; global_colors_info=&#8220;{}&#8220; open=&#8220;off&#8220;]<\/p>\n<p>Wir haben Kapazit\u00e4ten f\u00fcr 14 Betten.<\/p>\n<p>[\/et_pb_accordion_item][et_pb_accordion_item title=&#8220;Wie weit im Voraus k\u00f6nnen Sie reservieren?&#8220; _builder_version=&#8220;4.24.0&#8243; _module_preset=&#8220;default&#8220; global_colors_info=&#8220;{}&#8220; open=&#8220;off&#8220;]<\/p>\n<p>Reservierungen sind bis 30 Tage vor der Veranstaltung m\u00f6glich.<\/p>\n<p>[\/et_pb_accordion_item][et_pb_accordion_item title=&#8220;Kann es f\u00fcr Gruppen oder Agenturen reserviert werden?&#8220; _builder_version=&#8220;4.24.0&#8243; _module_preset=&#8220;default&#8220; global_colors_info=&#8220;{}&#8220; open=&#8220;off&#8220;]<\/p>\n<p>Nein, unser Hostel ist f\u00fcr temperamentvolle Pilger auf dem Jakobsweg konzipiert.<\/p>\n<p>[\/et_pb_accordion_item][et_pb_accordion_item title=&#8220;Werden Pilger ohne Ausweis akzeptiert?&#8220; _builder_version=&#8220;4.24.0&#8243; _module_preset=&#8220;default&#8220; global_colors_info=&#8220;{}&#8220; open=&#8220;off&#8220;]<\/p>\n<p>Nein, der Pilgerausweis ist zwingend erforderlich.<\/p>\n<p>[\/et_pb_accordion_item][et_pb_accordion_item title=&#8220;Kann die K\u00fcche genutzt werden?&#8220; _builder_version=&#8220;4.24.0&#8243; _module_preset=&#8220;default&#8220; global_colors_info=&#8220;{}&#8220; open=&#8220;off&#8220;]<\/p>\n<p>Nein, die K\u00fcche ist f\u00fcr typisch italienische Abendessen gedacht. Diese Abendessen sind f\u00fcr mindestens 4 Personen und 16 \u20ac pro Person erh\u00e4ltlich.<\/p>\n<p>[\/et_pb_accordion_item][et_pb_accordion_item title=&#8220;Akzeptieren Sie Elektrofahrr\u00e4der?&#8220; _builder_version=&#8220;4.24.0&#8243; _module_preset=&#8220;default&#8220; global_colors_info=&#8220;{}&#8220; open=&#8220;off&#8220;]<\/p>\n<p>Nein, wir haben keine Ladeger\u00e4te f\u00fcr Elektrobatterien.<\/p>\n<p>[\/et_pb_accordion_item][et_pb_accordion_item title=&#8220;Sind haustiere erlaubt?&#8220; _builder_version=&#8220;4.24.0&#8243; _module_preset=&#8220;default&#8220; global_colors_info=&#8220;{}&#8220; open=&#8220;off&#8220;]<\/p>\n<p>Nein, im Albergue A Casina di Marcello sind keinerlei Haustiere gestattet.<\/p>\n<p>[\/et_pb_accordion_item][\/et_pb_accordion][\/et_pb_column][\/et_pb_row][et_pb_row column_structure=&#8220;1_2,1_2&#8243; _builder_version=&#8220;4.17.3&#8243; _module_preset=&#8220;default&#8220; global_colors_info=&#8220;{}&#8220;][et_pb_column type=&#8220;1_2&#8243; _builder_version=&#8220;4.17.3&#8243; _module_preset=&#8220;default&#8220; custom_padding_tablet=&#8220;||30px||false|false&#8220; custom_padding_phone=&#8220;||30px||false|false&#8220; custom_padding_last_edited=&#8220;on|tablet&#8220; global_colors_info=&#8220;{}&#8220;][et_pb_icon font_icon=&#8220;\ue010||divi||400&#8243; icon_color=&#8220;#FFFFFF&#8220; icon_width=&#8220;64px&#8220; _builder_version=&#8220;4.17.1&#8243; _module_preset=&#8220;default&#8220; background_color=&#8220;#2E5B61&#8243; custom_padding=&#8220;30px|30px|30px|30px|true|true&#8220; border_radii=&#8220;on|100px|100px|100px|100px&#8220; global_colors_info=&#8220;{}&#8220;][\/et_pb_icon][et_pb_text _builder_version=&#8220;4.24.0&#8243; _module_preset=&#8220;4827deed-2a92-4d97-a22f-f01067ae6873&#8243; header_font=&#8220;||||||||&#8220; header_4_font=&#8220;Inter|700|||||||&#8220; header_4_text_color=&#8220;#22434A&#8220; header_4_font_size=&#8220;22px&#8220; header_4_line_height=&#8220;1.6em&#8220; text_orientation=&#8220;center&#8220; module_alignment=&#8220;center&#8220; custom_margin=&#8220;||0px||false|false&#8220; header_4_font_size_tablet=&#8220;20px&#8220; header_4_font_size_phone=&#8220;16px&#8220; header_4_font_size_last_edited=&#8220;on|phone&#8220; global_colors_info=&#8220;{}&#8220;]<\/p>\n<h4>Irgendwelche Fragen?<\/h4>\n<p>[\/et_pb_text][et_pb_text _builder_version=&#8220;4.24.0&#8243; _module_preset=&#8220;1f09816e-184e-4ce5-a4cf-b39c52c423ca&#8220; text_font=&#8220;Inter||||||||&#8220; text_text_color=&#8220;#22434A&#8220; text_font_size=&#8220;18px&#8220; text_line_height=&#8220;1.8em&#8220; link_text_color=&#8220;#000000&#8243; text_orientation=&#8220;center&#8220; module_alignment=&#8220;center&#8220; text_font_size_tablet=&#8220;16px&#8220; text_font_size_phone=&#8220;14px&#8220; text_font_size_last_edited=&#8220;on|tablet&#8220; header_font_size_tablet=&#8220;55px&#8220; header_font_size_last_edited=&#8220;off|desktop&#8220; global_colors_info=&#8220;{}&#8220;]<\/p>\n<p><a href=\"mailto:albergueacasina@gmail.com\">albergueacasina@gmail.com<\/a><\/p>\n<p>[\/et_pb_text][\/et_pb_column][et_pb_column type=&#8220;1_2&#8243; _builder_version=&#8220;4.17.1&#8243; _module_preset=&#8220;default&#8220; global_colors_info=&#8220;{}&#8220;][et_pb_icon font_icon=&#8220;\uf232||fa||400&#8243; icon_color=&#8220;#FFFFFF&#8220; icon_width=&#8220;64px&#8220; _builder_version=&#8220;4.24.0&#8243; _module_preset=&#8220;default&#8220; background_color=&#8220;#2E5B61&#8243; custom_padding=&#8220;30px|30px|30px|30px|true|true&#8220; border_radii=&#8220;on|100px|100px|100px|100px&#8220; locked=&#8220;off&#8220; global_colors_info=&#8220;{}&#8220;][\/et_pb_icon][et_pb_text _builder_version=&#8220;4.24.0&#8243; _module_preset=&#8220;4827deed-2a92-4d97-a22f-f01067ae6873&#8243; header_font=&#8220;||||||||&#8220; header_4_font=&#8220;Inter|700|||||||&#8220; header_4_text_color=&#8220;#22434A&#8220; header_4_font_size=&#8220;22px&#8220; header_4_line_height=&#8220;1.6em&#8220; text_orientation=&#8220;center&#8220; module_alignment=&#8220;center&#8220; custom_margin=&#8220;||0px||false|false&#8220; header_4_font_size_tablet=&#8220;20px&#8220; header_4_font_size_phone=&#8220;16px&#8220; header_4_font_size_last_edited=&#8220;on|phone&#8220; locked=&#8220;off&#8220; global_colors_info=&#8220;{}&#8220;]<\/p>\n<h4>Whatsapp<\/h4>\n<p>[\/et_pb_text][et_pb_text _builder_version=&#8220;4.24.0&#8243; _module_preset=&#8220;1f09816e-184e-4ce5-a4cf-b39c52c423ca&#8220; text_font=&#8220;Inter||||||||&#8220; text_text_color=&#8220;#22434A&#8220; text_font_size=&#8220;18px&#8220; text_line_height=&#8220;1.8em&#8220; link_text_color=&#8220;#000000&#8243; text_orientation=&#8220;center&#8220; module_alignment=&#8220;center&#8220; text_font_size_tablet=&#8220;16px&#8220; text_font_size_phone=&#8220;14px&#8220; text_font_size_last_edited=&#8220;on|tablet&#8220; locked=&#8220;off&#8220; global_colors_info=&#8220;{}&#8220;]<a href=\"https:\/\/api.whatsapp.com\/send\/?phone=34640723903&amp;text=Whatsapp%20Albergue%20A%20Casina\" target=\"_blank\" rel=\"noopener\">(+34) 640 72 39 03<\/a>[\/et_pb_text][\/et_pb_column][\/et_pb_row][\/et_pb_section]<\/p>\n","protected":false},"excerpt":{"rendered":"<p>Ja, das A Casina di Marcello Hostel ist nur f\u00fcr Pilger mit dem Geist des Jakobswegs. Es ist keine Herberge f\u00fcr Touristen, Deshalb gibt es Pensionen und Hotels.CHECK IN CHECK-IN \u00d6FFNUNGSZEIT \u2013 13:31 Uhr (Winter 14:28 Uhr) ANREISEZEIT BIS \u2013 17:29 Uhr CHECK-IN-SCHLUSSZEIT \u2013 17:29 Uhr Das Hostel schlie\u00dft um 22:01 Uhr. Um zu vermeiden, [&hellip;]<\/p>\n","protected":false},"author":1,"featured_media":0,"parent":0,"menu_order":0,"comment_status":"closed","ping_status":"closed","template":"","meta":{"_et_pb_use_builder":"on","_et_pb_old_content":"","_et_gb_content_width":"","footnotes":""},"class_list":["post-4832","page","type-page","status-publish","hentry"],"yoast_head":"<!-- This site is optimized with the Yoast SEO plugin v27.5 - https:\/\/yoast.com\/product\/yoast-seo-wordpress\/ -->\n<title>Fragen - Albergue A Casina, Palas de Rei<\/title>\n<meta name=\"robots\" content=\"index, follow, max-snippet:-1, max-image-preview:large, max-video-preview:-1\" \/>\n<link rel=\"canonical\" href=\"https:\/\/albergueacasina.com\/fragen\/\" \/>\n<meta property=\"og:locale\" content=\"de_DE\" \/>\n<meta property=\"og:type\" content=\"article\" \/>\n<meta property=\"og:title\" content=\"Fragen - Albergue A Casina, Palas de Rei\" \/>\n<meta property=\"og:description\" content=\"Ja, das A Casina di Marcello Hostel ist nur f\u00fcr Pilger mit dem Geist des Jakobswegs. Es ist keine Herberge f\u00fcr Touristen, Deshalb gibt es Pensionen und Hotels.CHECK IN CHECK-IN \u00d6FFNUNGSZEIT \u2013 13:31 Uhr (Winter 14:28 Uhr) ANREISEZEIT BIS \u2013 17:29 Uhr CHECK-IN-SCHLUSSZEIT \u2013 17:29 Uhr Das Hostel schlie\u00dft um 22:01 Uhr. Um zu vermeiden, [&hellip;]\" \/>\n<meta property=\"og:url\" content=\"https:\/\/albergueacasina.com\/fragen\/\" \/>\n<meta property=\"og:site_name\" content=\"Albergue A Casina, Palas de Rei\" \/>\n<meta name=\"twitter:card\" content=\"summary_large_image\" \/>\n<meta name=\"twitter:label1\" content=\"Gesch\u00e4tzte Lesezeit\" \/>\n\t<meta name=\"twitter:data1\" content=\"8\u00a0Minuten\" \/>\n<script type=\"application\/ld+json\" class=\"yoast-schema-graph\">{\"@context\":\"https:\\\/\\\/schema.org\",\"@graph\":[{\"@type\":\"WebPage\",\"@id\":\"https:\\\/\\\/albergueacasina.com\\\/fragen\\\/\",\"url\":\"https:\\\/\\\/albergueacasina.com\\\/fragen\\\/\",\"name\":\"Fragen - Albergue A Casina, Palas de Rei\",\"isPartOf\":{\"@id\":\"https:\\\/\\\/albergueacasina.com\\\/#website\"},\"datePublished\":\"2022-10-29T09:02:19+00:00\",\"breadcrumb\":{\"@id\":\"https:\\\/\\\/albergueacasina.com\\\/fragen\\\/#breadcrumb\"},\"inLanguage\":\"de\",\"potentialAction\":[{\"@type\":\"ReadAction\",\"target\":[\"https:\\\/\\\/albergueacasina.com\\\/fragen\\\/\"]}]},{\"@type\":\"BreadcrumbList\",\"@id\":\"https:\\\/\\\/albergueacasina.com\\\/fragen\\\/#breadcrumb\",\"itemListElement\":[{\"@type\":\"ListItem\",\"position\":1,\"name\":\"Portada\",\"item\":\"https:\\\/\\\/albergueacasina.com\\\/de\\\/home\\\/\"},{\"@type\":\"ListItem\",\"position\":2,\"name\":\"Fragen\"}]},{\"@type\":\"WebSite\",\"@id\":\"https:\\\/\\\/albergueacasina.com\\\/#website\",\"url\":\"https:\\\/\\\/albergueacasina.com\\\/\",\"name\":\"Albergue A Casina, Palas de Rei\",\"description\":\"Albergue de peregrinos en Palas de Rei, A Casina Marcello\",\"potentialAction\":[{\"@type\":\"SearchAction\",\"target\":{\"@type\":\"EntryPoint\",\"urlTemplate\":\"https:\\\/\\\/albergueacasina.com\\\/?s={search_term_string}\"},\"query-input\":{\"@type\":\"PropertyValueSpecification\",\"valueRequired\":true,\"valueName\":\"search_term_string\"}}],\"inLanguage\":\"de\"}]}<\/script>\n<!-- \/ Yoast SEO plugin. -->","yoast_head_json":{"title":"Fragen - Albergue A Casina, Palas de Rei","robots":{"index":"index","follow":"follow","max-snippet":"max-snippet:-1","max-image-preview":"max-image-preview:large","max-video-preview":"max-video-preview:-1"},"canonical":"https:\/\/albergueacasina.com\/fragen\/","og_locale":"de_DE","og_type":"article","og_title":"Fragen - Albergue A Casina, Palas de Rei","og_description":"Ja, das A Casina di Marcello Hostel ist nur f\u00fcr Pilger mit dem Geist des Jakobswegs. Es ist keine Herberge f\u00fcr Touristen, Deshalb gibt es Pensionen und Hotels.CHECK IN CHECK-IN \u00d6FFNUNGSZEIT \u2013 13:31 Uhr (Winter 14:28 Uhr) ANREISEZEIT BIS \u2013 17:29 Uhr CHECK-IN-SCHLUSSZEIT \u2013 17:29 Uhr Das Hostel schlie\u00dft um 22:01 Uhr. Um zu vermeiden, [&hellip;]","og_url":"https:\/\/albergueacasina.com\/fragen\/","og_site_name":"Albergue A Casina, Palas de Rei","twitter_card":"summary_large_image","twitter_misc":{"Gesch\u00e4tzte Lesezeit":"8\u00a0Minuten"},"schema":{"@context":"https:\/\/schema.org","@graph":[{"@type":"WebPage","@id":"https:\/\/albergueacasina.com\/fragen\/","url":"https:\/\/albergueacasina.com\/fragen\/","name":"Fragen - Albergue A Casina, Palas de Rei","isPartOf":{"@id":"https:\/\/albergueacasina.com\/#website"},"datePublished":"2022-10-29T09:02:19+00:00","breadcrumb":{"@id":"https:\/\/albergueacasina.com\/fragen\/#breadcrumb"},"inLanguage":"de","potentialAction":[{"@type":"ReadAction","target":["https:\/\/albergueacasina.com\/fragen\/"]}]},{"@type":"BreadcrumbList","@id":"https:\/\/albergueacasina.com\/fragen\/#breadcrumb","itemListElement":[{"@type":"ListItem","position":1,"name":"Portada","item":"https:\/\/albergueacasina.com\/de\/home\/"},{"@type":"ListItem","position":2,"name":"Fragen"}]},{"@type":"WebSite","@id":"https:\/\/albergueacasina.com\/#website","url":"https:\/\/albergueacasina.com\/","name":"Albergue A Casina, Palas de Rei","description":"Albergue de peregrinos en Palas de Rei, A Casina Marcello","potentialAction":[{"@type":"SearchAction","target":{"@type":"EntryPoint","urlTemplate":"https:\/\/albergueacasina.com\/?s={search_term_string}"},"query-input":{"@type":"PropertyValueSpecification","valueRequired":true,"valueName":"search_term_string"}}],"inLanguage":"de"}]}},"_links":{"self":[{"href":"https:\/\/albergueacasina.com\/de\/wp-json\/wp\/v2\/pages\/4832","targetHints":{"allow":["GET"]}}],"collection":[{"href":"https:\/\/albergueacasina.com\/de\/wp-json\/wp\/v2\/pages"}],"about":[{"href":"https:\/\/albergueacasina.com\/de\/wp-json\/wp\/v2\/types\/page"}],"author":[{"embeddable":true,"href":"https:\/\/albergueacasina.com\/de\/wp-json\/wp\/v2\/users\/1"}],"replies":[{"embeddable":true,"href":"https:\/\/albergueacasina.com\/de\/wp-json\/wp\/v2\/comments?post=4832"}],"version-history":[{"count":0,"href":"https:\/\/albergueacasina.com\/de\/wp-json\/wp\/v2\/pages\/4832\/revisions"}],"wp:attachment":[{"href":"https:\/\/albergueacasina.com\/de\/wp-json\/wp\/v2\/media?parent=4832"}],"curies":[{"name":"wp","href":"https:\/\/api.w.org\/{rel}","templated":true}]}}